{"id":15162,"date":"2021-07-21T22:53:20","date_gmt":"2021-07-21T22:53:20","guid":{"rendered":"https:\/\/fhperry.com\/teste-do-livro\/"},"modified":"2023-05-09T18:04:50","modified_gmt":"2023-05-09T18:04:50","slug":"teste-do-livro","status":"publish","type":"page","link":"https:\/\/fhperry.com\/pt-br\/teste-do-livro\/","title":{"rendered":"Liderando com o CORA\u00c7\u00c3O"},"content":{"rendered":"[vc_row type=&#8221;full_width_background&#8221; full_screen_row_position=&#8221;middle&#8221; column_margin=&#8221;default&#8221; column_direction=&#8221;default&#8221; column_direction_tablet=&#8221;default&#8221; column_direction_phone=&#8221;default&#8221; bg_color=&#8221;#ffffff&#8221; bg_image=&#8221;6642&#8243; bg_position=&#8221;right top&#8221; background_image_loading=&#8221;default&#8221; bg_repeat=&#8221;no-repeat&#8221; scene_position=&#8221;center&#8221; top_padding=&#8221;60&#8243; bottom_padding=&#8221;20&#8243; text_color=&#8221;dark&#8221; text_align=&#8221;left&#8221; row_border_radius=&#8221;none&#8221; row_border_radius_applies=&#8221;bg&#8221; overflow=&#8221;visible&#8221; class=&#8221;f-bg&#8221; overlay_strength=&#8221;0.3&#8243; gradient_direction=&#8221;left_to_right&#8221; shape_divider_position=&#8221;bottom&#8221; bg_image_animation=&#8221;none&#8221; shape_type=&#8221;&#8221; gradient_type=&#8221;default&#8221;][vc_column column_padding=&#8221;no-extra-padding&#8221; column_padding_tablet=&#8221;inherit&#8221; column_padding_phone=&#8221;inherit&#8221; column_padding_position=&#8221;all&#8221; column_element_direction_desktop=&#8221;default&#8221; column_element_spacing=&#8221;default&#8221; centered_text=&#8221;true&#8221; desktop_text_alignment=&#8221;default&#8221; tablet_text_alignment=&#8221;default&#8221; phone_text_alignment=&#8221;default&#8221; background_color_opacity=&#8221;1&#8243; background_hover_color_opacity=&#8221;1&#8243; column_backdrop_filter=&#8221;none&#8221; column_shadow=&#8221;none&#8221; column_border_radius=&#8221;none&#8221; column_link_target=&#8221;_self&#8221; column_position=&#8221;default&#8221; gradient_direction=&#8221;left_to_right&#8221; overlay_strength=&#8221;0.3&#8243; width=&#8221;1\/1&#8243; tablet_width_inherit=&#8221;default&#8221; animation_type=&#8221;default&#8221; bg_image_animation=&#8221;none&#8221; border_type=&#8221;simple&#8221; column_border_width=&#8221;none&#8221; column_border_style=&#8221;solid&#8221; column_padding_type=&#8221;default&#8221; gradient_type=&#8221;default&#8221;][vc_row_inner content_placement=&#8221;middle&#8221; column_margin=&#8221;none&#8221; column_direction=&#8221;default&#8221; column_direction_tablet=&#8221;default&#8221; column_direction_phone=&#8221;default&#8221; bottom_padding=&#8221;15&#8243; text_align=&#8221;left&#8221; row_position=&#8221;default&#8221; row_position_tablet=&#8221;inherit&#8221; row_position_phone=&#8221;inherit&#8221; overflow=&#8221;visible&#8221; pointer_events=&#8221;all&#8221;][vc_column_inner column_padding=&#8221;no-extra-padding&#8221; column_padding_tablet=&#8221;inherit&#8221; column_padding_phone=&#8221;inherit&#8221; column_padding_position=&#8221;bottom&#8221; column_element_direction_desktop=&#8221;default&#8221; column_element_spacing=&#8221;default&#8221; centered_text=&#8221;true&#8221; desktop_text_alignment=&#8221;center&#8221; tablet_text_alignment=&#8221;default&#8221; phone_text_alignment=&#8221;default&#8221; background_color_opacity=&#8221;1&#8243; background_hover_color_opacity=&#8221;1&#8243; column_backdrop_filter=&#8221;none&#8221; column_shadow=&#8221;none&#8221; column_border_radius=&#8221;none&#8221; column_link_target=&#8221;_self&#8221; overflow=&#8221;visible&#8221; gradient_direction=&#8221;left_to_right&#8221; overlay_strength=&#8221;0.3&#8243; width=&#8221;1\/3&#8243; tablet_width_inherit=&#8221;default&#8221; animation_type=&#8221;default&#8221; enable_animation=&#8221;true&#8221; animation=&#8221;fade-in-from-bottom&#8221; animation_easing=&#8221;default&#8221; bg_image_animation=&#8221;none&#8221; border_type=&#8221;simple&#8221; column_border_width=&#8221;none&#8221; column_border_style=&#8221;solid&#8221; delay=&#8221;200&#8243; column_padding_type=&#8221;default&#8221; gradient_type=&#8221;default&#8221;][vc_raw_html]PGRpdiBpZD0icHJvZHVjdC1jb21wb25lbnQtMTY3OTkyMTgzNDgzOSI+PC9kaXY+Cgo8c2NyaXB0IHR5cGU9InRleHQvamF2YXNjcmlwdCI+CgovKjwhW0NEQVRBWyovIChmdW5jdGlvbiAoKSB7IHZhciBzY3JpcHRVUkwgPSAnaHR0cHM6Ly9zZGtzLnNob3BpZnljZG4uY29tL2J1eS1idXR0b24vbGF0ZXN0L2J1eS1idXR0b24tc3RvcmVmcm9udC5taW4uanMnOyBpZiAod2luZG93LlNob3BpZnlCdXkpIHsgaWYgKHdpbmRvdy5TaG9waWZ5QnV5LlVJKSB7IFNob3BpZnlCdXlJbml0KCk7IH0gZWxzZSB7IGxvYWRTY3JpcHQoKTsgfSB9IGVsc2UgeyBsb2FkU2NyaXB0KCk7IH0gZnVuY3Rpb24gbG9hZFNjcmlwdCgpIHsgdmFyIHNjcmlwdCA9IGRvY3VtZW50LmNyZWF0ZUVsZW1lbnQoJ3NjcmlwdCcpOyBzY3JpcHQuYXN5bmMgPSB0cnVlOyBzY3JpcHQuc3JjID0gc2NyaXB0VVJMOyAoZG9jdW1lbnQuZ2V0RWxlbWVudHNCeVRhZ05hbWUoJ2hlYWQnKVswXSB8fCBkb2N1bWVudC5nZXRFbGVtZW50c0J5VGFnTmFtZSgnYm9keScpWzBdKS5hcHBlbmRDaGlsZChzY3JpcHQpOyBzY3JpcHQub25sb2FkID0gU2hvcGlmeUJ1eUluaXQ7IH0gZnVuY3Rpb24gU2hvcGlmeUJ1eUluaXQoKSB7IHZhciBjbGllbnQgPSBTaG9waWZ5QnV5LmJ1aWxkQ2xpZW50KHsgZG9tYWluOiAnd2VzdGVsbXByZXNzLm15c2hvcGlmeS5jb20nLCBzdG9yZWZyb250QWNjZXNzVG9rZW46ICc3ZTIxZTczOGNkYmIyYWU1NjEzNDRkMjNkNGQ2M2FjZicsIH0pOyBTaG9waWZ5QnV5LlVJLm9uUmVhZHkoY2xpZW50KS50aGVuKGZ1bmN0aW9uICh1aSkgeyB1aS5jcmVhdGVDb21wb25lbnQoJ3Byb2R1Y3QnLCB7IGlkOiAnODIxMTczNjE2NjcyMCcsIG5vZGU6IGRvY3VtZW50LmdldEVsZW1lbnRCeUlkKCdwcm9kdWN0LWNvbXBvbmVudC0xNjc5OTIxODM0ODM5JyksIG1vbmV5Rm9ybWF0OiAnJTI0JTdCJTdCYW1vdW50JTdEJTdEJywgb3B0aW9uczogeyAicHJvZHVjdCI6IHsgInN0eWxlcyI6IHsgInByb2R1Y3QiOiB7ICJAbWVkaWEgKG1pbi13aWR0aDogNjAxcHgpIjogeyAibWF4LXdpZHRoIjogImNhbGMoMjUlIC0gMjBweCkiLCAibWFyZ2luLWxlZnQiOiAiMjBweCIsICJtYXJnaW4tYm90dG9tIjogIjUwcHgiIH0gfSwgImJ1dHRvbiI6IHsgImZvbnQtZmFtaWx5IjogIkF2YW50IEdhcmRlLCBzYW5zLXNlcmlmIiwgIjpob3ZlciI6IHsgImJhY2tncm91bmQtY29sb3IiOiAiIzRlNzJhNCIgfSwgImJhY2tncm91bmQtY29sb3IiOiAiIzU3N2ZiNiIsICI6Zm9jdXMiOiB7ICJiYWNrZ3JvdW5kLWNvbG9yIjogIiM0ZTcyYTQiIH0gfSB9LCAidGV4dCI6IHsgImJ1dHRvbiI6ICJBZGQgdG8gY2FydCIgfSB9LCAicHJvZHVjdFNldCI6IHsgInN0eWxlcyI6IHsgInByb2R1Y3RzIjogeyAiQG1lZGlhIChtaW4td2lkdGg6IDYwMXB4KSI6IHsgIm1hcmdpbi1sZWZ0IjogIi0yMHB4IiB9IH0gfSB9LCAibW9kYWxQcm9kdWN0IjogeyAiY29udGVudHMiOiB7ICJpbWciOiBmYWxzZSwgImltZ1dpdGhDYXJvdXNlbCI6IHRydWUsICJidXR0b24iOiBmYWxzZSwgImJ1dHRvbldpdGhRdWFudGl0eSI6IHRydWUgfSwgInN0eWxlcyI6IHsgInByb2R1Y3QiOiB7ICJAbWVkaWEgKG1pbi13aWR0aDogNjAxcHgpIjogeyAibWF4LXdpZHRoIjogIjEwMCUiLCAibWFyZ2luLWxlZnQiOiAiMHB4IiwgIm1hcmdpbi1ib3R0b20iOiAiMHB4IiB9IH0sICJidXR0b24iOiB7ICJmb250LWZhbWlseSI6ICJBdmFudCBHYXJkZSwgc2Fucy1zZXJpZiIsICI6aG92ZXIiOiB7ICJiYWNrZ3JvdW5kLWNvbG9yIjogIiM0ZTcyYTQiIH0sICJiYWNrZ3JvdW5kLWNvbG9yIjogIiM1NzdmYjYiLCAiOmZvY3VzIjogeyAiYmFja2dyb3VuZC1jb2xvciI6ICIjNGU3MmE0IiB9IH0gfSwgInRleHQiOiB7ICJidXR0b24iOiAiQWRkIHRvIGNhcnQiIH0gfSwgIm9wdGlvbiI6IHt9LCAiY2FydCI6IHsgInN0eWxlcyI6IHsgImJ1dHRvbiI6IHsgImZvbnQtZmFtaWx5IjogIkF2YW50IEdhcmRlLCBzYW5zLXNlcmlmIiwgIjpob3ZlciI6IHsgImJhY2tncm91bmQtY29sb3IiOiAiIzRlNzJhNCIgfSwgImJhY2tncm91bmQtY29sb3IiOiAiIzU3N2ZiNiIsICI6Zm9jdXMiOiB7ICJiYWNrZ3JvdW5kLWNvbG9yIjogIiM0ZTcyYTQiIH0gfSB9LCAidGV4dCI6IHsgInRvdGFsIjogIlN1YnRvdGFsIiwgImJ1dHRvbiI6ICJDaGVja291dCIgfSB9LCAidG9nZ2xlIjogeyAic3R5bGVzIjogeyAidG9nZ2xlIjogeyAiZm9udC1mYW1pbHkiOiAiQXZhbnQgR2FyZGUsIHNhbnMtc2VyaWYiLCAiYmFja2dyb3VuZC1jb2xvciI6ICIjNTc3ZmI2IiwgIjpob3ZlciI6IHsgImJhY2tncm91bmQtY29sb3IiOiAiIzRlNzJhNCIgfSwgIjpmb2N1cyI6IHsgImJhY2tncm91bmQtY29sb3IiOiAiIzRlNzJhNCIgfSB9IH0gfSB9LCB9KTsgfSk7IH0gfSkoKTsgLypdXT4qLwoKPC9zY3JpcHQ+[\/vc_raw_html][\/vc_column_inner][vc_column_inner column_padding=&#8221;no-extra-padding&#8221; column_padding_tablet=&#8221;inherit&#8221; column_padding_phone=&#8221;inherit&#8221; column_padding_position=&#8221;all&#8221; column_element_direction_desktop=&#8221;default&#8221; column_element_spacing=&#8221;default&#8221; desktop_text_alignment=&#8221;left&#8221; tablet_text_alignment=&#8221;default&#8221; phone_text_alignment=&#8221;default&#8221; background_color_opacity=&#8221;1&#8243; background_hover_color_opacity=&#8221;1&#8243; column_backdrop_filter=&#8221;none&#8221; column_shadow=&#8221;none&#8221; column_border_radius=&#8221;none&#8221; column_link_target=&#8221;_self&#8221; overflow=&#8221;visible&#8221; gradient_direction=&#8221;left_to_right&#8221; overlay_strength=&#8221;0.3&#8243; width=&#8221;2\/3&#8243; tablet_width_inherit=&#8221;default&#8221; animation_type=&#8221;default&#8221; bg_image_animation=&#8221;none&#8221; border_type=&#8221;simple&#8221; column_border_width=&#8221;none&#8221; column_border_style=&#8221;solid&#8221; column_padding_type=&#8221;default&#8221; gradient_type=&#8221;default&#8221;][vc_column_text]O que come\u00e7ou como um exerc\u00edcio de marketing em 2014 tornou-se uma cole\u00e7\u00e3o de ensaios que oferecem uma reflex\u00e3o sobre um modelo de lideran\u00e7a e relacionamento com o cliente que se concentra em uma profunda conex\u00e3o com a capacidade e a capacidade humanas. Espirituosos, comoventes, s\u00e1bios, os ensaios de Allison oferecem uma vis\u00e3o sobre como administrar um neg\u00f3cio, uma equipe ou um projeto com calor e experi\u00eancia.<\/p>\n<p>Este livro \u00e9 um recurso incr\u00edvel para clientes que embarcam com o FH Perry Builder em uma grande remodela\u00e7\u00e3o, l\u00edderes que buscam insights novos e convincentes para trabalhar com funcion\u00e1rios e equipes, ou qualquer pessoa, realmente, buscando uma vis\u00e3o refrescante sobre as intera\u00e7\u00f5es humanas.<\/p>\n<p>Este livro ir\u00e1 inspir\u00e1-lo em qualquer medida que voc\u00ea esteja disposto a faz\u00ea-lo. Voc\u00ea ser\u00e1 movido pelas conex\u00f5es da vida cotidiana com ideais de neg\u00f3cios otimistas, atenciosos e centrados no cora\u00e7\u00e3o.<\/p>\n<h2>Elogio por liderar com CORA\u00c7\u00c3O&#8230;<\/h2>\n<p>&nbsp;<\/p>\n<blockquote style=\"font-size: 18px; font-style: italic; line-height: 26px;\"><p>A sabedoria, a experi\u00eancia em neg\u00f3cios, a habilidade de escrita e o calor humano de Allison Iantosca a tornam um recurso incr\u00edvel para pessoas que procuram insights sobre&#8230; po\u00e7o&#8230; qualquer coisa. Suas percep\u00e7\u00f5es s\u00e3o frescas e convincentes. Sua entrega \u00e9 humilde e aut\u00eantica. Suas ideias t\u00eam ampla aplica\u00e7\u00e3o. Leia este livro.<\/p>\n<p><strong>Erika Mosse, Diretora de Conte\u00fado, Remodeladora Profissional<\/strong><\/p><\/blockquote>\n<p>&nbsp;<\/p>\n<blockquote style=\"font-size: 18px; font-style: italic; line-height: 26px; margin-left: 0;\"><p>A magia da escrita de Allison \u00e9 que sua mensagem sempre toca em algum aspecto da vida de algu\u00e9m \u2013 seja empresarial ou pessoal, ou ambos. Uma coisa que sei com certeza \u00e9 que o tempo gasto lendo o que Allison escreve \u00e9 tempo bem gasto. Este livro ir\u00e1 inspir\u00e1-lo em qualquer medida que voc\u00ea esteja disposto a faz\u00ea-lo. Fique tranquilo, voc\u00ea ser\u00e1 uma pessoa melhor por causa disso.<\/p>\n<p><strong>Rich Carlson, Presidente, Carlson Communications<\/strong><\/p><\/blockquote>\n<p>&nbsp;<\/p>\n<blockquote style=\"font-size: 18px; font-style: italic; line-height: 26px;\"><p>Alguns empres\u00e1rios da reforma s\u00e3o magistrais no &#8220;como&#8221;, mas muito poucos no &#8220;porqu\u00ea&#8221;. Allison traz cor para um mundo de remodela\u00e7\u00e3o muito preto e branco. N\u00e3o apenas prescritiva, mas po\u00e9tica, ler sua prosa n\u00e3o s\u00f3 far\u00e1 voc\u00ea pensar, mas aquecer\u00e1 seu cora\u00e7\u00e3o.<\/p>\n<p><strong>Mark Richardson, Autor| Palestrante| Assessor da Ind\u00fastria de Remodela\u00e7\u00e3o<\/strong><\/p><\/blockquote>\n<p>&nbsp;<\/p>\n<blockquote style=\"font-size: 18px; font-style: italic; line-height: 26px;\"><p>Os ensaios de Allison Iantosca oferecem um modelo de lideran\u00e7a que n\u00e3o reflete uma troca de &#8220;valores versus lucros&#8221;. Ela sabe que \u00e9 uma escolha artificial e que realmente compromete ambos. Em vez disso, as pequenas joias que Allison cria nos lembram que liderar \u00e9 uma atividade hol\u00edstica, que requer todo o nosso eu. Ser inteligente \u00e9 bom. Liderar tamb\u00e9m com o cora\u00e7\u00e3o, nos neg\u00f3cios e na vida, gera menos decis\u00f5es dif\u00edceis, clientes mais satisfeitos e, at\u00e9 mesmo, maiores lucros.<\/p>\n<p><strong>Pamela D.A. Reeve<\/strong>, <strong>Presidente, The Women&#8217;s Edge<\/strong><\/p><\/blockquote>\n<p>&nbsp;<\/p>\n<blockquote style=\"font-size: 18px; font-style: italic; line-height: 26px;\"><p>Allison tem uma paix\u00e3o por tornar as coisas melhores &#8211; para sua empresa e funcion\u00e1rios, sua fam\u00edlia, sua lideran\u00e7a e para o mundo. Voc\u00ea ficar\u00e1 comovido com a forma como ela conecta a vida cotidiana com ideais de neg\u00f3cios otimistas, inspiradores e centrados no cora\u00e7\u00e3o.<\/p>\n<p><strong>Gerry Gaetz, Conselheiro, Diretor do Conselho, ex-CEO<\/strong><\/p><\/blockquote>\n[\/vc_column_text][\/vc_column_inner][\/vc_row_inner][\/vc_column][\/vc_row][vc_row type=&#8221;in_container&#8221; full_screen_row_position=&#8221;middle&#8221; column_margin=&#8221;default&#8221; column_direction=&#8221;default&#8221; column_direction_tablet=&#8221;default&#8221; column_direction_phone=&#8221;default&#8221; bg_color=&#8221;#ffffff&#8221; bg_image=&#8221;6642&#8243; bg_position=&#8221;left top&#8221; background_image_loading=&#8221;default&#8221; bg_repeat=&#8221;no-repeat&#8221; scene_position=&#8221;center&#8221; top_padding=&#8221;15&#8243; bottom_padding=&#8221;30&#8243; text_color=&#8221;dark&#8221; text_align=&#8221;left&#8221; row_border_radius=&#8221;none&#8221; row_border_radius_applies=&#8221;bg&#8221; overflow=&#8221;visible&#8221; class=&#8221;f-bg&#8221; overlay_strength=&#8221;0.3&#8243; gradient_direction=&#8221;left_to_right&#8221; shape_divider_position=&#8221;bottom&#8221; bg_image_animation=&#8221;none&#8221; shape_type=&#8221;&#8221;][vc_column column_padding=&#8221;no-extra-padding&#8221; column_padding_tablet=&#8221;inherit&#8221; column_padding_phone=&#8221;inherit&#8221; column_padding_position=&#8221;all&#8221; column_element_direction_desktop=&#8221;default&#8221; column_element_spacing=&#8221;default&#8221; centered_text=&#8221;true&#8221; desktop_text_alignment=&#8221;default&#8221; tablet_text_alignment=&#8221;default&#8221; phone_text_alignment=&#8221;default&#8221; background_color_opacity=&#8221;1&#8243; background_hover_color_opacity=&#8221;1&#8243; column_backdrop_filter=&#8221;none&#8221; column_shadow=&#8221;none&#8221; column_border_radius=&#8221;none&#8221; column_link_target=&#8221;_self&#8221; column_position=&#8221;default&#8221; gradient_direction=&#8221;left_to_right&#8221; overlay_strength=&#8221;0.3&#8243; width=&#8221;1\/1&#8243; tablet_width_inherit=&#8221;default&#8221; animation_type=&#8221;default&#8221; bg_image_animation=&#8221;none&#8221; border_type=&#8221;simple&#8221; column_border_width=&#8221;none&#8221; column_border_style=&#8221;solid&#8221;][image_with_animation image_url=&#8221;6213&#8243; image_size=&#8221;full&#8221; animation_type=&#8221;entrance&#8221; animation=&#8221;Fade In&#8221; animation_easing=&#8221;default&#8221; animation_movement_type=&#8221;transform_y&#8221; hover_animation=&#8221;none&#8221; alignment=&#8221;center&#8221; border_radius=&#8221;none&#8221; box_shadow=&#8221;none&#8221; image_loading=&#8221;default&#8221; max_width=&#8221;50%&#8221; max_width_mobile=&#8221;default&#8221; el_class=&#8221;arrow-down&#8221; margin_top=&#8221;0px&#8221; margin_bottom=&#8221;20px&#8221;][nectar_btn size=&#8221;large&#8221; button_style=&#8221;see-through&#8221; button_color_2=&#8221;Accent-Color&#8221; icon_family=&#8221;&#8221; url=&#8221;https:\/\/fhperry.com\/portfolio\/&#8221; text=&#8221;Ver nosso trabalho&#8221;][\/vc_column][\/vc_row][vc_row type=&#8221;full_width_content&#8221; full_screen_row_position=&#8221;middle&#8221; column_margin=&#8221;default&#8221; column_direction=&#8221;default&#8221; column_direction_tablet=&#8221;default&#8221; column_direction_phone=&#8221;default&#8221; bg_color=&#8221;#494949&#8243; scene_position=&#8221;center&#8221; top_padding=&#8221;60&#8243; bottom_padding=&#8221;60&#8243; text_color=&#8221;light&#8221; text_align=&#8221;left&#8221; row_border_radius=&#8221;none&#8221; row_border_radius_applies=&#8221;bg&#8221; overflow=&#8221;visible&#8221; enable_gradient=&#8221;true&#8221; color_overlay=&#8221;#727272&#8243; color_overlay_2=&#8221;#515151&#8243; overlay_strength=&#8221;1&#8243; gradient_direction=&#8221;top_to_bottom&#8221; shape_divider_position=&#8221;bottom&#8221; bg_image_animation=&#8221;none&#8221; shape_type=&#8221;&#8221;][vc_column column_padding=&#8221;no-extra-padding&#8221; column_padding_tablet=&#8221;inherit&#8221; column_padding_phone=&#8221;inherit&#8221; column_padding_position=&#8221;top-bottom&#8221; column_element_direction_desktop=&#8221;default&#8221; column_element_spacing=&#8221;default&#8221; centered_text=&#8221;true&#8221; desktop_text_alignment=&#8221;default&#8221; tablet_text_alignment=&#8221;default&#8221; phone_text_alignment=&#8221;default&#8221; background_color_opacity=&#8221;1&#8243; background_hover_color_opacity=&#8221;1&#8243; column_backdrop_filter=&#8221;none&#8221; column_shadow=&#8221;none&#8221; column_border_radius=&#8221;none&#8221; column_link_target=&#8221;_self&#8221; column_position=&#8221;default&#8221; gradient_direction=&#8221;left_to_right&#8221; overlay_strength=&#8221;0.3&#8243; width=&#8221;1\/1&#8243; tablet_width_inherit=&#8221;default&#8221; animation_type=&#8221;default&#8221; bg_image_animation=&#8221;none&#8221; border_type=&#8221;simple&#8221; column_border_width=&#8221;none&#8221; column_border_style=&#8221;solid&#8221;][vc_column_text css=&#8221;.vc_custom_1571764668601{border-top-width: 0px !important;border-top-color: rgba(255,255,255,0.11) !important;border-top-style: solid !important;}&#8221;]\n<h2>Como podemos ajud\u00e1-lo a realizar sua vis\u00e3o?<\/h2>\n[\/vc_column_text][vc_column_text css=&#8221;.vc_custom_1571773737849{padding-top: 20px !important;}&#8221;]<a class=\"nectar-button n-sc-button large see-through-2\"  href=\"https:\/\/fhperry.com\/contact-us\/\" data-color-override=\"false\" data-hover-color-override=\"false\" data-hover-text-color-override=\"#fff\"><span>Entre em contato conosco<\/span><\/a>[\/vc_column_text][\/vc_column][\/vc_row]\n","protected":false},"excerpt":{"rendered":"<p>[vc_row type=&#8221;full_width_background&#8221; full_screen_row_position=&#8221;middle&#8221; column_margin=&#8221;default&#8221; column_direction=&#8221;default&#8221; column_direction_tablet=&#8221;default&#8221; column_direction_phone=&#8221;default&#8221; bg_color=&#8221;#ffffff&#8221; bg_image=&#8221;6642&#8243; bg_position=&#8221;right top&#8221; background_image_loading=&#8221;default&#8221; bg_repeat=&#8221;no-repeat&#8221; scene_position=&#8221;center&#8221; top_padding=&#8221;60&#8243; bottom_padding=&#8221;20&#8243; text_color=&#8221;dark&#8221; text_align=&#8221;left&#8221; row_border_radius=&#8221;none&#8221; row_border_radius_applies=&#8221;bg&#8221; overflow=&#8221;visible&#8221; class=&#8221;f-bg&#8221; overlay_strength=&#8221;0.3&#8243; gradient_direction=&#8221;left_to_right&#8221; shape_divider_position=&#8221;bottom&#8221; bg_image_animation=&#8221;none&#8221; shape_type=&#8221;&#8221; gradient_type=&#8221;default&#8221;][vc_column column_padding=&#8221;no-extra-padding&#8221; column_padding_tablet=&#8221;inherit&#8221;&#8230;<\/p>\n","protected":false},"author":25,"featured_media":0,"parent":0,"menu_order":0,"comment_status":"closed","ping_status":"closed","template":"","meta":{"footnotes":""},"class_list":["post-15162","page","type-page","status-publish"],"yoast_head":"<!-- This site is optimized with the Yoast SEO plugin v27.3 - https:\/\/yoast.com\/product\/yoast-seo-wordpress\/ -->\n<title>Liderando com o CORA\u00c7\u00c3O - F.H. Perry Construtor<\/title>\n<meta name=\"robots\" content=\"index, follow, max-snippet:-1, max-image-preview:large, max-video-preview:-1\" \/>\n<link rel=\"canonical\" href=\"https:\/\/fhperry.com\/pt-br\/teste-do-livro\/\" \/>\n<meta property=\"og:locale\" content=\"pt_BR\" \/>\n<meta property=\"og:type\" content=\"article\" \/>\n<meta property=\"og:title\" content=\"Liderando com o CORA\u00c7\u00c3O - F.H. Perry Construtor\" \/>\n<meta property=\"og:description\" content=\"[vc_row type=&#8221;full_width_background&#8221; full_screen_row_position=&#8221;middle&#8221; column_margin=&#8221;default&#8221; column_direction=&#8221;default&#8221; column_direction_tablet=&#8221;default&#8221; column_direction_phone=&#8221;default&#8221; bg_color=&#8221;#ffffff&#8221; bg_image=&#8221;6642&#8243; bg_position=&#8221;right top&#8221; background_image_loading=&#8221;default&#8221; bg_repeat=&#8221;no-repeat&#8221; scene_position=&#8221;center&#8221; top_padding=&#8221;60&#8243; bottom_padding=&#8221;20&#8243; text_color=&#8221;dark&#8221; text_align=&#8221;left&#8221; row_border_radius=&#8221;none&#8221; row_border_radius_applies=&#8221;bg&#8221; overflow=&#8221;visible&#8221; class=&#8221;f-bg&#8221; overlay_strength=&#8221;0.3&#8243; gradient_direction=&#8221;left_to_right&#8221; shape_divider_position=&#8221;bottom&#8221; bg_image_animation=&#8221;none&#8221; shape_type=&#8221;&#8221; gradient_type=&#8221;default&#8221;][vc_column column_padding=&#8221;no-extra-padding&#8221; column_padding_tablet=&#8221;inherit&#8221;...\" \/>\n<meta property=\"og:url\" content=\"https:\/\/fhperry.com\/pt-br\/teste-do-livro\/\" \/>\n<meta property=\"og:site_name\" content=\"F.H. Perry Construtor\" \/>\n<meta property=\"article:modified_time\" content=\"2023-05-09T18:04:50+00:00\" \/>\n<meta name=\"twitter:label1\" content=\"Est. tempo de leitura\" \/>\n\t<meta name=\"twitter:data1\" content=\"9 minutos\" \/>\n<script type=\"application\/ld+json\" class=\"yoast-schema-graph\">{\"@context\":\"https:\\\/\\\/schema.org\",\"@graph\":[{\"@type\":\"WebPage\",\"@id\":\"https:\\\/\\\/fhperry.com\\\/pt-br\\\/teste-do-livro\\\/\",\"url\":\"https:\\\/\\\/fhperry.com\\\/pt-br\\\/teste-do-livro\\\/\",\"name\":\"Liderando com o CORA\u00c7\u00c3O - F.H. Perry Construtor\",\"isPartOf\":{\"@id\":\"https:\\\/\\\/fhperry.com\\\/pt-br\\\/#website\"},\"datePublished\":\"2021-07-21T22:53:20+00:00\",\"dateModified\":\"2023-05-09T18:04:50+00:00\",\"breadcrumb\":{\"@id\":\"https:\\\/\\\/fhperry.com\\\/pt-br\\\/teste-do-livro\\\/#breadcrumb\"},\"inLanguage\":\"pt-BR\",\"potentialAction\":[{\"@type\":\"ReadAction\",\"target\":[\"https:\\\/\\\/fhperry.com\\\/pt-br\\\/teste-do-livro\\\/\"]}]},{\"@type\":\"BreadcrumbList\",\"@id\":\"https:\\\/\\\/fhperry.com\\\/pt-br\\\/teste-do-livro\\\/#breadcrumb\",\"itemListElement\":[{\"@type\":\"ListItem\",\"position\":1,\"name\":\"Casa\",\"item\":\"https:\\\/\\\/fhperry.com\\\/pt-br\\\/copia-inicial-2\\\/\"},{\"@type\":\"ListItem\",\"position\":2,\"name\":\"Liderando com o CORA\u00c7\u00c3O\"}]},{\"@type\":\"WebSite\",\"@id\":\"https:\\\/\\\/fhperry.com\\\/pt-br\\\/#website\",\"url\":\"https:\\\/\\\/fhperry.com\\\/pt-br\\\/\",\"name\":\"F.H. Perry Construtor\",\"description\":\"\",\"potentialAction\":[{\"@type\":\"SearchAction\",\"target\":{\"@type\":\"EntryPoint\",\"urlTemplate\":\"https:\\\/\\\/fhperry.com\\\/pt-br\\\/?s={search_term_string}\"},\"query-input\":{\"@type\":\"PropertyValueSpecification\",\"valueRequired\":true,\"valueName\":\"search_term_string\"}}],\"inLanguage\":\"pt-BR\"}]}<\/script>\n<!-- \/ Yoast SEO plugin. -->","yoast_head_json":{"title":"Liderando com o CORA\u00c7\u00c3O - F.H. Perry Construtor","robots":{"index":"index","follow":"follow","max-snippet":"max-snippet:-1","max-image-preview":"max-image-preview:large","max-video-preview":"max-video-preview:-1"},"canonical":"https:\/\/fhperry.com\/pt-br\/teste-do-livro\/","og_locale":"pt_BR","og_type":"article","og_title":"Liderando com o CORA\u00c7\u00c3O - F.H. Perry Construtor","og_description":"[vc_row type=&#8221;full_width_background&#8221; full_screen_row_position=&#8221;middle&#8221; column_margin=&#8221;default&#8221; column_direction=&#8221;default&#8221; column_direction_tablet=&#8221;default&#8221; column_direction_phone=&#8221;default&#8221; bg_color=&#8221;#ffffff&#8221; bg_image=&#8221;6642&#8243; bg_position=&#8221;right top&#8221; background_image_loading=&#8221;default&#8221; bg_repeat=&#8221;no-repeat&#8221; scene_position=&#8221;center&#8221; top_padding=&#8221;60&#8243; bottom_padding=&#8221;20&#8243; text_color=&#8221;dark&#8221; text_align=&#8221;left&#8221; row_border_radius=&#8221;none&#8221; row_border_radius_applies=&#8221;bg&#8221; overflow=&#8221;visible&#8221; class=&#8221;f-bg&#8221; overlay_strength=&#8221;0.3&#8243; gradient_direction=&#8221;left_to_right&#8221; shape_divider_position=&#8221;bottom&#8221; bg_image_animation=&#8221;none&#8221; shape_type=&#8221;&#8221; gradient_type=&#8221;default&#8221;][vc_column column_padding=&#8221;no-extra-padding&#8221; column_padding_tablet=&#8221;inherit&#8221;...","og_url":"https:\/\/fhperry.com\/pt-br\/teste-do-livro\/","og_site_name":"F.H. Perry Construtor","article_modified_time":"2023-05-09T18:04:50+00:00","twitter_misc":{"Est. tempo de leitura":"9 minutos"},"schema":{"@context":"https:\/\/schema.org","@graph":[{"@type":"WebPage","@id":"https:\/\/fhperry.com\/pt-br\/teste-do-livro\/","url":"https:\/\/fhperry.com\/pt-br\/teste-do-livro\/","name":"Liderando com o CORA\u00c7\u00c3O - F.H. Perry Construtor","isPartOf":{"@id":"https:\/\/fhperry.com\/pt-br\/#website"},"datePublished":"2021-07-21T22:53:20+00:00","dateModified":"2023-05-09T18:04:50+00:00","breadcrumb":{"@id":"https:\/\/fhperry.com\/pt-br\/teste-do-livro\/#breadcrumb"},"inLanguage":"pt-BR","potentialAction":[{"@type":"ReadAction","target":["https:\/\/fhperry.com\/pt-br\/teste-do-livro\/"]}]},{"@type":"BreadcrumbList","@id":"https:\/\/fhperry.com\/pt-br\/teste-do-livro\/#breadcrumb","itemListElement":[{"@type":"ListItem","position":1,"name":"Casa","item":"https:\/\/fhperry.com\/pt-br\/copia-inicial-2\/"},{"@type":"ListItem","position":2,"name":"Liderando com o CORA\u00c7\u00c3O"}]},{"@type":"WebSite","@id":"https:\/\/fhperry.com\/pt-br\/#website","url":"https:\/\/fhperry.com\/pt-br\/","name":"F.H. Perry Construtor","description":"","potentialAction":[{"@type":"SearchAction","target":{"@type":"EntryPoint","urlTemplate":"https:\/\/fhperry.com\/pt-br\/?s={search_term_string}"},"query-input":{"@type":"PropertyValueSpecification","valueRequired":true,"valueName":"search_term_string"}}],"inLanguage":"pt-BR"}]}},"_links":{"self":[{"href":"https:\/\/fhperry.com\/pt-br\/wp-json\/wp\/v2\/pages\/15162","targetHints":{"allow":["GET"]}}],"collection":[{"href":"https:\/\/fhperry.com\/pt-br\/wp-json\/wp\/v2\/pages"}],"about":[{"href":"https:\/\/fhperry.com\/pt-br\/wp-json\/wp\/v2\/types\/page"}],"author":[{"embeddable":true,"href":"https:\/\/fhperry.com\/pt-br\/wp-json\/wp\/v2\/users\/25"}],"replies":[{"embeddable":true,"href":"https:\/\/fhperry.com\/pt-br\/wp-json\/wp\/v2\/comments?post=15162"}],"version-history":[{"count":40,"href":"https:\/\/fhperry.com\/pt-br\/wp-json\/wp\/v2\/pages\/15162\/revisions"}],"predecessor-version":[{"id":15818,"href":"https:\/\/fhperry.com\/pt-br\/wp-json\/wp\/v2\/pages\/15162\/revisions\/15818"}],"wp:attachment":[{"href":"https:\/\/fhperry.com\/pt-br\/wp-json\/wp\/v2\/media?parent=15162"}],"curies":[{"name":"wp","href":"https:\/\/api.w.org\/{rel}","templated":true}]}}