{"id":12211,"date":"2020-02-12T17:09:15","date_gmt":"2020-02-12T17:09:15","guid":{"rendered":"https:\/\/fhperry.com\/parceiros-comerciais\/"},"modified":"2022-06-01T18:45:48","modified_gmt":"2022-06-01T18:45:48","slug":"parceiros-comerciais","status":"publish","type":"page","link":"https:\/\/fhperry.com\/pt-br\/parceiros-comerciais\/","title":{"rendered":"Parceiros comerciais"},"content":{"rendered":"[vc_row type=&#8221;full_width_background&#8221; full_screen_row_position=&#8221;middle&#8221; column_margin=&#8221;default&#8221; bg_image=&#8221;6642&#8243; bg_position=&#8221;right top&#8221; bg_repeat=&#8221;no-repeat&#8221; bg_color=&#8221;#ffffff&#8221; scene_position=&#8221;center&#8221; text_color=&#8221;dark&#8221; text_align=&#8221;center&#8221; top_padding=&#8221;60&#8243; bottom_padding=&#8221;20&#8243; class=&#8221;f-bg&#8221; overlay_strength=&#8221;0.3&#8243; shape_divider_position=&#8221;bottom&#8221; bg_image_animation=&#8221;none&#8221; shape_type=&#8221;&#8221;][vc_column column_padding=&#8221;no-extra-padding&#8221; column_padding_position=&#8221;all&#8221; background_color_opacity=&#8221;1&#8243; background_hover_color_opacity=&#8221;1&#8243; column_link_target=&#8221;_self&#8221; column_shadow=&#8221;none&#8221; column_border_radius=&#8221;none&#8221; width=&#8221;1\/1&#8243; tablet_width_inherit=&#8221;default&#8221; tablet_text_alignment=&#8221;default&#8221; phone_text_alignment=&#8221;default&#8221; overlay_strength=&#8221;0.3&#8243; column_border_width=&#8221;none&#8221; column_border_style=&#8221;solid&#8221; bg_image_animation=&#8221;none&#8221;][vc_row_inner column_margin=&#8221;none&#8221; bottom_padding=&#8221;15&#8243; text_align=&#8221;left&#8221;][vc_column_inner column_padding=&#8221;no-extra-padding&#8221; column_padding_position=&#8221;bottom&#8221; background_color_opacity=&#8221;1&#8243; background_hover_color_opacity=&#8221;1&#8243; column_shadow=&#8221;none&#8221; column_border_radius=&#8221;none&#8221; column_link_target=&#8221;_self&#8221; width=&#8221;1\/1&#8243; tablet_width_inherit=&#8221;default&#8221; overlay_strength=&#8221;0.3&#8243; column_border_width=&#8221;none&#8221; column_border_style=&#8221;solid&#8221; bg_image_animation=&#8221;none&#8221; enable_animation=&#8221;true&#8221; animation=&#8221;fade-in-from-bottom&#8221; delay=&#8221;200&#8243;][vc_column_text css=&#8221;.vc_custom_1581527389394{padding-top: 20px !important;}&#8221; max_width=&#8221;720&#8243;]Sabe aquele seu amigo que apareceria para ajudar a qualquer momento, a qualquer hora do dia ou da noite? Estamos t\u00e3o orgulhosos de nossos relacionamentos com esse tipo de pessoas, todas ansiosas para contribuir para trabalhar ao nosso lado em seu projeto: arquitetos, designers de interiores, t\u00e9cnicos, artes\u00e3os, artistas e outros.<\/p>\n<p>S\u00e3o pessoas que conhecemos bem, ao longo de anos \u2013 <em>\u00e0s vezes d\u00e9cadas<\/em> \u2013 de trabalho duro e intenso juntos. Acreditamos neles por sua profici\u00eancia, sua experi\u00eancia e seu artesanato. Acima de tudo, acreditamos neles como pessoas.[\/vc_column_text][image_with_animation image_url=&#8221;6213&#8243; alignment=&#8221;center&#8221; animation=&#8221;Fade In&#8221; hover_animation=&#8221;none&#8221; border_radius=&#8221;none&#8221; box_shadow=&#8221;none&#8221; image_loading=&#8221;default&#8221; max_width=&#8221;50%&#8221; max_width_mobile=&#8221;default&#8221; el_class=&#8221;arrow-down&#8221;][\/vc_column_inner][\/vc_row_inner][vc_row_inner equal_height=&#8221;yes&#8221; content_placement=&#8221;middle&#8221; column_margin=&#8221;none&#8221; top_padding=&#8221;10&#8243; bottom_padding=&#8221;0&#8243; text_align=&#8221;left&#8221; el_id=&#8221;concepting&#8221;][vc_column_inner column_padding=&#8221;padding-5-percent&#8221; column_padding_position=&#8221;left-right&#8221; background_color_opacity=&#8221;1&#8243; background_hover_color_opacity=&#8221;1&#8243; column_shadow=&#8221;none&#8221; column_border_radius=&#8221;none&#8221; column_link_target=&#8221;_self&#8221; width=&#8221;1\/2&#8243; tablet_width_inherit=&#8221;default&#8221; overlay_strength=&#8221;0.3&#8243; column_border_width=&#8221;none&#8221; column_border_style=&#8221;solid&#8221; bg_image_animation=&#8221;none&#8221;][vc_column_text css_animation=&#8221;fadeIn&#8221;]\n<div style=\"text-align: left;\">\n<h3 style=\"font-family: winsome!important; z-index: 5; color: #454545; font-size: 5em; margin-bottom: 10px;\">N\u00f3s:<\/h3>\n<ul style=\"margin-top: 10px;\">\n<li>Valorize nosso compromisso com nossos parceiros<\/li>\n<li>Comunique-se de forma clara e frequentemente<\/li>\n<li>Estabelecer acordos justos para todas as partes<\/li>\n<li>Incentivar relacionamentos colaborativos e honestos<\/li>\n<li>Respeite o tempo e a experi\u00eancia de cada membro da equipe<\/li>\n<li>Reconhecer erros e trabalhar para corrigir as coisas<\/li>\n<\/ul>\n<\/div>\n[\/vc_column_text][\/vc_column_inner][vc_column_inner column_padding=&#8221;no-extra-padding&#8221; column_padding_position=&#8221;all&#8221; background_color_opacity=&#8221;1&#8243; background_hover_color_opacity=&#8221;1&#8243; column_shadow=&#8221;none&#8221; column_border_radius=&#8221;none&#8221; top_margin=&#8221;0&#8243; bottom_margin=&#8221;0&#8243; column_link_target=&#8221;_self&#8221; width=&#8221;1\/2&#8243; tablet_width_inherit=&#8221;default&#8221; overlay_strength=&#8221;0.3&#8243; column_border_width=&#8221;none&#8221; column_border_style=&#8221;solid&#8221; bg_image_animation=&#8221;none&#8221; enable_animation=&#8221;true&#8221; animation=&#8221;none&#8221; delay=&#8221;200&#8243;][image_with_animation image_url=&#8221;2466&#8243; alignment=&#8221;&#8221; animation=&#8221;Fade In&#8221; hover_animation=&#8221;none&#8221; border_radius=&#8221;none&#8221; box_shadow=&#8221;none&#8221; image_loading=&#8221;default&#8221; max_width=&#8221;100%&#8221; max_width_mobile=&#8221;default&#8221;][\/vc_column_inner][\/vc_row_inner][vc_row_inner column_margin=&#8221;none&#8221; top_padding=&#8221;30&#8243; bottom_padding=&#8221;30&#8243; text_align=&#8221;left&#8221; el_id=&#8221;constructing&#8221;][vc_column_inner column_padding=&#8221;no-extra-padding&#8221; column_padding_position=&#8221;bottom&#8221; background_color_opacity=&#8221;1&#8243; background_hover_color_opacity=&#8221;1&#8243; column_shadow=&#8221;none&#8221; column_border_radius=&#8221;none&#8221; top_margin=&#8221;0&#8243; bottom_margin=&#8221;0&#8243; column_link_target=&#8221;_self&#8221; width=&#8221;1\/1&#8243; tablet_width_inherit=&#8221;default&#8221; overlay_strength=&#8221;0.3&#8243; column_border_width=&#8221;none&#8221; column_border_style=&#8221;solid&#8221; bg_image_animation=&#8221;none&#8221; enable_animation=&#8221;true&#8221; animation=&#8221;fade-in-from-bottom&#8221; delay=&#8221;200&#8243;][image_with_animation image_url=&#8221;6213&#8243; alignment=&#8221;center&#8221; animation=&#8221;Fade In&#8221; hover_animation=&#8221;none&#8221; border_radius=&#8221;none&#8221; box_shadow=&#8221;none&#8221; image_loading=&#8221;default&#8221; max_width=&#8221;50%&#8221; max_width_mobile=&#8221;default&#8221; el_class=&#8221;arrow-down&#8221;][vc_column_text css_animation=&#8221;fadeInDown&#8221;]\n<h2 style=\"text-align: center;\">Alguns de nossos amigos e parceiros comerciais<\/h2>\n[\/vc_column_text][\/vc_column_inner][\/vc_row_inner][\/vc_column][\/vc_row][vc_row type=&#8221;in_container&#8221; full_screen_row_position=&#8221;middle&#8221; column_margin=&#8221;default&#8221; bg_image=&#8221;6642&#8243; bg_position=&#8221;left top&#8221; bg_repeat=&#8221;no-repeat&#8221; bg_color=&#8221;#ffffff&#8221; scene_position=&#8221;center&#8221; text_color=&#8221;dark&#8221; text_align=&#8221;left&#8221; top_padding=&#8221;15&#8243; bottom_padding=&#8221;0&#8243; class=&#8221;f-bg&#8221; overlay_strength=&#8221;0.3&#8243; shape_divider_position=&#8221;bottom&#8221; bg_image_animation=&#8221;none&#8221; shape_type=&#8221;&#8221;][vc_column column_padding=&#8221;no-extra-padding&#8221; column_padding_position=&#8221;all&#8221; background_color_opacity=&#8221;1&#8243; background_hover_color_opacity=&#8221;1&#8243; column_link_target=&#8221;_self&#8221; column_shadow=&#8221;none&#8221; column_border_radius=&#8221;none&#8221; width=&#8221;1\/3&#8243; tablet_width_inherit=&#8221;default&#8221; tablet_text_alignment=&#8221;default&#8221; phone_text_alignment=&#8221;default&#8221; overlay_strength=&#8221;0.3&#8243; column_border_width=&#8221;none&#8221; column_border_style=&#8221;solid&#8221; bg_image_animation=&#8221;none&#8221;][vc_column_text]\n<ul>\n<li>Ackles Steel &amp; Iron Company<\/li>\n<li>Isolamento anderson<\/li>\n<li>M\u00f3veis de Arte arc<\/li>\n<li>Piso arsenault<\/li>\n<li>Design de v\u00eddeo de \u00e1udio<\/li>\n<li>Black Lab Alarm Company<\/li>\n<li>Madeiras de \u00e2ncora azul<\/li>\n<li>Boston Ornament Co., Inc.<\/li>\n<li>Boston Sash e Millwork<\/li>\n<li>Gesso Bourne<\/li>\n<li>Carpintaria Brayton Dee<\/li>\n<li>Brayton-Dee<\/li>\n<li>Constru\u00e7\u00e3o De Chutehall<\/li>\n<li>Pintura de Clark<\/li>\n<li>Engenharia Clim\u00e1tica<\/li>\n<li>Constru\u00e7\u00e3o CMR<\/li>\n<li>Porta A\u00e9rea Collins<\/li>\n<li>M\u00e1rmore Colonial<\/li>\n<li>Pintura de Cosmos<\/li>\n<li>Cumar Inc.<\/li>\n<li>DiFoggio El\u00e9trico<\/li>\n<li>Janelas arquitet\u00f4nicas din\u00e2micas<\/li>\n<li>Encanamento e aquecimento de idosos<\/li>\n<li>Constru\u00e7\u00e3o Francesa<\/li>\n<li>Acabamento Fino \/Murray<\/li>\n<\/ul>\n[\/vc_column_text][\/vc_column][vc_column column_padding=&#8221;no-extra-padding&#8221; column_padding_position=&#8221;all&#8221; background_color_opacity=&#8221;1&#8243; background_hover_color_opacity=&#8221;1&#8243; column_link_target=&#8221;_self&#8221; column_shadow=&#8221;none&#8221; column_border_radius=&#8221;none&#8221; width=&#8221;1\/3&#8243; tablet_width_inherit=&#8221;default&#8221; tablet_text_alignment=&#8221;default&#8221; phone_text_alignment=&#8221;default&#8221; overlay_strength=&#8221;0.3&#8243; column_border_width=&#8221;none&#8221; column_border_style=&#8221;solid&#8221; bg_image_animation=&#8221;none&#8221;][vc_column_text]\n<ul>\n<li>Piso de Madeira De Madeira Frank H. Duffy<\/li>\n<li>George S Patey and Sons<\/li>\n<li>Greenstamp<\/li>\n<li>Greentech Servi\u00e7os de Constru\u00e7\u00e3o<\/li>\n<li>Enquadramento Greentek<\/li>\n<li>Greg Premru<\/li>\n<li>Gt Construtores<\/li>\n<li>Inello Electric<\/li>\n<li>Vertical Internacional<\/li>\n<li>J e F Contrata\u00e7\u00e3o<\/li>\n<li>Demoli\u00e7\u00e3o J&amp;B<\/li>\n<li>Contrata\u00e7\u00e3o da J&amp;F<\/li>\n<li>Fazendas Jewett<\/li>\n<li>Keyes Atl\u00e2ntico Norte<\/li>\n<li>Kidder Blaisdell Woodwork<\/li>\n<li>LL&amp;S<\/li>\n<li>Mestre Requinte<\/li>\n<li>Mastrangelo e Filhos<\/li>\n<li>Michael Humphries Woodworking<\/li>\n<li>Michael J. Lee<\/li>\n<li>Michael Stavaridis<\/li>\n<li>Gesso de Mike Bean<\/li>\n<li>Empresa Milestone Tile<\/li>\n<li>Miley Construction Co.<\/li>\n<li>Torre de Resfriamento da Nova Inglaterra<\/li>\n<\/ul>\n[\/vc_column_text][\/vc_column][vc_column column_padding=&#8221;no-extra-padding&#8221; column_padding_position=&#8221;all&#8221; background_color_opacity=&#8221;1&#8243; background_hover_color_opacity=&#8221;1&#8243; column_link_target=&#8221;_self&#8221; column_shadow=&#8221;none&#8221; column_border_radius=&#8221;none&#8221; width=&#8221;1\/3&#8243; tablet_width_inherit=&#8221;default&#8221; tablet_text_alignment=&#8221;default&#8221; phone_text_alignment=&#8221;default&#8221; overlay_strength=&#8221;0.3&#8243; column_border_width=&#8221;none&#8221; column_border_style=&#8221;solid&#8221; bg_image_animation=&#8221;none&#8221;][vc_column_text]\n<ul>\n<li>Gesso nugent<\/li>\n<li>Encanamento patey<\/li>\n<li>Hardware e M\u00f3veis de per\u00edodo<\/li>\n<li>Espelho personalizado de prest\u00edgio e vidro<\/li>\n<li>P. Marzilli &amp; Companhia<\/li>\n<li>Randy O&#8217;Rourke<\/li>\n<li>RJ Marshall Electric<\/li>\n<li>Robert Hanss, Inc. e Matthew R. Foti<\/li>\n<li>Sean Litchfield<\/li>\n<li>Constru\u00e7\u00e3o semass<\/li>\n<li>Encanamento e aquecimento em pilha<\/li>\n<li>Concreto de sopa de pedra<\/li>\n<li>Telhados Sweeney<\/li>\n<li>A Companhia Jillson<\/li>\n<li>Thomas Wirth Associados, Matthew Cunningham<\/li>\n<li>Paisagem e Design de Tom Ryan<\/li>\n<li>Comerciante Fine Woodworking<\/li>\n<li>Encanamento e aquecimento uptack<\/li>\n<li>Verardi e Co.<\/li>\n<li>Cabinetry personalizada de Vermont<\/li>\n<li>Constru\u00e7\u00e3o C<\/li>\n<li>Decora\u00e7\u00e3o de Westbury<\/li>\n<li>Jardim do Vinho<\/li>\n<li>A\u00e7o tecida<\/li>\n<\/ul>\n[\/vc_column_text][\/vc_column][\/vc_row][vc_row type=&#8221;in_container&#8221; full_screen_row_position=&#8221;middle&#8221; column_margin=&#8221;default&#8221; bg_image=&#8221;6642&#8243; bg_position=&#8221;left top&#8221; bg_repeat=&#8221;no-repeat&#8221; bg_color=&#8221;#ffffff&#8221; scene_position=&#8221;center&#8221; text_color=&#8221;dark&#8221; text_align=&#8221;left&#8221; top_padding=&#8221;0&#8243; bottom_padding=&#8221;30&#8243; class=&#8221;f-bg&#8221; overlay_strength=&#8221;0.3&#8243; shape_divider_position=&#8221;bottom&#8221; bg_image_animation=&#8221;none&#8221; shape_type=&#8221;&#8221;][vc_column centered_text=&#8221;true&#8221; column_padding=&#8221;no-extra-padding&#8221; column_padding_position=&#8221;all&#8221; background_color_opacity=&#8221;1&#8243; background_hover_color_opacity=&#8221;1&#8243; column_link_target=&#8221;_self&#8221; column_shadow=&#8221;none&#8221; column_border_radius=&#8221;none&#8221; width=&#8221;1\/1&#8243; tablet_width_inherit=&#8221;default&#8221; tablet_text_alignment=&#8221;default&#8221; phone_text_alignment=&#8221;default&#8221; overlay_strength=&#8221;0.3&#8243; column_border_width=&#8221;none&#8221; column_border_style=&#8221;solid&#8221; bg_image_animation=&#8221;none&#8221;][image_with_animation image_url=&#8221;6213&#8243; alignment=&#8221;center&#8221; animation=&#8221;Fade In&#8221; hover_animation=&#8221;none&#8221; border_radius=&#8221;none&#8221; box_shadow=&#8221;none&#8221; image_loading=&#8221;default&#8221; max_width=&#8221;50%&#8221; max_width_mobile=&#8221;default&#8221; el_class=&#8221;arrow-down&#8221; margin_top=&#8221;0px&#8221; margin_bottom=&#8221;20px&#8221;][nectar_btn size=&#8221;large&#8221; button_style=&#8221;see-through&#8221; button_color_2=&#8221;Accent-Color&#8221; icon_family=&#8221;&#8221; url=&#8221;https:\/\/fhperry.com\/portfolio\/&#8221; text=&#8221;Ver nosso trabalho&#8221;][\/vc_column][\/vc_row][vc_row type=&#8221;full_width_content&#8221; full_screen_row_position=&#8221;middle&#8221; column_margin=&#8221;default&#8221; bg_color=&#8221;#494949&#8243; scene_position=&#8221;center&#8221; text_color=&#8221;light&#8221; text_align=&#8221;left&#8221; top_padding=&#8221;60&#8243; bottom_padding=&#8221;60&#8243; enable_gradient=&#8221;true&#8221; color_overlay=&#8221;#727272&#8243; color_overlay_2=&#8221;#515151&#8243; gradient_direction=&#8221;top_to_bottom&#8221; overlay_strength=&#8221;1&#8243; shape_divider_position=&#8221;bottom&#8221; bg_image_animation=&#8221;none&#8221; shape_type=&#8221;&#8221;][vc_column centered_text=&#8221;true&#8221; column_padding=&#8221;no-extra-padding&#8221; column_padding_position=&#8221;top-bottom&#8221; background_color_opacity=&#8221;1&#8243; background_hover_color_opacity=&#8221;1&#8243; column_link_target=&#8221;_self&#8221; column_shadow=&#8221;none&#8221; column_border_radius=&#8221;none&#8221; width=&#8221;1\/1&#8243; tablet_width_inherit=&#8221;default&#8221; tablet_text_alignment=&#8221;default&#8221; phone_text_alignment=&#8221;default&#8221; overlay_strength=&#8221;0.3&#8243; column_border_width=&#8221;none&#8221; column_border_style=&#8221;solid&#8221; bg_image_animation=&#8221;none&#8221;][vc_column_text css=&#8221;.vc_custom_1571764668601{border-top-width: 0px !important;border-top-color: rgba(255,255,255,0.11) !important;border-top-style: solid !important;}&#8221;]\n<h2>Como podemos ajud\u00e1-lo a realizar sua vis\u00e3o?<\/h2>\n[\/vc_column_text][vc_column_text css=&#8221;.vc_custom_1571773737849{padding-top: 20px !important;}&#8221;]<a class=\"nectar-button n-sc-button large see-through-2\"  href=\"https:\/\/fhperry.com\/contact-us\/\" data-color-override=\"false\" data-hover-color-override=\"false\" data-hover-text-color-override=\"#fff\"><span>Entre em contato conosco<\/span><\/a>[\/vc_column_text][\/vc_column][\/vc_row]\n","protected":false},"excerpt":{"rendered":"<p>[vc_row type=&#8221;full_width_background&#8221; full_screen_row_position=&#8221;middle&#8221; column_margin=&#8221;default&#8221; bg_image=&#8221;6642&#8243; bg_position=&#8221;right top&#8221; bg_repeat=&#8221;no-repeat&#8221; bg_color=&#8221;#ffffff&#8221; scene_position=&#8221;center&#8221; text_color=&#8221;dark&#8221; text_align=&#8221;center&#8221; top_padding=&#8221;60&#8243; bottom_padding=&#8221;20&#8243; class=&#8221;f-bg&#8221; overlay_strength=&#8221;0.3&#8243; shape_divider_position=&#8221;bottom&#8221; bg_image_animation=&#8221;none&#8221; shape_type=&#8221;&#8221;][vc_column column_padding=&#8221;no-extra-padding&#8221; column_padding_position=&#8221;all&#8221; background_color_opacity=&#8221;1&#8243; background_hover_color_opacity=&#8221;1&#8243; column_link_target=&#8221;_self&#8221; column_shadow=&#8221;none&#8221; column_border_radius=&#8221;none&#8221; width=&#8221;1\/1&#8243; tablet_width_inherit=&#8221;default&#8221; tablet_text_alignment=&#8221;default&#8221; phone_text_alignment=&#8221;default&#8221;&#8230;<\/p>\n","protected":false},"author":22,"featured_media":0,"parent":0,"menu_order":0,"comment_status":"closed","ping_status":"closed","template":"","meta":{"footnotes":""},"class_list":["post-12211","page","type-page","status-publish"],"yoast_head":"<!-- This site is optimized with the Yoast SEO plugin v27.1.1 - https:\/\/yoast.com\/product\/yoast-seo-wordpress\/ -->\n<title>Parceiros comerciais - F.H. Perry Construtor<\/title>\n<meta name=\"robots\" content=\"index, follow, max-snippet:-1, max-image-preview:large, max-video-preview:-1\" \/>\n<link rel=\"canonical\" href=\"https:\/\/fhperry.com\/pt-br\/parceiros-comerciais\/\" \/>\n<meta property=\"og:locale\" content=\"pt_BR\" \/>\n<meta property=\"og:type\" content=\"article\" \/>\n<meta property=\"og:title\" content=\"Parceiros comerciais - F.H. Perry Construtor\" \/>\n<meta property=\"og:description\" content=\"[vc_row type=&#8221;full_width_background&#8221; full_screen_row_position=&#8221;middle&#8221; column_margin=&#8221;default&#8221; bg_image=&#8221;6642&#8243; bg_position=&#8221;right top&#8221; bg_repeat=&#8221;no-repeat&#8221; bg_color=&#8221;#ffffff&#8221; scene_position=&#8221;center&#8221; text_color=&#8221;dark&#8221; text_align=&#8221;center&#8221; top_padding=&#8221;60&#8243; bottom_padding=&#8221;20&#8243; class=&#8221;f-bg&#8221; overlay_strength=&#8221;0.3&#8243; shape_divider_position=&#8221;bottom&#8221; bg_image_animation=&#8221;none&#8221; shape_type=&#8221;&#8221;][vc_column column_padding=&#8221;no-extra-padding&#8221; column_padding_position=&#8221;all&#8221; background_color_opacity=&#8221;1&#8243; background_hover_color_opacity=&#8221;1&#8243; column_link_target=&#8221;_self&#8221; column_shadow=&#8221;none&#8221; column_border_radius=&#8221;none&#8221; width=&#8221;1\/1&#8243; tablet_width_inherit=&#8221;default&#8221; tablet_text_alignment=&#8221;default&#8221; phone_text_alignment=&#8221;default&#8221;...\" \/>\n<meta property=\"og:url\" content=\"https:\/\/fhperry.com\/pt-br\/parceiros-comerciais\/\" \/>\n<meta property=\"og:site_name\" content=\"F.H. Perry Construtor\" \/>\n<meta property=\"article:modified_time\" content=\"2022-06-01T18:45:48+00:00\" \/>\n<meta name=\"twitter:label1\" content=\"Est. tempo de leitura\" \/>\n\t<meta name=\"twitter:data1\" content=\"8 minutos\" \/>\n<script type=\"application\/ld+json\" class=\"yoast-schema-graph\">{\"@context\":\"https:\/\/schema.org\",\"@graph\":[{\"@type\":\"WebPage\",\"@id\":\"https:\/\/fhperry.com\/pt-br\/parceiros-comerciais\/\",\"url\":\"https:\/\/fhperry.com\/pt-br\/parceiros-comerciais\/\",\"name\":\"Parceiros comerciais - F.H. Perry Construtor\",\"isPartOf\":{\"@id\":\"https:\/\/fhperry.com\/pt-br\/#website\"},\"datePublished\":\"2020-02-12T17:09:15+00:00\",\"dateModified\":\"2022-06-01T18:45:48+00:00\",\"breadcrumb\":{\"@id\":\"https:\/\/fhperry.com\/pt-br\/parceiros-comerciais\/#breadcrumb\"},\"inLanguage\":\"pt-BR\",\"potentialAction\":[{\"@type\":\"ReadAction\",\"target\":[\"https:\/\/fhperry.com\/pt-br\/parceiros-comerciais\/\"]}]},{\"@type\":\"BreadcrumbList\",\"@id\":\"https:\/\/fhperry.com\/pt-br\/parceiros-comerciais\/#breadcrumb\",\"itemListElement\":[{\"@type\":\"ListItem\",\"position\":1,\"name\":\"Casa\",\"item\":\"https:\/\/fhperry.com\/pt-br\/copia-inicial-2\/\"},{\"@type\":\"ListItem\",\"position\":2,\"name\":\"Parceiros comerciais\"}]},{\"@type\":\"WebSite\",\"@id\":\"https:\/\/fhperry.com\/pt-br\/#website\",\"url\":\"https:\/\/fhperry.com\/pt-br\/\",\"name\":\"F.H. Perry Construtor\",\"description\":\"\",\"potentialAction\":[{\"@type\":\"SearchAction\",\"target\":{\"@type\":\"EntryPoint\",\"urlTemplate\":\"https:\/\/fhperry.com\/pt-br\/?s={search_term_string}\"},\"query-input\":{\"@type\":\"PropertyValueSpecification\",\"valueRequired\":true,\"valueName\":\"search_term_string\"}}],\"inLanguage\":\"pt-BR\"}]}<\/script>\n<!-- \/ Yoast SEO plugin. -->","yoast_head_json":{"title":"Parceiros comerciais - F.H. Perry Construtor","robots":{"index":"index","follow":"follow","max-snippet":"max-snippet:-1","max-image-preview":"max-image-preview:large","max-video-preview":"max-video-preview:-1"},"canonical":"https:\/\/fhperry.com\/pt-br\/parceiros-comerciais\/","og_locale":"pt_BR","og_type":"article","og_title":"Parceiros comerciais - F.H. Perry Construtor","og_description":"[vc_row type=&#8221;full_width_background&#8221; full_screen_row_position=&#8221;middle&#8221; column_margin=&#8221;default&#8221; bg_image=&#8221;6642&#8243; bg_position=&#8221;right top&#8221; bg_repeat=&#8221;no-repeat&#8221; bg_color=&#8221;#ffffff&#8221; scene_position=&#8221;center&#8221; text_color=&#8221;dark&#8221; text_align=&#8221;center&#8221; top_padding=&#8221;60&#8243; bottom_padding=&#8221;20&#8243; class=&#8221;f-bg&#8221; overlay_strength=&#8221;0.3&#8243; shape_divider_position=&#8221;bottom&#8221; bg_image_animation=&#8221;none&#8221; shape_type=&#8221;&#8221;][vc_column column_padding=&#8221;no-extra-padding&#8221; column_padding_position=&#8221;all&#8221; background_color_opacity=&#8221;1&#8243; background_hover_color_opacity=&#8221;1&#8243; column_link_target=&#8221;_self&#8221; column_shadow=&#8221;none&#8221; column_border_radius=&#8221;none&#8221; width=&#8221;1\/1&#8243; tablet_width_inherit=&#8221;default&#8221; tablet_text_alignment=&#8221;default&#8221; phone_text_alignment=&#8221;default&#8221;...","og_url":"https:\/\/fhperry.com\/pt-br\/parceiros-comerciais\/","og_site_name":"F.H. Perry Construtor","article_modified_time":"2022-06-01T18:45:48+00:00","twitter_misc":{"Est. tempo de leitura":"8 minutos"},"schema":{"@context":"https:\/\/schema.org","@graph":[{"@type":"WebPage","@id":"https:\/\/fhperry.com\/pt-br\/parceiros-comerciais\/","url":"https:\/\/fhperry.com\/pt-br\/parceiros-comerciais\/","name":"Parceiros comerciais - F.H. Perry Construtor","isPartOf":{"@id":"https:\/\/fhperry.com\/pt-br\/#website"},"datePublished":"2020-02-12T17:09:15+00:00","dateModified":"2022-06-01T18:45:48+00:00","breadcrumb":{"@id":"https:\/\/fhperry.com\/pt-br\/parceiros-comerciais\/#breadcrumb"},"inLanguage":"pt-BR","potentialAction":[{"@type":"ReadAction","target":["https:\/\/fhperry.com\/pt-br\/parceiros-comerciais\/"]}]},{"@type":"BreadcrumbList","@id":"https:\/\/fhperry.com\/pt-br\/parceiros-comerciais\/#breadcrumb","itemListElement":[{"@type":"ListItem","position":1,"name":"Casa","item":"https:\/\/fhperry.com\/pt-br\/copia-inicial-2\/"},{"@type":"ListItem","position":2,"name":"Parceiros comerciais"}]},{"@type":"WebSite","@id":"https:\/\/fhperry.com\/pt-br\/#website","url":"https:\/\/fhperry.com\/pt-br\/","name":"F.H. Perry Construtor","description":"","potentialAction":[{"@type":"SearchAction","target":{"@type":"EntryPoint","urlTemplate":"https:\/\/fhperry.com\/pt-br\/?s={search_term_string}"},"query-input":{"@type":"PropertyValueSpecification","valueRequired":true,"valueName":"search_term_string"}}],"inLanguage":"pt-BR"}]}},"_links":{"self":[{"href":"https:\/\/fhperry.com\/pt-br\/wp-json\/wp\/v2\/pages\/12211","targetHints":{"allow":["GET"]}}],"collection":[{"href":"https:\/\/fhperry.com\/pt-br\/wp-json\/wp\/v2\/pages"}],"about":[{"href":"https:\/\/fhperry.com\/pt-br\/wp-json\/wp\/v2\/types\/page"}],"author":[{"embeddable":true,"href":"https:\/\/fhperry.com\/pt-br\/wp-json\/wp\/v2\/users\/22"}],"replies":[{"embeddable":true,"href":"https:\/\/fhperry.com\/pt-br\/wp-json\/wp\/v2\/comments?post=12211"}],"version-history":[{"count":1,"href":"https:\/\/fhperry.com\/pt-br\/wp-json\/wp\/v2\/pages\/12211\/revisions"}],"predecessor-version":[{"id":12233,"href":"https:\/\/fhperry.com\/pt-br\/wp-json\/wp\/v2\/pages\/12211\/revisions\/12233"}],"wp:attachment":[{"href":"https:\/\/fhperry.com\/pt-br\/wp-json\/wp\/v2\/media?parent=12211"}],"curies":[{"name":"wp","href":"https:\/\/api.w.org\/{rel}","templated":true}]}}