{"id":12187,"date":"2020-02-04T18:26:12","date_gmt":"2020-02-04T18:26:12","guid":{"rendered":"https:\/\/fhperry.com\/designers-de-interiores\/"},"modified":"2022-06-01T18:45:41","modified_gmt":"2022-06-01T18:45:41","slug":"designers-de-interiores","status":"publish","type":"page","link":"https:\/\/fhperry.com\/pt-br\/designers-de-interiores\/","title":{"rendered":"Designers de Interiores"},"content":{"rendered":"[vc_row type=&#8221;full_width_background&#8221; full_screen_row_position=&#8221;middle&#8221; column_margin=&#8221;default&#8221; bg_image=&#8221;6642&#8243; bg_position=&#8221;right top&#8221; bg_repeat=&#8221;no-repeat&#8221; bg_color=&#8221;#ffffff&#8221; scene_position=&#8221;center&#8221; text_color=&#8221;dark&#8221; text_align=&#8221;center&#8221; top_padding=&#8221;60&#8243; bottom_padding=&#8221;20&#8243; class=&#8221;f-bg&#8221; overlay_strength=&#8221;0.3&#8243; shape_divider_position=&#8221;bottom&#8221; bg_image_animation=&#8221;none&#8221; shape_type=&#8221;&#8221;][vc_column column_padding=&#8221;no-extra-padding&#8221; column_padding_position=&#8221;all&#8221; background_color_opacity=&#8221;1&#8243; background_hover_color_opacity=&#8221;1&#8243; column_link_target=&#8221;_self&#8221; column_shadow=&#8221;none&#8221; column_border_radius=&#8221;none&#8221; width=&#8221;1\/1&#8243; tablet_width_inherit=&#8221;default&#8221; tablet_text_alignment=&#8221;default&#8221; phone_text_alignment=&#8221;default&#8221; overlay_strength=&#8221;0.3&#8243; column_border_width=&#8221;none&#8221; column_border_style=&#8221;solid&#8221; bg_image_animation=&#8221;none&#8221;][vc_row_inner column_margin=&#8221;none&#8221; bottom_padding=&#8221;15&#8243; text_align=&#8221;left&#8221;][vc_column_inner column_padding=&#8221;no-extra-padding&#8221; column_padding_position=&#8221;bottom&#8221; background_color_opacity=&#8221;1&#8243; background_hover_color_opacity=&#8221;1&#8243; column_shadow=&#8221;none&#8221; column_border_radius=&#8221;none&#8221; column_link_target=&#8221;_self&#8221; width=&#8221;1\/1&#8243; tablet_width_inherit=&#8221;default&#8221; overlay_strength=&#8221;0.3&#8243; column_border_width=&#8221;none&#8221; column_border_style=&#8221;solid&#8221; bg_image_animation=&#8221;none&#8221; enable_animation=&#8221;true&#8221; animation=&#8221;fade-in-from-bottom&#8221; delay=&#8221;200&#8243;][vc_column_text css=&#8221;.vc_custom_1580840837014{padding-top: 20px !important;}&#8221; max_width=&#8221;700&#8243;]Os designers de interiores com quem temos orgulho de fazer parcerias inerentemente entendem que n\u00e3o estamos apenas construindo uma casa, estamos construindo <em>sua<\/em> casa. Ent\u00e3o, f\u00e9 e confian\u00e7a s\u00e3o fundamentais para garantir que cada detalhe seja exclusivamente voc\u00ea.<\/p>\n<p>Para muitos clientes, esta \u00e9 a parte mais emocionante do processo; de repente voc\u00ea pode ver tudo. Desde festas de anivers\u00e1rio at\u00e9 festas de fim de ano, li\u00e7\u00e3o de casa at\u00e9 homecomings, \u00e9 aqui que sua casa se torna seu para\u00edso. Nossos designers entendem isso e trabalhamos duro para ter certeza de que eles confiam que n\u00f3s tamb\u00e9m.<\/p>\n<p>\u00c9 imperativo que tenhamos uma rela\u00e7\u00e3o sin\u00e9rgica baseada em expertise, criatividade e paix\u00e3o compartilhada por design imaginativo e inteligente. Simplesmente n\u00e3o pode acontecer de outra maneira.[\/vc_column_text][image_with_animation image_url=&#8221;6213&#8243; alignment=&#8221;center&#8221; animation=&#8221;Fade In&#8221; hover_animation=&#8221;none&#8221; border_radius=&#8221;none&#8221; box_shadow=&#8221;none&#8221; image_loading=&#8221;default&#8221; max_width=&#8221;50%&#8221; max_width_mobile=&#8221;default&#8221; el_class=&#8221;arrow-down&#8221;][\/vc_column_inner][\/vc_row_inner][vc_row_inner equal_height=&#8221;yes&#8221; content_placement=&#8221;middle&#8221; column_margin=&#8221;none&#8221; top_padding=&#8221;10&#8243; bottom_padding=&#8221;0&#8243; text_align=&#8221;left&#8221; el_id=&#8221;concepting&#8221;][vc_column_inner column_padding=&#8221;padding-5-percent&#8221; column_padding_position=&#8221;left-right&#8221; background_color_opacity=&#8221;1&#8243; background_hover_color_opacity=&#8221;1&#8243; column_shadow=&#8221;none&#8221; column_border_radius=&#8221;none&#8221; column_link_target=&#8221;_self&#8221; width=&#8221;1\/2&#8243; tablet_width_inherit=&#8221;default&#8221; overlay_strength=&#8221;0.3&#8243; column_border_width=&#8221;none&#8221; column_border_style=&#8221;solid&#8221; bg_image_animation=&#8221;none&#8221;][vc_column_text css_animation=&#8221;fadeIn&#8221;]\n<div style=\"text-align: left;\">\n<h3 style=\"font-family: winsome!important; z-index: 5; color: #454545; font-size: 5em; margin-bottom: 10px;\">N\u00f3s:<\/h3>\n<ul style=\"margin-top: 10px;\">\n<li>Valorize nosso compromisso com nossos parceiros<\/li>\n<li>Comunique-se de forma clara e frequentemente<\/li>\n<li>Estabelecer acordos justos para todas as partes<\/li>\n<li>Incentivar relacionamentos colaborativos e honestos<\/li>\n<li>Respeite o tempo e a experi\u00eancia de cada membro da equipe<\/li>\n<li>Reconhecer erros e trabalhar para corrigir as coisas<\/li>\n<\/ul>\n<\/div>\n[\/vc_column_text][\/vc_column_inner][vc_column_inner column_padding=&#8221;no-extra-padding&#8221; column_padding_position=&#8221;all&#8221; background_color_opacity=&#8221;1&#8243; background_hover_color_opacity=&#8221;1&#8243; column_shadow=&#8221;none&#8221; column_border_radius=&#8221;none&#8221; top_margin=&#8221;0&#8243; bottom_margin=&#8221;0&#8243; column_link_target=&#8221;_self&#8221; width=&#8221;1\/2&#8243; tablet_width_inherit=&#8221;default&#8221; overlay_strength=&#8221;0.3&#8243; column_border_width=&#8221;none&#8221; column_border_style=&#8221;solid&#8221; bg_image_animation=&#8221;none&#8221; enable_animation=&#8221;true&#8221; animation=&#8221;none&#8221; delay=&#8221;200&#8243;][image_with_animation image_url=&#8221;7128&#8243; alignment=&#8221;&#8221; animation=&#8221;Fade In&#8221; hover_animation=&#8221;none&#8221; border_radius=&#8221;none&#8221; box_shadow=&#8221;none&#8221; image_loading=&#8221;default&#8221; max_width=&#8221;100%&#8221; max_width_mobile=&#8221;default&#8221;][\/vc_column_inner][\/vc_row_inner][vc_row_inner column_margin=&#8221;none&#8221; top_padding=&#8221;30&#8243; bottom_padding=&#8221;30&#8243; text_align=&#8221;left&#8221; el_id=&#8221;constructing&#8221;][vc_column_inner column_padding=&#8221;no-extra-padding&#8221; column_padding_position=&#8221;bottom&#8221; background_color_opacity=&#8221;1&#8243; background_hover_color_opacity=&#8221;1&#8243; column_shadow=&#8221;none&#8221; column_border_radius=&#8221;none&#8221; top_margin=&#8221;0&#8243; bottom_margin=&#8221;0&#8243; column_link_target=&#8221;_self&#8221; width=&#8221;1\/1&#8243; tablet_width_inherit=&#8221;default&#8221; overlay_strength=&#8221;0.3&#8243; column_border_width=&#8221;none&#8221; column_border_style=&#8221;solid&#8221; bg_image_animation=&#8221;none&#8221; enable_animation=&#8221;true&#8221; animation=&#8221;fade-in-from-bottom&#8221; delay=&#8221;200&#8243;][image_with_animation image_url=&#8221;6213&#8243; alignment=&#8221;center&#8221; animation=&#8221;Fade In&#8221; hover_animation=&#8221;none&#8221; border_radius=&#8221;none&#8221; box_shadow=&#8221;none&#8221; image_loading=&#8221;default&#8221; max_width=&#8221;50%&#8221; max_width_mobile=&#8221;default&#8221; el_class=&#8221;arrow-down&#8221;][\/vc_column_inner][\/vc_row_inner][clients columns=&#8221;4&#8243; hover_effect=&#8221;opacity&#8221; additional_padding=&#8221;3&#8243; fade_in_animation=&#8221;true&#8221;][client image=&#8221;7129&#8243; title=&#8221;Client&#8221; id=&#8221;1585748750975-10&#8243; tab_id=&#8221;1585748750978-1&#8243; name=&#8221;SLC&#8221;] Clique no bot\u00e3o editar para adicionar seu testemunho. [\/client][client image=&#8221;7063&#8243; title=&#8221;Client&#8221; id=&#8221;1585748751098-0&#8243; tab_id=&#8221;1585748751102-8&#8243; name=&#8221;Design SV&#8221;] Clique no bot\u00e3o editar para adicionar seu testemunho. [\/client][client image=&#8221;7055&#8243; title=&#8221;Client&#8221; id=&#8221;1585748751149-3&#8243; tab_id=&#8221;1585748751151-0&#8243; name=&#8221;heather wells&#8221;][\/client][client image=&#8221;7232&#8243; title=&#8221;Client&#8221; id=&#8221;1585748751211-9&#8243; tab_id=&#8221;1585748751213-7&#8243; name=&#8221;finerty&#8221;][\/client][client image=&#8221;7131&#8243; title=&#8221;Client&#8221; id=&#8221;1585748751263-5&#8243; tab_id=&#8221;1585748751264-1&#8243; name=&#8221;andra birkirts&#8221;][\/client][client image=&#8221;7132&#8243; title=&#8221;Client&#8221; id=&#8221;1585748751309-8&#8243; tab_id=&#8221;1585748751311-5&#8243; name=&#8221;carter co&#8221;][\/client][client image=&#8221;7071&#8243; title=&#8221;Client&#8221; id=&#8221;1585748751358-0&#8243; tab_id=&#8221;1585748751359-7&#8243; name=&#8221;Manuel Desantoren&#8221;][\/client][client image=&#8221;7065&#8243; title=&#8221;Client&#8221; id=&#8221;1585748751406-3&#8243; tab_id=&#8221;1585748751408-2&#8243; name=&#8221;Gerald Pomeroy&#8221;][\/client][client image=&#8221;7134&#8243; title=&#8221;Client&#8221; id=&#8221;1585748751475-4&#8243; tab_id=&#8221;1585748751477-1&#8243; name=&#8221;Kennerknect&#8221;][\/client][client image=&#8221;7135&#8243; title=&#8221;Client&#8221; id=&#8221;1585748751549-3&#8243; tab_id=&#8221;1585748751550-9&#8243; name=&#8221;Weena e Spook&#8221;][\/client][\/clients][\/vc_column][\/vc_row][vc_row type=&#8221;in_container&#8221; full_screen_row_position=&#8221;middle&#8221; column_margin=&#8221;default&#8221; bg_image=&#8221;6642&#8243; bg_position=&#8221;left top&#8221; bg_repeat=&#8221;no-repeat&#8221; bg_color=&#8221;#ffffff&#8221; scene_position=&#8221;center&#8221; text_color=&#8221;dark&#8221; text_align=&#8221;left&#8221; top_padding=&#8221;15&#8243; bottom_padding=&#8221;30&#8243; class=&#8221;f-bg&#8221; overlay_strength=&#8221;0.3&#8243; shape_divider_position=&#8221;bottom&#8221; bg_image_animation=&#8221;none&#8221; shape_type=&#8221;&#8221;][vc_column centered_text=&#8221;true&#8221; column_padding=&#8221;no-extra-padding&#8221; column_padding_position=&#8221;all&#8221; background_color_opacity=&#8221;1&#8243; background_hover_color_opacity=&#8221;1&#8243; column_link_target=&#8221;_self&#8221; column_shadow=&#8221;none&#8221; column_border_radius=&#8221;none&#8221; width=&#8221;1\/1&#8243; tablet_width_inherit=&#8221;default&#8221; tablet_text_alignment=&#8221;default&#8221; phone_text_alignment=&#8221;default&#8221; overlay_strength=&#8221;0.3&#8243; column_border_width=&#8221;none&#8221; column_border_style=&#8221;solid&#8221; bg_image_animation=&#8221;none&#8221;][image_with_animation image_url=&#8221;6213&#8243; alignment=&#8221;center&#8221; animation=&#8221;Fade In&#8221; hover_animation=&#8221;none&#8221; border_radius=&#8221;none&#8221; box_shadow=&#8221;none&#8221; image_loading=&#8221;default&#8221; max_width=&#8221;50%&#8221; max_width_mobile=&#8221;default&#8221; el_class=&#8221;arrow-down&#8221; margin_top=&#8221;0px&#8221; margin_bottom=&#8221;20px&#8221;][nectar_btn size=&#8221;large&#8221; button_style=&#8221;see-through&#8221; button_color_2=&#8221;Accent-Color&#8221; icon_family=&#8221;&#8221; url=&#8221;https:\/\/fhperry.com\/portfolio\/&#8221; text=&#8221;Ver nosso trabalho&#8221;][\/vc_column][\/vc_row][vc_row type=&#8221;full_width_content&#8221; full_screen_row_position=&#8221;middle&#8221; column_margin=&#8221;default&#8221; bg_color=&#8221;#494949&#8243; scene_position=&#8221;center&#8221; text_color=&#8221;light&#8221; text_align=&#8221;left&#8221; top_padding=&#8221;60&#8243; bottom_padding=&#8221;60&#8243; enable_gradient=&#8221;true&#8221; color_overlay=&#8221;#727272&#8243; color_overlay_2=&#8221;#515151&#8243; gradient_direction=&#8221;top_to_bottom&#8221; overlay_strength=&#8221;1&#8243; shape_divider_position=&#8221;bottom&#8221; bg_image_animation=&#8221;none&#8221; shape_type=&#8221;&#8221;][vc_column centered_text=&#8221;true&#8221; column_padding=&#8221;no-extra-padding&#8221; column_padding_position=&#8221;top-bottom&#8221; background_color_opacity=&#8221;1&#8243; background_hover_color_opacity=&#8221;1&#8243; column_link_target=&#8221;_self&#8221; column_shadow=&#8221;none&#8221; column_border_radius=&#8221;none&#8221; width=&#8221;1\/1&#8243; tablet_width_inherit=&#8221;default&#8221; tablet_text_alignment=&#8221;default&#8221; phone_text_alignment=&#8221;default&#8221; overlay_strength=&#8221;0.3&#8243; column_border_width=&#8221;none&#8221; column_border_style=&#8221;solid&#8221; bg_image_animation=&#8221;none&#8221;][vc_column_text css=&#8221;.vc_custom_1571764668601{border-top-width: 0px !important;border-top-color: rgba(255,255,255,0.11) !important;border-top-style: solid !important;}&#8221;]\n<h2>Como podemos ajud\u00e1-lo a realizar sua vis\u00e3o?<\/h2>\n[\/vc_column_text][vc_column_text css=&#8221;.vc_custom_1571773737849{padding-top: 20px !important;}&#8221;]<a class=\"nectar-button n-sc-button large see-through-2\"  href=\"https:\/\/fhperry.com\/contact-us\/\" data-color-override=\"false\" data-hover-color-override=\"false\" data-hover-text-color-override=\"#fff\"><span>Entre em contato conosco<\/span><\/a>[\/vc_column_text][\/vc_column][\/vc_row]\n","protected":false},"excerpt":{"rendered":"<p>[vc_row type=&#8221;full_width_background&#8221; full_screen_row_position=&#8221;middle&#8221; column_margin=&#8221;default&#8221; bg_image=&#8221;6642&#8243; bg_position=&#8221;right top&#8221; bg_repeat=&#8221;no-repeat&#8221; bg_color=&#8221;#ffffff&#8221; scene_position=&#8221;center&#8221; text_color=&#8221;dark&#8221; text_align=&#8221;center&#8221; top_padding=&#8221;60&#8243; bottom_padding=&#8221;20&#8243; class=&#8221;f-bg&#8221; overlay_strength=&#8221;0.3&#8243; shape_divider_position=&#8221;bottom&#8221; bg_image_animation=&#8221;none&#8221; shape_type=&#8221;&#8221;][vc_column column_padding=&#8221;no-extra-padding&#8221; column_padding_position=&#8221;all&#8221; background_color_opacity=&#8221;1&#8243; background_hover_color_opacity=&#8221;1&#8243; column_link_target=&#8221;_self&#8221; column_shadow=&#8221;none&#8221; column_border_radius=&#8221;none&#8221; width=&#8221;1\/1&#8243; tablet_width_inherit=&#8221;default&#8221; tablet_text_alignment=&#8221;default&#8221; phone_text_alignment=&#8221;default&#8221;&#8230;<\/p>\n","protected":false},"author":22,"featured_media":0,"parent":0,"menu_order":0,"comment_status":"closed","ping_status":"closed","template":"","meta":{"footnotes":""},"class_list":["post-12187","page","type-page","status-publish"],"yoast_head":"<!-- This site is optimized with the Yoast SEO plugin v27.1.1 - https:\/\/yoast.com\/product\/yoast-seo-wordpress\/ -->\n<title>Designers de Interiores - F.H. Perry Construtor<\/title>\n<meta name=\"robots\" content=\"index, follow, max-snippet:-1, max-image-preview:large, max-video-preview:-1\" \/>\n<link rel=\"canonical\" href=\"https:\/\/fhperry.com\/pt-br\/designers-de-interiores\/\" \/>\n<meta property=\"og:locale\" content=\"pt_BR\" \/>\n<meta property=\"og:type\" content=\"article\" \/>\n<meta property=\"og:title\" content=\"Designers de Interiores - F.H. Perry Construtor\" \/>\n<meta property=\"og:description\" content=\"[vc_row type=&#8221;full_width_background&#8221; full_screen_row_position=&#8221;middle&#8221; column_margin=&#8221;default&#8221; bg_image=&#8221;6642&#8243; bg_position=&#8221;right top&#8221; bg_repeat=&#8221;no-repeat&#8221; bg_color=&#8221;#ffffff&#8221; scene_position=&#8221;center&#8221; text_color=&#8221;dark&#8221; text_align=&#8221;center&#8221; top_padding=&#8221;60&#8243; bottom_padding=&#8221;20&#8243; class=&#8221;f-bg&#8221; overlay_strength=&#8221;0.3&#8243; shape_divider_position=&#8221;bottom&#8221; bg_image_animation=&#8221;none&#8221; shape_type=&#8221;&#8221;][vc_column column_padding=&#8221;no-extra-padding&#8221; column_padding_position=&#8221;all&#8221; background_color_opacity=&#8221;1&#8243; background_hover_color_opacity=&#8221;1&#8243; column_link_target=&#8221;_self&#8221; column_shadow=&#8221;none&#8221; column_border_radius=&#8221;none&#8221; width=&#8221;1\/1&#8243; tablet_width_inherit=&#8221;default&#8221; tablet_text_alignment=&#8221;default&#8221; phone_text_alignment=&#8221;default&#8221;...\" \/>\n<meta property=\"og:url\" content=\"https:\/\/fhperry.com\/pt-br\/designers-de-interiores\/\" \/>\n<meta property=\"og:site_name\" content=\"F.H. Perry Construtor\" \/>\n<meta property=\"article:modified_time\" content=\"2022-06-01T18:45:41+00:00\" \/>\n<meta name=\"twitter:label1\" content=\"Est. tempo de leitura\" \/>\n\t<meta name=\"twitter:data1\" content=\"6 minutos\" \/>\n<script type=\"application\/ld+json\" class=\"yoast-schema-graph\">{\"@context\":\"https:\/\/schema.org\",\"@graph\":[{\"@type\":\"WebPage\",\"@id\":\"https:\/\/fhperry.com\/pt-br\/designers-de-interiores\/\",\"url\":\"https:\/\/fhperry.com\/pt-br\/designers-de-interiores\/\",\"name\":\"Designers de Interiores - F.H. Perry Construtor\",\"isPartOf\":{\"@id\":\"https:\/\/fhperry.com\/pt-br\/#website\"},\"datePublished\":\"2020-02-04T18:26:12+00:00\",\"dateModified\":\"2022-06-01T18:45:41+00:00\",\"breadcrumb\":{\"@id\":\"https:\/\/fhperry.com\/pt-br\/designers-de-interiores\/#breadcrumb\"},\"inLanguage\":\"pt-BR\",\"potentialAction\":[{\"@type\":\"ReadAction\",\"target\":[\"https:\/\/fhperry.com\/pt-br\/designers-de-interiores\/\"]}]},{\"@type\":\"BreadcrumbList\",\"@id\":\"https:\/\/fhperry.com\/pt-br\/designers-de-interiores\/#breadcrumb\",\"itemListElement\":[{\"@type\":\"ListItem\",\"position\":1,\"name\":\"Casa\",\"item\":\"https:\/\/fhperry.com\/pt-br\/copia-inicial-2\/\"},{\"@type\":\"ListItem\",\"position\":2,\"name\":\"Designers de Interiores\"}]},{\"@type\":\"WebSite\",\"@id\":\"https:\/\/fhperry.com\/pt-br\/#website\",\"url\":\"https:\/\/fhperry.com\/pt-br\/\",\"name\":\"F.H. Perry Construtor\",\"description\":\"\",\"potentialAction\":[{\"@type\":\"SearchAction\",\"target\":{\"@type\":\"EntryPoint\",\"urlTemplate\":\"https:\/\/fhperry.com\/pt-br\/?s={search_term_string}\"},\"query-input\":{\"@type\":\"PropertyValueSpecification\",\"valueRequired\":true,\"valueName\":\"search_term_string\"}}],\"inLanguage\":\"pt-BR\"}]}<\/script>\n<!-- \/ Yoast SEO plugin. -->","yoast_head_json":{"title":"Designers de Interiores - F.H. Perry Construtor","robots":{"index":"index","follow":"follow","max-snippet":"max-snippet:-1","max-image-preview":"max-image-preview:large","max-video-preview":"max-video-preview:-1"},"canonical":"https:\/\/fhperry.com\/pt-br\/designers-de-interiores\/","og_locale":"pt_BR","og_type":"article","og_title":"Designers de Interiores - F.H. Perry Construtor","og_description":"[vc_row type=&#8221;full_width_background&#8221; full_screen_row_position=&#8221;middle&#8221; column_margin=&#8221;default&#8221; bg_image=&#8221;6642&#8243; bg_position=&#8221;right top&#8221; bg_repeat=&#8221;no-repeat&#8221; bg_color=&#8221;#ffffff&#8221; scene_position=&#8221;center&#8221; text_color=&#8221;dark&#8221; text_align=&#8221;center&#8221; top_padding=&#8221;60&#8243; bottom_padding=&#8221;20&#8243; class=&#8221;f-bg&#8221; overlay_strength=&#8221;0.3&#8243; shape_divider_position=&#8221;bottom&#8221; bg_image_animation=&#8221;none&#8221; shape_type=&#8221;&#8221;][vc_column column_padding=&#8221;no-extra-padding&#8221; column_padding_position=&#8221;all&#8221; background_color_opacity=&#8221;1&#8243; background_hover_color_opacity=&#8221;1&#8243; column_link_target=&#8221;_self&#8221; column_shadow=&#8221;none&#8221; column_border_radius=&#8221;none&#8221; width=&#8221;1\/1&#8243; tablet_width_inherit=&#8221;default&#8221; tablet_text_alignment=&#8221;default&#8221; phone_text_alignment=&#8221;default&#8221;...","og_url":"https:\/\/fhperry.com\/pt-br\/designers-de-interiores\/","og_site_name":"F.H. Perry Construtor","article_modified_time":"2022-06-01T18:45:41+00:00","twitter_misc":{"Est. tempo de leitura":"6 minutos"},"schema":{"@context":"https:\/\/schema.org","@graph":[{"@type":"WebPage","@id":"https:\/\/fhperry.com\/pt-br\/designers-de-interiores\/","url":"https:\/\/fhperry.com\/pt-br\/designers-de-interiores\/","name":"Designers de Interiores - F.H. Perry Construtor","isPartOf":{"@id":"https:\/\/fhperry.com\/pt-br\/#website"},"datePublished":"2020-02-04T18:26:12+00:00","dateModified":"2022-06-01T18:45:41+00:00","breadcrumb":{"@id":"https:\/\/fhperry.com\/pt-br\/designers-de-interiores\/#breadcrumb"},"inLanguage":"pt-BR","potentialAction":[{"@type":"ReadAction","target":["https:\/\/fhperry.com\/pt-br\/designers-de-interiores\/"]}]},{"@type":"BreadcrumbList","@id":"https:\/\/fhperry.com\/pt-br\/designers-de-interiores\/#breadcrumb","itemListElement":[{"@type":"ListItem","position":1,"name":"Casa","item":"https:\/\/fhperry.com\/pt-br\/copia-inicial-2\/"},{"@type":"ListItem","position":2,"name":"Designers de Interiores"}]},{"@type":"WebSite","@id":"https:\/\/fhperry.com\/pt-br\/#website","url":"https:\/\/fhperry.com\/pt-br\/","name":"F.H. Perry Construtor","description":"","potentialAction":[{"@type":"SearchAction","target":{"@type":"EntryPoint","urlTemplate":"https:\/\/fhperry.com\/pt-br\/?s={search_term_string}"},"query-input":{"@type":"PropertyValueSpecification","valueRequired":true,"valueName":"search_term_string"}}],"inLanguage":"pt-BR"}]}},"_links":{"self":[{"href":"https:\/\/fhperry.com\/pt-br\/wp-json\/wp\/v2\/pages\/12187","targetHints":{"allow":["GET"]}}],"collection":[{"href":"https:\/\/fhperry.com\/pt-br\/wp-json\/wp\/v2\/pages"}],"about":[{"href":"https:\/\/fhperry.com\/pt-br\/wp-json\/wp\/v2\/types\/page"}],"author":[{"embeddable":true,"href":"https:\/\/fhperry.com\/pt-br\/wp-json\/wp\/v2\/users\/22"}],"replies":[{"embeddable":true,"href":"https:\/\/fhperry.com\/pt-br\/wp-json\/wp\/v2\/comments?post=12187"}],"version-history":[{"count":2,"href":"https:\/\/fhperry.com\/pt-br\/wp-json\/wp\/v2\/pages\/12187\/revisions"}],"predecessor-version":[{"id":12208,"href":"https:\/\/fhperry.com\/pt-br\/wp-json\/wp\/v2\/pages\/12187\/revisions\/12208"}],"wp:attachment":[{"href":"https:\/\/fhperry.com\/pt-br\/wp-json\/wp\/v2\/media?parent=12187"}],"curies":[{"name":"wp","href":"https:\/\/api.w.org\/{rel}","templated":true}]}}