{"id":12157,"date":"2019-10-22T13:49:26","date_gmt":"2019-10-22T13:49:26","guid":{"rendered":"https:\/\/fhperry.com\/reforma-da-casa-inteira\/"},"modified":"2022-06-01T18:45:36","modified_gmt":"2022-06-01T18:45:36","slug":"reforma-da-casa-inteira","status":"publish","type":"page","link":"https:\/\/fhperry.com\/pt-br\/reforma-da-casa-inteira\/","title":{"rendered":"Reforma da Casa Inteira"},"content":{"rendered":"[vc_row type=&#8221;full_width_content&#8221; full_screen_row_position=&#8221;middle&#8221; column_margin=&#8221;default&#8221; bg_image=&#8221;6642&#8243; bg_position=&#8221;right top&#8221; bg_repeat=&#8221;no-repeat&#8221; bg_color=&#8221;#ffffff&#8221; scene_position=&#8221;center&#8221; text_color=&#8221;dark&#8221; text_align=&#8221;center&#8221; top_padding=&#8221;60&#8243; bottom_padding=&#8221;20&#8243; class=&#8221;f-bg&#8221; overlay_strength=&#8221;0.3&#8243; shape_divider_position=&#8221;bottom&#8221; bg_image_animation=&#8221;none&#8221; shape_type=&#8221;&#8221;][vc_column column_padding=&#8221;no-extra-padding&#8221; column_padding_position=&#8221;all&#8221; background_color_opacity=&#8221;1&#8243; background_hover_color_opacity=&#8221;1&#8243; column_link_target=&#8221;_self&#8221; column_shadow=&#8221;none&#8221; column_border_radius=&#8221;none&#8221; width=&#8221;1\/1&#8243; tablet_width_inherit=&#8221;default&#8221; tablet_text_alignment=&#8221;default&#8221; phone_text_alignment=&#8221;default&#8221; overlay_strength=&#8221;0.3&#8243; column_border_width=&#8221;none&#8221; column_border_style=&#8221;solid&#8221; bg_image_animation=&#8221;none&#8221;][vc_row_inner column_margin=&#8221;none&#8221; bottom_padding=&#8221;15&#8243; text_align=&#8221;left&#8221;][vc_column_inner column_padding=&#8221;padding-3-percent&#8221; column_padding_position=&#8221;all&#8221; background_color_opacity=&#8221;1&#8243; background_hover_color_opacity=&#8221;1&#8243; column_shadow=&#8221;none&#8221; column_border_radius=&#8221;none&#8221; column_link_target=&#8221;_self&#8221; width=&#8221;1\/2&#8243; tablet_width_inherit=&#8221;default&#8221; overlay_strength=&#8221;0.3&#8243; column_border_width=&#8221;none&#8221; column_border_style=&#8221;solid&#8221; bg_image_animation=&#8221;none&#8221; enable_animation=&#8221;true&#8221; animation=&#8221;fade-in-from-bottom&#8221; delay=&#8221;200&#8243;][vc_column_text css=&#8221;.vc_custom_1627413998487{padding-top: 20px !important;}&#8221;]Construir uma casa personalizada \u00e9 uma jornada. Criar sua casa dos sonhos significa manter as rela\u00e7\u00f5es t\u00e3o queridas quanto o of\u00edcio para que cada etapa do processo seja t\u00e3o pessoal quanto o produto acabado em si. Significa tirar um tempo extra para ouvi-lo, se envolver de forma colaborativa com voc\u00ea, se contentar com nada menos que excel\u00eancia e dar-lhe a confian\u00e7a para ser destemido. No final, esperamos que signifique que n\u00e3o h\u00e1 canto de sua casa que voc\u00ea n\u00e3o aprecie e adore.[\/vc_column_text][\/vc_column_inner][vc_column_inner column_padding=&#8221;no-extra-padding&#8221; column_padding_position=&#8221;all&#8221; background_color_opacity=&#8221;1&#8243; background_hover_color_opacity=&#8221;1&#8243; column_shadow=&#8221;none&#8221; column_border_radius=&#8221;none&#8221; column_link_target=&#8221;_self&#8221; width=&#8221;1\/2&#8243; tablet_width_inherit=&#8221;default&#8221; overlay_strength=&#8221;0.3&#8243; column_border_width=&#8221;none&#8221; column_border_style=&#8221;solid&#8221; bg_image_animation=&#8221;none&#8221;][image_with_animation image_url=&#8221;2269&#8243; alignment=&#8221;center&#8221; animation=&#8221;Fade In&#8221; hover_animation=&#8221;none&#8221; border_radius=&#8221;none&#8221; box_shadow=&#8221;none&#8221; image_loading=&#8221;default&#8221; max_width=&#8221;100%&#8221; max_width_mobile=&#8221;default&#8221; margin_bottom=&#8221;30&#8243;][\/vc_column_inner][\/vc_row_inner][vc_row_inner column_margin=&#8221;none&#8221; bottom_padding=&#8221;15&#8243; text_align=&#8221;left&#8221;][vc_column_inner column_padding=&#8221;no-extra-padding&#8221; column_padding_position=&#8221;bottom&#8221; background_color_opacity=&#8221;1&#8243; background_hover_color_opacity=&#8221;1&#8243; column_shadow=&#8221;none&#8221; column_border_radius=&#8221;none&#8221; column_link_target=&#8221;_self&#8221; width=&#8221;1\/2&#8243; tablet_width_inherit=&#8221;default&#8221; overlay_strength=&#8221;0.3&#8243; column_border_width=&#8221;none&#8221; column_border_style=&#8221;solid&#8221; bg_image_animation=&#8221;none&#8221; enable_animation=&#8221;true&#8221; animation=&#8221;fade-in-from-bottom&#8221; delay=&#8221;200&#8243;][image_with_animation image_url=&#8221;1071&#8243; alignment=&#8221;center&#8221; animation=&#8221;Fade In&#8221; hover_animation=&#8221;none&#8221; border_radius=&#8221;none&#8221; box_shadow=&#8221;none&#8221; image_loading=&#8221;default&#8221; max_width=&#8221;100%&#8221; max_width_mobile=&#8221;default&#8221; margin_bottom=&#8221;30&#8243;][\/vc_column_inner][vc_column_inner column_padding=&#8221;padding-3-percent&#8221; column_padding_position=&#8221;all&#8221; background_color_opacity=&#8221;1&#8243; background_hover_color_opacity=&#8221;1&#8243; column_shadow=&#8221;none&#8221; column_border_radius=&#8221;none&#8221; column_link_target=&#8221;_self&#8221; width=&#8221;1\/2&#8243; tablet_width_inherit=&#8221;default&#8221; overlay_strength=&#8221;0.3&#8243; column_border_width=&#8221;none&#8221; column_border_style=&#8221;solid&#8221; bg_image_animation=&#8221;none&#8221;][vc_column_text css=&#8221;.vc_custom_1580763466845{padding-top: 20px !important;}&#8221; max_width=&#8221;800&#8243;]E como qualquer aventura digna, haver\u00e1 in\u00fameros momentos definidores onde precisaremos escolher uma dire\u00e7\u00e3o ou uma op\u00e7\u00e3o ou um resultado. No fundo de sua mente voc\u00ea vai dizer a si mesmo &#8220;n\u00e3o \u00e9 o fim do mundo; h\u00e1 coisas muito piores &#8220;, mas naquele momento essa escolha vai importar mais para voc\u00ea do que qualquer outra coisa. N\u00f3s sentimos t\u00e3o fortemente sobre capturar esses momentos para voc\u00ea antes mesmo de voc\u00ea saber que eles est\u00e3o vindo para que a escolha seja uma oportunidade e um presente. Porque para n\u00f3s, \u00e9 isso que define uma gest\u00e3o excepcional de projetos.[\/vc_column_text][\/vc_column_inner][\/vc_row_inner][vc_row_inner column_margin=&#8221;none&#8221; bottom_padding=&#8221;15&#8243; text_align=&#8221;left&#8221;][vc_column_inner column_padding=&#8221;no-extra-padding&#8221; column_padding_position=&#8221;bottom&#8221; background_color_opacity=&#8221;1&#8243; background_hover_color_opacity=&#8221;1&#8243; column_shadow=&#8221;none&#8221; column_border_radius=&#8221;none&#8221; column_link_target=&#8221;_self&#8221; width=&#8221;1\/1&#8243; tablet_width_inherit=&#8221;default&#8221; overlay_strength=&#8221;0.3&#8243; column_border_width=&#8221;none&#8221; column_border_style=&#8221;solid&#8221; bg_image_animation=&#8221;none&#8221; enable_animation=&#8221;true&#8221; animation=&#8221;fade-in-from-bottom&#8221; delay=&#8221;200&#8243;][vc_column_text css=&#8221;.vc_custom_1585748969187{padding-top: 20px !important;}&#8221; max_width=&#8221;800&#8243;]\n<h2>Galeria de Remodela\u00e7\u00e3o de Casa Inteira<\/h2>\n[\/vc_column_text][image_with_animation image_url=&#8221;6213&#8243; alignment=&#8221;center&#8221; animation=&#8221;Fade In&#8221; hover_animation=&#8221;none&#8221; border_radius=&#8221;none&#8221; box_shadow=&#8221;none&#8221; image_loading=&#8221;default&#8221; max_width=&#8221;50%&#8221; max_width_mobile=&#8221;default&#8221; el_class=&#8221;arrow-down&#8221; margin_bottom=&#8221;30&#8243;][vc_gallery type=&#8221;image_grid&#8221; images=&#8221;2269,2268,2267,2266,2265,2264,2263,2262,2260,2259,2258,2257,2256,2255,6962,6961,6960,6958,6957,6956,6954,6953,6952,6806,7003,7004,7002,6805,6804,470,6807,472,2342,2341,2338,2335,2333,2328,2329,2327,2323,2321,2310,2309,2308,2306,2305,2301,2298,2296,2304&#8243; layout=&#8221;fullwidth&#8221; item_spacing=&#8221;default&#8221; gallery_style=&#8221;7&#8243; load_in_animation=&#8221;fade_in&#8221;][\/vc_column_inner][\/vc_row_inner][\/vc_column][\/vc_row][vc_row type=&#8221;full_width_content&#8221; full_screen_row_position=&#8221;middle&#8221; column_margin=&#8221;default&#8221; bg_color=&#8221;#494949&#8243; scene_position=&#8221;center&#8221; text_color=&#8221;light&#8221; text_align=&#8221;left&#8221; top_padding=&#8221;60&#8243; bottom_padding=&#8221;60&#8243; enable_gradient=&#8221;true&#8221; color_overlay=&#8221;#727272&#8243; color_overlay_2=&#8221;#515151&#8243; gradient_direction=&#8221;top_to_bottom&#8221; overlay_strength=&#8221;1&#8243; shape_divider_position=&#8221;bottom&#8221; bg_image_animation=&#8221;none&#8221; shape_type=&#8221;&#8221;][vc_column centered_text=&#8221;true&#8221; column_padding=&#8221;no-extra-padding&#8221; column_padding_position=&#8221;top-bottom&#8221; background_color_opacity=&#8221;1&#8243; background_hover_color_opacity=&#8221;1&#8243; column_link_target=&#8221;_self&#8221; column_shadow=&#8221;none&#8221; column_border_radius=&#8221;none&#8221; width=&#8221;1\/1&#8243; tablet_width_inherit=&#8221;default&#8221; tablet_text_alignment=&#8221;default&#8221; phone_text_alignment=&#8221;default&#8221; overlay_strength=&#8221;0.3&#8243; column_border_width=&#8221;none&#8221; column_border_style=&#8221;solid&#8221; bg_image_animation=&#8221;none&#8221;][vc_column_text css=&#8221;.vc_custom_1571764668601{border-top-width: 0px !important;border-top-color: rgba(255,255,255,0.11) !important;border-top-style: solid !important;}&#8221;]\n<h2>Como podemos ajud\u00e1-lo a realizar sua vis\u00e3o?<\/h2>\n[\/vc_column_text][vc_column_text css=&#8221;.vc_custom_1571773737849{padding-top: 20px !important;}&#8221;]<a class=\"nectar-button n-sc-button large see-through-2\"  href=\"https:\/\/fhperry.com\/contact-us\/\" data-color-override=\"false\" data-hover-color-override=\"false\" data-hover-text-color-override=\"#fff\"><span>Entre em contato conosco<\/span><\/a>[\/vc_column_text][\/vc_column][\/vc_row]\n","protected":false},"excerpt":{"rendered":"<p>[vc_row type=&#8221;full_width_content&#8221; full_screen_row_position=&#8221;middle&#8221; column_margin=&#8221;default&#8221; bg_image=&#8221;6642&#8243; bg_position=&#8221;right top&#8221; bg_repeat=&#8221;no-repeat&#8221; bg_color=&#8221;#ffffff&#8221; scene_position=&#8221;center&#8221; text_color=&#8221;dark&#8221; text_align=&#8221;center&#8221; top_padding=&#8221;60&#8243; bottom_padding=&#8221;20&#8243; class=&#8221;f-bg&#8221; overlay_strength=&#8221;0.3&#8243; shape_divider_position=&#8221;bottom&#8221; bg_image_animation=&#8221;none&#8221; shape_type=&#8221;&#8221;][vc_column column_padding=&#8221;no-extra-padding&#8221; column_padding_position=&#8221;all&#8221; background_color_opacity=&#8221;1&#8243; background_hover_color_opacity=&#8221;1&#8243; column_link_target=&#8221;_self&#8221; column_shadow=&#8221;none&#8221; column_border_radius=&#8221;none&#8221; width=&#8221;1\/1&#8243; tablet_width_inherit=&#8221;default&#8221; tablet_text_alignment=&#8221;default&#8221; phone_text_alignment=&#8221;default&#8221;&#8230;<\/p>\n","protected":false},"author":22,"featured_media":0,"parent":0,"menu_order":0,"comment_status":"closed","ping_status":"closed","template":"","meta":{"footnotes":""},"class_list":["post-12157","page","type-page","status-publish"],"yoast_head":"<!-- This site is optimized with the Yoast SEO plugin v27.3 - https:\/\/yoast.com\/product\/yoast-seo-wordpress\/ -->\n<title>Reforma da Casa Inteira - F.H. Perry Construtor<\/title>\n<meta name=\"robots\" content=\"index, follow, max-snippet:-1, max-image-preview:large, max-video-preview:-1\" \/>\n<link rel=\"canonical\" href=\"https:\/\/fhperry.com\/pt-br\/reforma-da-casa-inteira\/\" \/>\n<meta property=\"og:locale\" content=\"pt_BR\" \/>\n<meta property=\"og:type\" content=\"article\" \/>\n<meta property=\"og:title\" content=\"Reforma da Casa Inteira - F.H. Perry Construtor\" \/>\n<meta property=\"og:description\" content=\"[vc_row type=&#8221;full_width_content&#8221; full_screen_row_position=&#8221;middle&#8221; column_margin=&#8221;default&#8221; bg_image=&#8221;6642&#8243; bg_position=&#8221;right top&#8221; bg_repeat=&#8221;no-repeat&#8221; bg_color=&#8221;#ffffff&#8221; scene_position=&#8221;center&#8221; text_color=&#8221;dark&#8221; text_align=&#8221;center&#8221; top_padding=&#8221;60&#8243; bottom_padding=&#8221;20&#8243; class=&#8221;f-bg&#8221; overlay_strength=&#8221;0.3&#8243; shape_divider_position=&#8221;bottom&#8221; bg_image_animation=&#8221;none&#8221; shape_type=&#8221;&#8221;][vc_column column_padding=&#8221;no-extra-padding&#8221; column_padding_position=&#8221;all&#8221; background_color_opacity=&#8221;1&#8243; background_hover_color_opacity=&#8221;1&#8243; column_link_target=&#8221;_self&#8221; column_shadow=&#8221;none&#8221; column_border_radius=&#8221;none&#8221; width=&#8221;1\/1&#8243; tablet_width_inherit=&#8221;default&#8221; tablet_text_alignment=&#8221;default&#8221; phone_text_alignment=&#8221;default&#8221;...\" \/>\n<meta property=\"og:url\" content=\"https:\/\/fhperry.com\/pt-br\/reforma-da-casa-inteira\/\" \/>\n<meta property=\"og:site_name\" content=\"F.H. Perry Construtor\" \/>\n<meta property=\"article:modified_time\" content=\"2022-06-01T18:45:36+00:00\" \/>\n<meta name=\"twitter:label1\" content=\"Est. tempo de leitura\" \/>\n\t<meta name=\"twitter:data1\" content=\"5 minutos\" \/>\n<script type=\"application\/ld+json\" class=\"yoast-schema-graph\">{\"@context\":\"https:\\\/\\\/schema.org\",\"@graph\":[{\"@type\":\"WebPage\",\"@id\":\"https:\\\/\\\/fhperry.com\\\/pt-br\\\/reforma-da-casa-inteira\\\/\",\"url\":\"https:\\\/\\\/fhperry.com\\\/pt-br\\\/reforma-da-casa-inteira\\\/\",\"name\":\"Reforma da Casa Inteira - F.H. Perry Construtor\",\"isPartOf\":{\"@id\":\"https:\\\/\\\/fhperry.com\\\/pt-br\\\/#website\"},\"datePublished\":\"2019-10-22T13:49:26+00:00\",\"dateModified\":\"2022-06-01T18:45:36+00:00\",\"breadcrumb\":{\"@id\":\"https:\\\/\\\/fhperry.com\\\/pt-br\\\/reforma-da-casa-inteira\\\/#breadcrumb\"},\"inLanguage\":\"pt-BR\",\"potentialAction\":[{\"@type\":\"ReadAction\",\"target\":[\"https:\\\/\\\/fhperry.com\\\/pt-br\\\/reforma-da-casa-inteira\\\/\"]}]},{\"@type\":\"BreadcrumbList\",\"@id\":\"https:\\\/\\\/fhperry.com\\\/pt-br\\\/reforma-da-casa-inteira\\\/#breadcrumb\",\"itemListElement\":[{\"@type\":\"ListItem\",\"position\":1,\"name\":\"Casa\",\"item\":\"https:\\\/\\\/fhperry.com\\\/pt-br\\\/copia-inicial-2\\\/\"},{\"@type\":\"ListItem\",\"position\":2,\"name\":\"Reforma da Casa Inteira\"}]},{\"@type\":\"WebSite\",\"@id\":\"https:\\\/\\\/fhperry.com\\\/pt-br\\\/#website\",\"url\":\"https:\\\/\\\/fhperry.com\\\/pt-br\\\/\",\"name\":\"F.H. Perry Construtor\",\"description\":\"\",\"potentialAction\":[{\"@type\":\"SearchAction\",\"target\":{\"@type\":\"EntryPoint\",\"urlTemplate\":\"https:\\\/\\\/fhperry.com\\\/pt-br\\\/?s={search_term_string}\"},\"query-input\":{\"@type\":\"PropertyValueSpecification\",\"valueRequired\":true,\"valueName\":\"search_term_string\"}}],\"inLanguage\":\"pt-BR\"}]}<\/script>\n<!-- \/ Yoast SEO plugin. -->","yoast_head_json":{"title":"Reforma da Casa Inteira - F.H. Perry Construtor","robots":{"index":"index","follow":"follow","max-snippet":"max-snippet:-1","max-image-preview":"max-image-preview:large","max-video-preview":"max-video-preview:-1"},"canonical":"https:\/\/fhperry.com\/pt-br\/reforma-da-casa-inteira\/","og_locale":"pt_BR","og_type":"article","og_title":"Reforma da Casa Inteira - F.H. Perry Construtor","og_description":"[vc_row type=&#8221;full_width_content&#8221; full_screen_row_position=&#8221;middle&#8221; column_margin=&#8221;default&#8221; bg_image=&#8221;6642&#8243; bg_position=&#8221;right top&#8221; bg_repeat=&#8221;no-repeat&#8221; bg_color=&#8221;#ffffff&#8221; scene_position=&#8221;center&#8221; text_color=&#8221;dark&#8221; text_align=&#8221;center&#8221; top_padding=&#8221;60&#8243; bottom_padding=&#8221;20&#8243; class=&#8221;f-bg&#8221; overlay_strength=&#8221;0.3&#8243; shape_divider_position=&#8221;bottom&#8221; bg_image_animation=&#8221;none&#8221; shape_type=&#8221;&#8221;][vc_column column_padding=&#8221;no-extra-padding&#8221; column_padding_position=&#8221;all&#8221; background_color_opacity=&#8221;1&#8243; background_hover_color_opacity=&#8221;1&#8243; column_link_target=&#8221;_self&#8221; column_shadow=&#8221;none&#8221; column_border_radius=&#8221;none&#8221; width=&#8221;1\/1&#8243; tablet_width_inherit=&#8221;default&#8221; tablet_text_alignment=&#8221;default&#8221; phone_text_alignment=&#8221;default&#8221;...","og_url":"https:\/\/fhperry.com\/pt-br\/reforma-da-casa-inteira\/","og_site_name":"F.H. Perry Construtor","article_modified_time":"2022-06-01T18:45:36+00:00","twitter_misc":{"Est. tempo de leitura":"5 minutos"},"schema":{"@context":"https:\/\/schema.org","@graph":[{"@type":"WebPage","@id":"https:\/\/fhperry.com\/pt-br\/reforma-da-casa-inteira\/","url":"https:\/\/fhperry.com\/pt-br\/reforma-da-casa-inteira\/","name":"Reforma da Casa Inteira - F.H. Perry Construtor","isPartOf":{"@id":"https:\/\/fhperry.com\/pt-br\/#website"},"datePublished":"2019-10-22T13:49:26+00:00","dateModified":"2022-06-01T18:45:36+00:00","breadcrumb":{"@id":"https:\/\/fhperry.com\/pt-br\/reforma-da-casa-inteira\/#breadcrumb"},"inLanguage":"pt-BR","potentialAction":[{"@type":"ReadAction","target":["https:\/\/fhperry.com\/pt-br\/reforma-da-casa-inteira\/"]}]},{"@type":"BreadcrumbList","@id":"https:\/\/fhperry.com\/pt-br\/reforma-da-casa-inteira\/#breadcrumb","itemListElement":[{"@type":"ListItem","position":1,"name":"Casa","item":"https:\/\/fhperry.com\/pt-br\/copia-inicial-2\/"},{"@type":"ListItem","position":2,"name":"Reforma da Casa Inteira"}]},{"@type":"WebSite","@id":"https:\/\/fhperry.com\/pt-br\/#website","url":"https:\/\/fhperry.com\/pt-br\/","name":"F.H. Perry Construtor","description":"","potentialAction":[{"@type":"SearchAction","target":{"@type":"EntryPoint","urlTemplate":"https:\/\/fhperry.com\/pt-br\/?s={search_term_string}"},"query-input":{"@type":"PropertyValueSpecification","valueRequired":true,"valueName":"search_term_string"}}],"inLanguage":"pt-BR"}]}},"_links":{"self":[{"href":"https:\/\/fhperry.com\/pt-br\/wp-json\/wp\/v2\/pages\/12157","targetHints":{"allow":["GET"]}}],"collection":[{"href":"https:\/\/fhperry.com\/pt-br\/wp-json\/wp\/v2\/pages"}],"about":[{"href":"https:\/\/fhperry.com\/pt-br\/wp-json\/wp\/v2\/types\/page"}],"author":[{"embeddable":true,"href":"https:\/\/fhperry.com\/pt-br\/wp-json\/wp\/v2\/users\/22"}],"replies":[{"embeddable":true,"href":"https:\/\/fhperry.com\/pt-br\/wp-json\/wp\/v2\/comments?post=12157"}],"version-history":[{"count":2,"href":"https:\/\/fhperry.com\/pt-br\/wp-json\/wp\/v2\/pages\/12157\/revisions"}],"predecessor-version":[{"id":12186,"href":"https:\/\/fhperry.com\/pt-br\/wp-json\/wp\/v2\/pages\/12157\/revisions\/12186"}],"wp:attachment":[{"href":"https:\/\/fhperry.com\/pt-br\/wp-json\/wp\/v2\/media?parent=12157"}],"curies":[{"name":"wp","href":"https:\/\/api.w.org\/{rel}","templated":true}]}}