{"id":12138,"date":"2019-10-15T19:37:49","date_gmt":"2019-10-15T19:37:49","guid":{"rendered":"https:\/\/fhperry.com\/cozinhas\/"},"modified":"2022-06-01T18:45:32","modified_gmt":"2022-06-01T18:45:32","slug":"cozinhas","status":"publish","type":"page","link":"https:\/\/fhperry.com\/pt-br\/cozinhas\/","title":{"rendered":"Cozinhas"},"content":{"rendered":"[vc_row type=&#8221;full_width_content&#8221; full_screen_row_position=&#8221;middle&#8221; column_margin=&#8221;default&#8221; bg_image=&#8221;6642&#8243; bg_position=&#8221;right top&#8221; bg_repeat=&#8221;no-repeat&#8221; bg_color=&#8221;#ffffff&#8221; scene_position=&#8221;center&#8221; text_color=&#8221;dark&#8221; text_align=&#8221;center&#8221; top_padding=&#8221;60&#8243; bottom_padding=&#8221;20&#8243; class=&#8221;f-bg&#8221; overlay_strength=&#8221;0.3&#8243; shape_divider_position=&#8221;bottom&#8221; bg_image_animation=&#8221;none&#8221; shape_type=&#8221;&#8221;][vc_column column_padding=&#8221;no-extra-padding&#8221; column_padding_position=&#8221;all&#8221; background_color_opacity=&#8221;1&#8243; background_hover_color_opacity=&#8221;1&#8243; column_link_target=&#8221;_self&#8221; column_shadow=&#8221;none&#8221; column_border_radius=&#8221;none&#8221; width=&#8221;1\/1&#8243; tablet_width_inherit=&#8221;default&#8221; tablet_text_alignment=&#8221;default&#8221; phone_text_alignment=&#8221;default&#8221; overlay_strength=&#8221;0.3&#8243; column_border_width=&#8221;none&#8221; column_border_style=&#8221;solid&#8221; bg_image_animation=&#8221;none&#8221;][vc_row_inner column_margin=&#8221;none&#8221; bottom_padding=&#8221;15&#8243; text_align=&#8221;left&#8221;][vc_column_inner column_padding=&#8221;no-extra-padding&#8221; column_padding_position=&#8221;bottom&#8221; background_color_opacity=&#8221;1&#8243; background_hover_color_opacity=&#8221;1&#8243; column_shadow=&#8221;none&#8221; column_border_radius=&#8221;none&#8221; column_link_target=&#8221;_self&#8221; width=&#8221;1\/1&#8243; tablet_width_inherit=&#8221;default&#8221; overlay_strength=&#8221;0.3&#8243; column_border_width=&#8221;none&#8221; column_border_style=&#8221;solid&#8221; bg_image_animation=&#8221;none&#8221; enable_animation=&#8221;true&#8221; animation=&#8221;fade-in-from-bottom&#8221; delay=&#8221;200&#8243;][vc_column_text css=&#8221;.vc_custom_1627414082196{padding-top: 20px !important;}&#8221; max_width=&#8221;800&#8243;]Ent\u00e3o voc\u00ea tem essa ideia, essa inspira\u00e7\u00e3o incr\u00edvel para sua cozinha dos sonhos. Mas vamos encarar, sua cozinha \u00e9 o cora\u00e7\u00e3o da sua casa e a ideia de rasg\u00e1-la pode ser, bem, de cortar o cora\u00e7\u00e3o. N\u00f3s entendemos. Nosso trabalho, e nossa promessa para voc\u00ea, \u00e9 que vamos mant\u00ea-lo vivo, manter sua casa existente est\u00e1vel em suas rotinas, e inserir nosso trabalho t\u00e3o cuidadosamente quanto pudermos em um estilo de vida j\u00e1 ocupado.<\/p>\n<p>Desde seu gerente de projeto dedicado at\u00e9 nossos artes\u00e3os especializados, cada membro da F.H. Perry Builder \u00e9 inspirado a enfrentar desafios com solu\u00e7\u00f5es criativas e um n\u00edvel consistente de servi\u00e7o personalizado incompar\u00e1vel. Talvez voc\u00ea precise de n\u00f3s para montar uma cozinha tempor\u00e1ria. Talvez voc\u00ea precise de acesso discreto em torno de encena\u00e7\u00e3o exterior. Talvez precisemos de n\u00f3s para manter \u00e1gua quente, g\u00e1s e eletricidade para que n\u00e3o haja interrup\u00e7\u00e3o em seu servi\u00e7o.<\/p>\n<p>Abordar um projeto com foco em suas necessidades pessoais significa que vemos seu projeto de um ponto de vista compassivo. Significa que vemos suas esperan\u00e7as e seus medos assim como voc\u00ea v\u00ea e tamb\u00e9m vemos maneiras inventivas de aproveitar o poder da possibilidade.[\/vc_column_text][image_with_animation image_url=&#8221;6213&#8243; alignment=&#8221;center&#8221; animation=&#8221;Fade In&#8221; hover_animation=&#8221;none&#8221; border_radius=&#8221;none&#8221; box_shadow=&#8221;none&#8221; image_loading=&#8221;default&#8221; max_width=&#8221;50%&#8221; max_width_mobile=&#8221;default&#8221; el_class=&#8221;arrow-down&#8221; margin_bottom=&#8221;30&#8243;][vc_gallery type=&#8221;image_grid&#8221; images=&#8221;6754,6755,6756,6757,6758,6759,6760,6761,6762,6763,6764,6765,6766,6767,6955,6954,6953,6952,6962&#8243; layout=&#8221;fullwidth&#8221; item_spacing=&#8221;default&#8221; gallery_style=&#8221;7&#8243; load_in_animation=&#8221;fade_in&#8221;][\/vc_column_inner][\/vc_row_inner][\/vc_column][\/vc_row][vc_row type=&#8221;full_width_content&#8221; full_screen_row_position=&#8221;middle&#8221; column_margin=&#8221;default&#8221; bg_color=&#8221;#494949&#8243; scene_position=&#8221;center&#8221; text_color=&#8221;light&#8221; text_align=&#8221;left&#8221; top_padding=&#8221;60&#8243; bottom_padding=&#8221;60&#8243; enable_gradient=&#8221;true&#8221; color_overlay=&#8221;#727272&#8243; color_overlay_2=&#8221;#515151&#8243; gradient_direction=&#8221;top_to_bottom&#8221; overlay_strength=&#8221;1&#8243; shape_divider_position=&#8221;bottom&#8221; bg_image_animation=&#8221;none&#8221; shape_type=&#8221;&#8221;][vc_column centered_text=&#8221;true&#8221; column_padding=&#8221;no-extra-padding&#8221; column_padding_position=&#8221;top-bottom&#8221; background_color_opacity=&#8221;1&#8243; background_hover_color_opacity=&#8221;1&#8243; column_link_target=&#8221;_self&#8221; column_shadow=&#8221;none&#8221; column_border_radius=&#8221;none&#8221; width=&#8221;1\/1&#8243; tablet_width_inherit=&#8221;default&#8221; tablet_text_alignment=&#8221;default&#8221; phone_text_alignment=&#8221;default&#8221; overlay_strength=&#8221;0.3&#8243; column_border_width=&#8221;none&#8221; column_border_style=&#8221;solid&#8221; bg_image_animation=&#8221;none&#8221;][vc_column_text css=&#8221;.vc_custom_1571764668601{border-top-width: 0px !important;border-top-color: rgba(255,255,255,0.11) !important;border-top-style: solid !important;}&#8221;]\n<h2>Como podemos ajud\u00e1-lo a realizar sua vis\u00e3o?<\/h2>\n[\/vc_column_text][vc_column_text css=&#8221;.vc_custom_1571773737849{padding-top: 20px !important;}&#8221;]<a class=\"nectar-button n-sc-button large see-through-2\"  href=\"https:\/\/fhperry.com\/contact-us\/\" data-color-override=\"false\" data-hover-color-override=\"false\" data-hover-text-color-override=\"#fff\"><span>Entre em contato conosco<\/span><\/a>[\/vc_column_text][\/vc_column][\/vc_row]\n","protected":false},"excerpt":{"rendered":"<p>[vc_row type=&#8221;full_width_content&#8221; full_screen_row_position=&#8221;middle&#8221; column_margin=&#8221;default&#8221; bg_image=&#8221;6642&#8243; bg_position=&#8221;right top&#8221; bg_repeat=&#8221;no-repeat&#8221; bg_color=&#8221;#ffffff&#8221; scene_position=&#8221;center&#8221; text_color=&#8221;dark&#8221; text_align=&#8221;center&#8221; top_padding=&#8221;60&#8243; bottom_padding=&#8221;20&#8243; class=&#8221;f-bg&#8221; overlay_strength=&#8221;0.3&#8243; shape_divider_position=&#8221;bottom&#8221; bg_image_animation=&#8221;none&#8221; shape_type=&#8221;&#8221;][vc_column column_padding=&#8221;no-extra-padding&#8221; column_padding_position=&#8221;all&#8221; background_color_opacity=&#8221;1&#8243; background_hover_color_opacity=&#8221;1&#8243; column_link_target=&#8221;_self&#8221; column_shadow=&#8221;none&#8221; column_border_radius=&#8221;none&#8221; width=&#8221;1\/1&#8243; tablet_width_inherit=&#8221;default&#8221; tablet_text_alignment=&#8221;default&#8221; phone_text_alignment=&#8221;default&#8221;&#8230;<\/p>\n","protected":false},"author":22,"featured_media":0,"parent":0,"menu_order":0,"comment_status":"closed","ping_status":"closed","template":"","meta":{"footnotes":""},"class_list":["post-12138","page","type-page","status-publish"],"yoast_head":"<!-- This site is optimized with the Yoast SEO plugin v27.3 - https:\/\/yoast.com\/product\/yoast-seo-wordpress\/ -->\n<title>Cozinhas - F.H. Perry Construtor<\/title>\n<meta name=\"robots\" content=\"index, follow, max-snippet:-1, max-image-preview:large, max-video-preview:-1\" \/>\n<link rel=\"canonical\" href=\"https:\/\/fhperry.com\/pt-br\/cozinhas\/\" \/>\n<meta property=\"og:locale\" content=\"pt_BR\" \/>\n<meta property=\"og:type\" content=\"article\" \/>\n<meta property=\"og:title\" content=\"Cozinhas - F.H. Perry Construtor\" \/>\n<meta property=\"og:description\" content=\"[vc_row type=&#8221;full_width_content&#8221; full_screen_row_position=&#8221;middle&#8221; column_margin=&#8221;default&#8221; bg_image=&#8221;6642&#8243; bg_position=&#8221;right top&#8221; bg_repeat=&#8221;no-repeat&#8221; bg_color=&#8221;#ffffff&#8221; scene_position=&#8221;center&#8221; text_color=&#8221;dark&#8221; text_align=&#8221;center&#8221; top_padding=&#8221;60&#8243; bottom_padding=&#8221;20&#8243; class=&#8221;f-bg&#8221; overlay_strength=&#8221;0.3&#8243; shape_divider_position=&#8221;bottom&#8221; bg_image_animation=&#8221;none&#8221; shape_type=&#8221;&#8221;][vc_column column_padding=&#8221;no-extra-padding&#8221; column_padding_position=&#8221;all&#8221; background_color_opacity=&#8221;1&#8243; background_hover_color_opacity=&#8221;1&#8243; column_link_target=&#8221;_self&#8221; column_shadow=&#8221;none&#8221; column_border_radius=&#8221;none&#8221; width=&#8221;1\/1&#8243; tablet_width_inherit=&#8221;default&#8221; tablet_text_alignment=&#8221;default&#8221; phone_text_alignment=&#8221;default&#8221;...\" \/>\n<meta property=\"og:url\" content=\"https:\/\/fhperry.com\/pt-br\/cozinhas\/\" \/>\n<meta property=\"og:site_name\" content=\"F.H. Perry Construtor\" \/>\n<meta property=\"article:modified_time\" content=\"2022-06-01T18:45:32+00:00\" \/>\n<meta name=\"twitter:label1\" content=\"Est. tempo de leitura\" \/>\n\t<meta name=\"twitter:data1\" content=\"3 minutos\" \/>\n<script type=\"application\/ld+json\" class=\"yoast-schema-graph\">{\"@context\":\"https:\\\/\\\/schema.org\",\"@graph\":[{\"@type\":\"WebPage\",\"@id\":\"https:\\\/\\\/fhperry.com\\\/pt-br\\\/cozinhas\\\/\",\"url\":\"https:\\\/\\\/fhperry.com\\\/pt-br\\\/cozinhas\\\/\",\"name\":\"Cozinhas - F.H. Perry Construtor\",\"isPartOf\":{\"@id\":\"https:\\\/\\\/fhperry.com\\\/pt-br\\\/#website\"},\"datePublished\":\"2019-10-15T19:37:49+00:00\",\"dateModified\":\"2022-06-01T18:45:32+00:00\",\"breadcrumb\":{\"@id\":\"https:\\\/\\\/fhperry.com\\\/pt-br\\\/cozinhas\\\/#breadcrumb\"},\"inLanguage\":\"pt-BR\",\"potentialAction\":[{\"@type\":\"ReadAction\",\"target\":[\"https:\\\/\\\/fhperry.com\\\/pt-br\\\/cozinhas\\\/\"]}]},{\"@type\":\"BreadcrumbList\",\"@id\":\"https:\\\/\\\/fhperry.com\\\/pt-br\\\/cozinhas\\\/#breadcrumb\",\"itemListElement\":[{\"@type\":\"ListItem\",\"position\":1,\"name\":\"Casa\",\"item\":\"https:\\\/\\\/fhperry.com\\\/pt-br\\\/copia-inicial-2\\\/\"},{\"@type\":\"ListItem\",\"position\":2,\"name\":\"Cozinhas\"}]},{\"@type\":\"WebSite\",\"@id\":\"https:\\\/\\\/fhperry.com\\\/pt-br\\\/#website\",\"url\":\"https:\\\/\\\/fhperry.com\\\/pt-br\\\/\",\"name\":\"F.H. Perry Construtor\",\"description\":\"\",\"potentialAction\":[{\"@type\":\"SearchAction\",\"target\":{\"@type\":\"EntryPoint\",\"urlTemplate\":\"https:\\\/\\\/fhperry.com\\\/pt-br\\\/?s={search_term_string}\"},\"query-input\":{\"@type\":\"PropertyValueSpecification\",\"valueRequired\":true,\"valueName\":\"search_term_string\"}}],\"inLanguage\":\"pt-BR\"}]}<\/script>\n<!-- \/ Yoast SEO plugin. -->","yoast_head_json":{"title":"Cozinhas - F.H. Perry Construtor","robots":{"index":"index","follow":"follow","max-snippet":"max-snippet:-1","max-image-preview":"max-image-preview:large","max-video-preview":"max-video-preview:-1"},"canonical":"https:\/\/fhperry.com\/pt-br\/cozinhas\/","og_locale":"pt_BR","og_type":"article","og_title":"Cozinhas - F.H. Perry Construtor","og_description":"[vc_row type=&#8221;full_width_content&#8221; full_screen_row_position=&#8221;middle&#8221; column_margin=&#8221;default&#8221; bg_image=&#8221;6642&#8243; bg_position=&#8221;right top&#8221; bg_repeat=&#8221;no-repeat&#8221; bg_color=&#8221;#ffffff&#8221; scene_position=&#8221;center&#8221; text_color=&#8221;dark&#8221; text_align=&#8221;center&#8221; top_padding=&#8221;60&#8243; bottom_padding=&#8221;20&#8243; class=&#8221;f-bg&#8221; overlay_strength=&#8221;0.3&#8243; shape_divider_position=&#8221;bottom&#8221; bg_image_animation=&#8221;none&#8221; shape_type=&#8221;&#8221;][vc_column column_padding=&#8221;no-extra-padding&#8221; column_padding_position=&#8221;all&#8221; background_color_opacity=&#8221;1&#8243; background_hover_color_opacity=&#8221;1&#8243; column_link_target=&#8221;_self&#8221; column_shadow=&#8221;none&#8221; column_border_radius=&#8221;none&#8221; width=&#8221;1\/1&#8243; tablet_width_inherit=&#8221;default&#8221; tablet_text_alignment=&#8221;default&#8221; phone_text_alignment=&#8221;default&#8221;...","og_url":"https:\/\/fhperry.com\/pt-br\/cozinhas\/","og_site_name":"F.H. Perry Construtor","article_modified_time":"2022-06-01T18:45:32+00:00","twitter_misc":{"Est. tempo de leitura":"3 minutos"},"schema":{"@context":"https:\/\/schema.org","@graph":[{"@type":"WebPage","@id":"https:\/\/fhperry.com\/pt-br\/cozinhas\/","url":"https:\/\/fhperry.com\/pt-br\/cozinhas\/","name":"Cozinhas - F.H. Perry Construtor","isPartOf":{"@id":"https:\/\/fhperry.com\/pt-br\/#website"},"datePublished":"2019-10-15T19:37:49+00:00","dateModified":"2022-06-01T18:45:32+00:00","breadcrumb":{"@id":"https:\/\/fhperry.com\/pt-br\/cozinhas\/#breadcrumb"},"inLanguage":"pt-BR","potentialAction":[{"@type":"ReadAction","target":["https:\/\/fhperry.com\/pt-br\/cozinhas\/"]}]},{"@type":"BreadcrumbList","@id":"https:\/\/fhperry.com\/pt-br\/cozinhas\/#breadcrumb","itemListElement":[{"@type":"ListItem","position":1,"name":"Casa","item":"https:\/\/fhperry.com\/pt-br\/copia-inicial-2\/"},{"@type":"ListItem","position":2,"name":"Cozinhas"}]},{"@type":"WebSite","@id":"https:\/\/fhperry.com\/pt-br\/#website","url":"https:\/\/fhperry.com\/pt-br\/","name":"F.H. Perry Construtor","description":"","potentialAction":[{"@type":"SearchAction","target":{"@type":"EntryPoint","urlTemplate":"https:\/\/fhperry.com\/pt-br\/?s={search_term_string}"},"query-input":{"@type":"PropertyValueSpecification","valueRequired":true,"valueName":"search_term_string"}}],"inLanguage":"pt-BR"}]}},"_links":{"self":[{"href":"https:\/\/fhperry.com\/pt-br\/wp-json\/wp\/v2\/pages\/12138","targetHints":{"allow":["GET"]}}],"collection":[{"href":"https:\/\/fhperry.com\/pt-br\/wp-json\/wp\/v2\/pages"}],"about":[{"href":"https:\/\/fhperry.com\/pt-br\/wp-json\/wp\/v2\/types\/page"}],"author":[{"embeddable":true,"href":"https:\/\/fhperry.com\/pt-br\/wp-json\/wp\/v2\/users\/22"}],"replies":[{"embeddable":true,"href":"https:\/\/fhperry.com\/pt-br\/wp-json\/wp\/v2\/comments?post=12138"}],"version-history":[{"count":2,"href":"https:\/\/fhperry.com\/pt-br\/wp-json\/wp\/v2\/pages\/12138\/revisions"}],"predecessor-version":[{"id":12161,"href":"https:\/\/fhperry.com\/pt-br\/wp-json\/wp\/v2\/pages\/12138\/revisions\/12161"}],"wp:attachment":[{"href":"https:\/\/fhperry.com\/pt-br\/wp-json\/wp\/v2\/media?parent=12138"}],"curies":[{"name":"wp","href":"https:\/\/api.w.org\/{rel}","templated":true}]}}