{"id":12109,"date":"2017-12-28T16:09:38","date_gmt":"2017-12-28T16:09:38","guid":{"rendered":"https:\/\/fhperry.com\/carreiras\/"},"modified":"2017-12-28T16:09:38","modified_gmt":"2017-12-28T16:09:38","slug":"carreiras","status":"publish","type":"page","link":"https:\/\/fhperry.com\/pt-br\/carreiras\/","title":{"rendered":"Carreiras"},"content":{"rendered":"","protected":false},"excerpt":{"rendered":"","protected":false},"author":18,"featured_media":0,"parent":0,"menu_order":0,"comment_status":"closed","ping_status":"closed","template":"","meta":{"footnotes":""},"class_list":["post-12109","page","type-page","status-publish"],"yoast_head":"<!-- This site is optimized with the Yoast SEO plugin v27.1.1 - https:\/\/yoast.com\/product\/yoast-seo-wordpress\/ -->\n<title>Carreiras | F.H. Perry Builder | Construtores e Remodeladores de Boston<\/title>\n<meta name=\"description\" content=\"Nossa equipe de vision\u00e1rios, construtores e artes\u00e3os de Boston est\u00e1 quase sempre procurando expandir. Se voc\u00ea gosta de trabalho duro e criatividade, navegue por nossas posi\u00e7\u00f5es abertas.\" \/>\n<meta name=\"robots\" content=\"index, follow, max-snippet:-1, max-image-preview:large, max-video-preview:-1\" \/>\n<link rel=\"canonical\" href=\"https:\/\/fhperry.com\/pt-br\/carreiras\/\" \/>\n<meta property=\"og:locale\" content=\"pt_BR\" \/>\n<meta property=\"og:type\" content=\"article\" \/>\n<meta property=\"og:title\" content=\"Carreiras | F.H. Perry Builder | Construtores e Remodeladores de Boston\" \/>\n<meta property=\"og:description\" content=\"Nossa equipe de vision\u00e1rios, construtores e artes\u00e3os de Boston est\u00e1 quase sempre procurando expandir. Se voc\u00ea gosta de trabalho duro e criatividade, navegue por nossas posi\u00e7\u00f5es abertas.\" \/>\n<meta property=\"og:url\" content=\"https:\/\/fhperry.com\/pt-br\/carreiras\/\" \/>\n<meta property=\"og:site_name\" content=\"F.H. Perry Construtor\" \/>\n<script type=\"application\/ld+json\" class=\"yoast-schema-graph\">{\"@context\":\"https:\/\/schema.org\",\"@graph\":[{\"@type\":\"WebPage\",\"@id\":\"https:\/\/fhperry.com\/pt-br\/carreiras\/\",\"url\":\"https:\/\/fhperry.com\/pt-br\/carreiras\/\",\"name\":\"Carreiras | F.H. Perry Builder | Construtores e Remodeladores de Boston\",\"isPartOf\":{\"@id\":\"https:\/\/fhperry.com\/pt-br\/#website\"},\"datePublished\":\"2017-12-28T16:09:38+00:00\",\"description\":\"Nossa equipe de vision\u00e1rios, construtores e artes\u00e3os de Boston est\u00e1 quase sempre procurando expandir. Se voc\u00ea gosta de trabalho duro e criatividade, navegue por nossas posi\u00e7\u00f5es abertas.\",\"breadcrumb\":{\"@id\":\"https:\/\/fhperry.com\/pt-br\/carreiras\/#breadcrumb\"},\"inLanguage\":\"pt-BR\",\"potentialAction\":[{\"@type\":\"ReadAction\",\"target\":[\"https:\/\/fhperry.com\/pt-br\/carreiras\/\"]}]},{\"@type\":\"BreadcrumbList\",\"@id\":\"https:\/\/fhperry.com\/pt-br\/carreiras\/#breadcrumb\",\"itemListElement\":[{\"@type\":\"ListItem\",\"position\":1,\"name\":\"Casa\",\"item\":\"https:\/\/fhperry.com\/pt-br\/copia-inicial-2\/\"},{\"@type\":\"ListItem\",\"position\":2,\"name\":\"Carreiras\"}]},{\"@type\":\"WebSite\",\"@id\":\"https:\/\/fhperry.com\/pt-br\/#website\",\"url\":\"https:\/\/fhperry.com\/pt-br\/\",\"name\":\"F.H. Perry Construtor\",\"description\":\"\",\"potentialAction\":[{\"@type\":\"SearchAction\",\"target\":{\"@type\":\"EntryPoint\",\"urlTemplate\":\"https:\/\/fhperry.com\/pt-br\/?s={search_term_string}\"},\"query-input\":{\"@type\":\"PropertyValueSpecification\",\"valueRequired\":true,\"valueName\":\"search_term_string\"}}],\"inLanguage\":\"pt-BR\"}]}<\/script>\n<!-- \/ Yoast SEO plugin. -->","yoast_head_json":{"title":"Carreiras | F.H. Perry Builder | Construtores e Remodeladores de Boston","description":"Nossa equipe de vision\u00e1rios, construtores e artes\u00e3os de Boston est\u00e1 quase sempre procurando expandir. Se voc\u00ea gosta de trabalho duro e criatividade, navegue por nossas posi\u00e7\u00f5es abertas.","robots":{"index":"index","follow":"follow","max-snippet":"max-snippet:-1","max-image-preview":"max-image-preview:large","max-video-preview":"max-video-preview:-1"},"canonical":"https:\/\/fhperry.com\/pt-br\/carreiras\/","og_locale":"pt_BR","og_type":"article","og_title":"Carreiras | F.H. Perry Builder | Construtores e Remodeladores de Boston","og_description":"Nossa equipe de vision\u00e1rios, construtores e artes\u00e3os de Boston est\u00e1 quase sempre procurando expandir. Se voc\u00ea gosta de trabalho duro e criatividade, navegue por nossas posi\u00e7\u00f5es abertas.","og_url":"https:\/\/fhperry.com\/pt-br\/carreiras\/","og_site_name":"F.H. Perry Construtor","schema":{"@context":"https:\/\/schema.org","@graph":[{"@type":"WebPage","@id":"https:\/\/fhperry.com\/pt-br\/carreiras\/","url":"https:\/\/fhperry.com\/pt-br\/carreiras\/","name":"Carreiras | F.H. Perry Builder | Construtores e Remodeladores de Boston","isPartOf":{"@id":"https:\/\/fhperry.com\/pt-br\/#website"},"datePublished":"2017-12-28T16:09:38+00:00","description":"Nossa equipe de vision\u00e1rios, construtores e artes\u00e3os de Boston est\u00e1 quase sempre procurando expandir. Se voc\u00ea gosta de trabalho duro e criatividade, navegue por nossas posi\u00e7\u00f5es abertas.","breadcrumb":{"@id":"https:\/\/fhperry.com\/pt-br\/carreiras\/#breadcrumb"},"inLanguage":"pt-BR","potentialAction":[{"@type":"ReadAction","target":["https:\/\/fhperry.com\/pt-br\/carreiras\/"]}]},{"@type":"BreadcrumbList","@id":"https:\/\/fhperry.com\/pt-br\/carreiras\/#breadcrumb","itemListElement":[{"@type":"ListItem","position":1,"name":"Casa","item":"https:\/\/fhperry.com\/pt-br\/copia-inicial-2\/"},{"@type":"ListItem","position":2,"name":"Carreiras"}]},{"@type":"WebSite","@id":"https:\/\/fhperry.com\/pt-br\/#website","url":"https:\/\/fhperry.com\/pt-br\/","name":"F.H. Perry Construtor","description":"","potentialAction":[{"@type":"SearchAction","target":{"@type":"EntryPoint","urlTemplate":"https:\/\/fhperry.com\/pt-br\/?s={search_term_string}"},"query-input":{"@type":"PropertyValueSpecification","valueRequired":true,"valueName":"search_term_string"}}],"inLanguage":"pt-BR"}]}},"_links":{"self":[{"href":"https:\/\/fhperry.com\/pt-br\/wp-json\/wp\/v2\/pages\/12109","targetHints":{"allow":["GET"]}}],"collection":[{"href":"https:\/\/fhperry.com\/pt-br\/wp-json\/wp\/v2\/pages"}],"about":[{"href":"https:\/\/fhperry.com\/pt-br\/wp-json\/wp\/v2\/types\/page"}],"author":[{"embeddable":true,"href":"https:\/\/fhperry.com\/pt-br\/wp-json\/wp\/v2\/users\/18"}],"replies":[{"embeddable":true,"href":"https:\/\/fhperry.com\/pt-br\/wp-json\/wp\/v2\/comments?post=12109"}],"version-history":[{"count":0,"href":"https:\/\/fhperry.com\/pt-br\/wp-json\/wp\/v2\/pages\/12109\/revisions"}],"wp:attachment":[{"href":"https:\/\/fhperry.com\/pt-br\/wp-json\/wp\/v2\/media?parent=12109"}],"curies":[{"name":"wp","href":"https:\/\/api.w.org\/{rel}","templated":true}]}}