{"id":12173,"date":"2019-11-05T21:41:55","date_gmt":"2019-11-05T21:41:55","guid":{"rendered":"https:\/\/fhperry.com\/renovation-restauration-historique\/"},"modified":"2022-06-01T18:45:40","modified_gmt":"2022-06-01T18:45:40","slug":"renovation-restauration-historique","status":"publish","type":"page","link":"https:\/\/fhperry.com\/fr\/renovation-restauration-historique\/","title":{"rendered":"R\u00e9novation \/ Restauration historique"},"content":{"rendered":"[vc_row type=\u00a0\u00bbfull_width_content\u00a0\u00bb full_screen_row_position=\u00a0\u00bbmiddle\u00a0\u00bb column_margin=\u00a0\u00bbdefault\u00a0\u00bb bg_image=\u00a0\u00bb6642&Prime; bg_position=\u00a0\u00bbright top\u00a0\u00bb bg_repeat=\u00a0\u00bbno-repeat\u00a0\u00bb bg_color=\u00a0\u00bb#ffffff\u00a0\u00bb scene_position=\u00a0\u00bbcenter\u00a0\u00bb text_color=\u00a0\u00bbdark\u00a0\u00bb text_align=\u00a0\u00bbcenter\u00a0\u00bb top_padding=\u00a0\u00bb60&Prime; bottom_padding=\u00a0\u00bb20&Prime; class=\u00a0\u00bbf-bg\u00a0\u00bb overlay_strength=\u00a0\u00bb0.3&Prime; shape_divider_position=\u00a0\u00bbbottom\u00a0\u00bb bg_image_animation=\u00a0\u00bbnone\u00a0\u00bb shape_type=\u00a0\u00bb\u00a0\u00bb][vc_column column_padding=\u00a0\u00bbno-extra-padding\u00a0\u00bb column_padding_position=\u00a0\u00bball\u00a0\u00bb background_color_opacity=\u00a0\u00bb1&Prime; background_hover_color_opacity=\u00a0\u00bb1&Prime; column_link_target=\u00a0\u00bb_self\u00a0\u00bb column_shadow=\u00a0\u00bbnone\u00a0\u00bb column_border_radius=\u00a0\u00bbnone\u00a0\u00bb width=\u00a0\u00bb1\/1&Prime; tablet_width_inherit=\u00a0\u00bbdefault\u00a0\u00bb tablet_text_alignment=\u00a0\u00bbdefault\u00a0\u00bb phone_text_alignment=\u00a0\u00bbdefault\u00a0\u00bb overlay_strength=\u00a0\u00bb0.3&Prime; column_border_width=\u00a0\u00bbnone\u00a0\u00bb column_border_style=\u00a0\u00bbsolid\u00a0\u00bb bg_image_animation=\u00a0\u00bbnone\u00a0\u00bb][vc_row_inner column_margin=\u00a0\u00bbnone\u00a0\u00bb bottom_padding=\u00a0\u00bb15&Prime; text_align=\u00a0\u00bbleft\u00a0\u00bb][vc_column_inner column_padding=\u00a0\u00bbno-extra-padding\u00a0\u00bb column_padding_position=\u00a0\u00bbbottom\u00a0\u00bb background_color_opacity=\u00a0\u00bb1&Prime; background_hover_color_opacity=\u00a0\u00bb1&Prime; column_shadow=\u00a0\u00bbnone\u00a0\u00bb column_border_radius=\u00a0\u00bbnone\u00a0\u00bb column_link_target=\u00a0\u00bb_self\u00a0\u00bb width=\u00a0\u00bb1\/1&Prime; tablet_width_inherit=\u00a0\u00bbdefault\u00a0\u00bb overlay_strength=\u00a0\u00bb0.3&Prime; column_border_width=\u00a0\u00bbnone\u00a0\u00bb column_border_style=\u00a0\u00bbsolid\u00a0\u00bb bg_image_animation=\u00a0\u00bbnone\u00a0\u00bb enable_animation=\u00a0\u00bbtrue\u00a0\u00bb animation=\u00a0\u00bbfade-in-from-bottom\u00a0\u00bb delay=\u00a0\u00bb200&Prime;][vc_column_text css=\u00a0\u00bb.vc_custom_1580763513819{padding-top: 20px !important;}\u00a0\u00bb max_width=\u00a0\u00bb800&Prime;]Oui, nous sommes des constructeurs, mais quand il s\u2019agit de maisons historiques, nous nous consid\u00e9rons comme les intendants de ces tr\u00e9sors architecturaux sp\u00e9ciaux. Depuis plus de 40 ans, nous sommes honor\u00e9s de travailler en collaboration avec nos clients, architectes et commissions historiques afin de maintenir l\u2019int\u00e9grit\u00e9 de chaque maison et de pr\u00e9server le charme, la beaut\u00e9 et les caract\u00e9ristiques convaincantes qui rendent chacune unique en son genre. Nous sommes des ma\u00eetres authentiques et passionn\u00e9s de notre m\u00e9tier avec un engagement in\u00e9branlable envers l\u2019excellence. Chaque r\u00e9novation et restauration pr\u00e9sente une responsabilit\u00e9 impressionnante et une occasion cr\u00e9ative de c\u00e9l\u00e9brer l\u2019esth\u00e9tique du pass\u00e9 tout en r\u00e9pondant aux besoins et aux \u00e9quipements modernes du pr\u00e9sent.<\/p>\n<p>Notre portefeuille de projets architecturaux historiques a \u00e9t\u00e9 continuellement pr\u00e9sent\u00e9 dans de nombreux guides de conception locaux et nationaux. Les projets acclam\u00e9s dans tout le Massachusetts comprennent des brownstones historiques dans Back Bay de Boston, Beacon Hill et le South End, d\u2019\u00e9l\u00e9gantes demeures \u00e0 Brookline et des domaines baln\u00e9aires de North Shore.[\/vc_column_text][image_with_animation image_url=\u00a0\u00bb6213&Prime; alignment=\u00a0\u00bbcenter\u00a0\u00bb animation=\u00a0\u00bbFade In\u00a0\u00bb hover_animation=\u00a0\u00bbnone\u00a0\u00bb border_radius=\u00a0\u00bbnone\u00a0\u00bb box_shadow=\u00a0\u00bbnone\u00a0\u00bb image_loading=\u00a0\u00bbdefault\u00a0\u00bb max_width=\u00a0\u00bb50%\u00a0\u00bb max_width_mobile=\u00a0\u00bbdefault\u00a0\u00bb el_class=\u00a0\u00bbarrow-down\u00a0\u00bb margin_bottom=\u00a0\u00bb30&Prime;][vc_gallery type=\u00a0\u00bbimage_grid\u00a0\u00bb images=\u00a0\u00bb6990,6991,6992,6993,6994,6995,6996,6997,6998,6999,7000,7001,7002,7003,7004,7005,7006,7007,7008,7009,7010,7011,7012,7013,7014,7015&Prime; layout=\u00a0\u00bbfullwidth\u00a0\u00bb item_spacing=\u00a0\u00bbdefault\u00a0\u00bb gallery_style=\u00a0\u00bb7&Prime; load_in_animation=\u00a0\u00bbfade_in\u00a0\u00bb][\/vc_column_inner][\/vc_row_inner][\/vc_column][\/vc_row][vc_row type=\u00a0\u00bbfull_width_content\u00a0\u00bb full_screen_row_position=\u00a0\u00bbmiddle\u00a0\u00bb column_margin=\u00a0\u00bbdefault\u00a0\u00bb bg_color=\u00a0\u00bb#494949&Prime; scene_position=\u00a0\u00bbcenter\u00a0\u00bb text_color=\u00a0\u00bblight\u00a0\u00bb text_align=\u00a0\u00bbleft\u00a0\u00bb top_padding=\u00a0\u00bb60&Prime; bottom_padding=\u00a0\u00bb60&Prime; enable_gradient=\u00a0\u00bbtrue\u00a0\u00bb color_overlay=\u00a0\u00bb#727272&Prime; color_overlay_2=\u00a0\u00bb#515151&Prime; gradient_direction=\u00a0\u00bbtop_to_bottom\u00a0\u00bb overlay_strength=\u00a0\u00bb1&Prime; shape_divider_position=\u00a0\u00bbbottom\u00a0\u00bb bg_image_animation=\u00a0\u00bbnone\u00a0\u00bb shape_type=\u00a0\u00bb\u00a0\u00bb][vc_column centered_text=\u00a0\u00bbtrue\u00a0\u00bb column_padding=\u00a0\u00bbno-extra-padding\u00a0\u00bb column_padding_position=\u00a0\u00bbtop-bottom\u00a0\u00bb background_color_opacity=\u00a0\u00bb1&Prime; background_hover_color_opacity=\u00a0\u00bb1&Prime; column_link_target=\u00a0\u00bb_self\u00a0\u00bb column_shadow=\u00a0\u00bbnone\u00a0\u00bb column_border_radius=\u00a0\u00bbnone\u00a0\u00bb width=\u00a0\u00bb1\/1&Prime; tablet_width_inherit=\u00a0\u00bbdefault\u00a0\u00bb tablet_text_alignment=\u00a0\u00bbdefault\u00a0\u00bb phone_text_alignment=\u00a0\u00bbdefault\u00a0\u00bb overlay_strength=\u00a0\u00bb0.3&Prime; column_border_width=\u00a0\u00bbnone\u00a0\u00bb column_border_style=\u00a0\u00bbsolid\u00a0\u00bb bg_image_animation=\u00a0\u00bbnone\u00a0\u00bb][vc_column_text css=\u00a0\u00bb.vc_custom_1571764668601{border-top-width: 0px !important;border-top-color: rgba(255,255,255,0.11) !important;border-top-style: solid !important;}\u00a0\u00bb]\n<h2>Comment pouvons-nous vous aider \u00e0 r\u00e9aliser votre vision?<\/h2>\n[\/vc_column_text][vc_column_text css=\u00a0\u00bb.vc_custom_1571773737849{padding-top: 20px !important;}\u00a0\u00bb]<a class=\"nectar-button n-sc-button large see-through-2\"  href=\"https:\/\/fhperry.com\/contact-us\/\" data-color-override=\"false\" data-hover-color-override=\"false\" data-hover-text-color-override=\"#fff\"><span>Contactez-nous<\/span><\/a>[\/vc_column_text][\/vc_column][\/vc_row]\n","protected":false},"excerpt":{"rendered":"<p>[vc_row type=\u00a0\u00bbfull_width_content\u00a0\u00bb full_screen_row_position=\u00a0\u00bbmiddle\u00a0\u00bb column_margin=\u00a0\u00bbdefault\u00a0\u00bb bg_image=\u00a0\u00bb6642&Prime; bg_position=\u00a0\u00bbright top\u00a0\u00bb bg_repeat=\u00a0\u00bbno-repeat\u00a0\u00bb bg_color=\u00a0\u00bb#ffffff\u00a0\u00bb scene_position=\u00a0\u00bbcenter\u00a0\u00bb text_color=\u00a0\u00bbdark\u00a0\u00bb text_align=\u00a0\u00bbcenter\u00a0\u00bb top_padding=\u00a0\u00bb60&Prime; bottom_padding=\u00a0\u00bb20&Prime; class=\u00a0\u00bbf-bg\u00a0\u00bb overlay_strength=\u00a0\u00bb0.3&Prime; shape_divider_position=\u00a0\u00bbbottom\u00a0\u00bb bg_image_animation=\u00a0\u00bbnone\u00a0\u00bb shape_type=\u00a0\u00bb\u00a0\u00bb][vc_column column_padding=\u00a0\u00bbno-extra-padding\u00a0\u00bb column_padding_position=\u00a0\u00bball\u00a0\u00bb background_color_opacity=\u00a0\u00bb1&Prime; background_hover_color_opacity=\u00a0\u00bb1&Prime; column_link_target=\u00a0\u00bb_self\u00a0\u00bb column_shadow=\u00a0\u00bbnone\u00a0\u00bb column_border_radius=\u00a0\u00bbnone\u00a0\u00bb width=\u00a0\u00bb1\/1&Prime; tablet_width_inherit=\u00a0\u00bbdefault\u00a0\u00bb tablet_text_alignment=\u00a0\u00bbdefault\u00a0\u00bb phone_text_alignment=\u00a0\u00bbdefault\u00a0\u00bb&#8230;<\/p>\n","protected":false},"author":22,"featured_media":0,"parent":0,"menu_order":0,"comment_status":"closed","ping_status":"closed","template":"","meta":{"footnotes":""},"class_list":["post-12173","page","type-page","status-publish"],"yoast_head":"<!-- This site is optimized with the Yoast SEO plugin v27.1.1 - https:\/\/yoast.com\/product\/yoast-seo-wordpress\/ -->\n<title>R\u00e9novation \/ Restauration historique - Constructeur F.H. Perry<\/title>\n<meta name=\"robots\" content=\"index, follow, max-snippet:-1, max-image-preview:large, max-video-preview:-1\" \/>\n<link rel=\"canonical\" href=\"https:\/\/fhperry.com\/fr\/renovation-restauration-historique\/\" \/>\n<meta property=\"og:locale\" content=\"fr_FR\" \/>\n<meta property=\"og:type\" content=\"article\" \/>\n<meta property=\"og:title\" content=\"R\u00e9novation \/ Restauration historique - Constructeur F.H. Perry\" \/>\n<meta property=\"og:description\" content=\"[vc_row type=\u00a0\u00bbfull_width_content\u00a0\u00bb full_screen_row_position=\u00a0\u00bbmiddle\u00a0\u00bb column_margin=\u00a0\u00bbdefault\u00a0\u00bb bg_image=\u00a0\u00bb6642&Prime; bg_position=\u00a0\u00bbright top\u00a0\u00bb bg_repeat=\u00a0\u00bbno-repeat\u00a0\u00bb bg_color=\u00a0\u00bb#ffffff\u00a0\u00bb scene_position=\u00a0\u00bbcenter\u00a0\u00bb text_color=\u00a0\u00bbdark\u00a0\u00bb text_align=\u00a0\u00bbcenter\u00a0\u00bb top_padding=\u00a0\u00bb60&Prime; bottom_padding=\u00a0\u00bb20&Prime; class=\u00a0\u00bbf-bg\u00a0\u00bb overlay_strength=\u00a0\u00bb0.3&Prime; shape_divider_position=\u00a0\u00bbbottom\u00a0\u00bb bg_image_animation=\u00a0\u00bbnone\u00a0\u00bb shape_type=\u00a0\u00bb\u00a0\u00bb][vc_column column_padding=\u00a0\u00bbno-extra-padding\u00a0\u00bb column_padding_position=\u00a0\u00bball\u00a0\u00bb background_color_opacity=\u00a0\u00bb1&Prime; background_hover_color_opacity=\u00a0\u00bb1&Prime; column_link_target=\u00a0\u00bb_self\u00a0\u00bb column_shadow=\u00a0\u00bbnone\u00a0\u00bb column_border_radius=\u00a0\u00bbnone\u00a0\u00bb width=\u00a0\u00bb1\/1&Prime; tablet_width_inherit=\u00a0\u00bbdefault\u00a0\u00bb tablet_text_alignment=\u00a0\u00bbdefault\u00a0\u00bb phone_text_alignment=\u00a0\u00bbdefault\u00a0\u00bb...\" \/>\n<meta property=\"og:url\" content=\"https:\/\/fhperry.com\/fr\/renovation-restauration-historique\/\" \/>\n<meta property=\"og:site_name\" content=\"Constructeur F.H. Perry\" \/>\n<meta property=\"article:modified_time\" content=\"2022-06-01T18:45:40+00:00\" \/>\n<meta name=\"twitter:label1\" content=\"Dur\u00e9e de lecture estim\u00e9e\" \/>\n\t<meta name=\"twitter:data1\" content=\"3 minutes\" \/>\n<script type=\"application\/ld+json\" class=\"yoast-schema-graph\">{\"@context\":\"https:\/\/schema.org\",\"@graph\":[{\"@type\":\"WebPage\",\"@id\":\"https:\/\/fhperry.com\/fr\/renovation-restauration-historique\/\",\"url\":\"https:\/\/fhperry.com\/fr\/renovation-restauration-historique\/\",\"name\":\"R\u00e9novation \/ Restauration historique - Constructeur F.H. Perry\",\"isPartOf\":{\"@id\":\"https:\/\/fhperry.com\/fr\/#website\"},\"datePublished\":\"2019-11-05T21:41:55+00:00\",\"dateModified\":\"2022-06-01T18:45:40+00:00\",\"breadcrumb\":{\"@id\":\"https:\/\/fhperry.com\/fr\/renovation-restauration-historique\/#breadcrumb\"},\"inLanguage\":\"fr-FR\",\"potentialAction\":[{\"@type\":\"ReadAction\",\"target\":[\"https:\/\/fhperry.com\/fr\/renovation-restauration-historique\/\"]}]},{\"@type\":\"BreadcrumbList\",\"@id\":\"https:\/\/fhperry.com\/fr\/renovation-restauration-historique\/#breadcrumb\",\"itemListElement\":[{\"@type\":\"ListItem\",\"position\":1,\"name\":\"Domicile\",\"item\":\"https:\/\/fhperry.com\/fr\/accueil-copie-2\/\"},{\"@type\":\"ListItem\",\"position\":2,\"name\":\"R\u00e9novation \/ Restauration historique\"}]},{\"@type\":\"WebSite\",\"@id\":\"https:\/\/fhperry.com\/fr\/#website\",\"url\":\"https:\/\/fhperry.com\/fr\/\",\"name\":\"Constructeur F.H. Perry\",\"description\":\"\",\"potentialAction\":[{\"@type\":\"SearchAction\",\"target\":{\"@type\":\"EntryPoint\",\"urlTemplate\":\"https:\/\/fhperry.com\/fr\/?s={search_term_string}\"},\"query-input\":{\"@type\":\"PropertyValueSpecification\",\"valueRequired\":true,\"valueName\":\"search_term_string\"}}],\"inLanguage\":\"fr-FR\"}]}<\/script>\n<!-- \/ Yoast SEO plugin. -->","yoast_head_json":{"title":"R\u00e9novation \/ Restauration historique - Constructeur F.H. Perry","robots":{"index":"index","follow":"follow","max-snippet":"max-snippet:-1","max-image-preview":"max-image-preview:large","max-video-preview":"max-video-preview:-1"},"canonical":"https:\/\/fhperry.com\/fr\/renovation-restauration-historique\/","og_locale":"fr_FR","og_type":"article","og_title":"R\u00e9novation \/ Restauration historique - Constructeur F.H. Perry","og_description":"[vc_row type=\u00a0\u00bbfull_width_content\u00a0\u00bb full_screen_row_position=\u00a0\u00bbmiddle\u00a0\u00bb column_margin=\u00a0\u00bbdefault\u00a0\u00bb bg_image=\u00a0\u00bb6642&Prime; bg_position=\u00a0\u00bbright top\u00a0\u00bb bg_repeat=\u00a0\u00bbno-repeat\u00a0\u00bb bg_color=\u00a0\u00bb#ffffff\u00a0\u00bb scene_position=\u00a0\u00bbcenter\u00a0\u00bb text_color=\u00a0\u00bbdark\u00a0\u00bb text_align=\u00a0\u00bbcenter\u00a0\u00bb top_padding=\u00a0\u00bb60&Prime; bottom_padding=\u00a0\u00bb20&Prime; class=\u00a0\u00bbf-bg\u00a0\u00bb overlay_strength=\u00a0\u00bb0.3&Prime; shape_divider_position=\u00a0\u00bbbottom\u00a0\u00bb bg_image_animation=\u00a0\u00bbnone\u00a0\u00bb shape_type=\u00a0\u00bb\u00a0\u00bb][vc_column column_padding=\u00a0\u00bbno-extra-padding\u00a0\u00bb column_padding_position=\u00a0\u00bball\u00a0\u00bb background_color_opacity=\u00a0\u00bb1&Prime; background_hover_color_opacity=\u00a0\u00bb1&Prime; column_link_target=\u00a0\u00bb_self\u00a0\u00bb column_shadow=\u00a0\u00bbnone\u00a0\u00bb column_border_radius=\u00a0\u00bbnone\u00a0\u00bb width=\u00a0\u00bb1\/1&Prime; tablet_width_inherit=\u00a0\u00bbdefault\u00a0\u00bb tablet_text_alignment=\u00a0\u00bbdefault\u00a0\u00bb phone_text_alignment=\u00a0\u00bbdefault\u00a0\u00bb...","og_url":"https:\/\/fhperry.com\/fr\/renovation-restauration-historique\/","og_site_name":"Constructeur F.H. Perry","article_modified_time":"2022-06-01T18:45:40+00:00","twitter_misc":{"Dur\u00e9e de lecture estim\u00e9e":"3 minutes"},"schema":{"@context":"https:\/\/schema.org","@graph":[{"@type":"WebPage","@id":"https:\/\/fhperry.com\/fr\/renovation-restauration-historique\/","url":"https:\/\/fhperry.com\/fr\/renovation-restauration-historique\/","name":"R\u00e9novation \/ Restauration historique - Constructeur F.H. Perry","isPartOf":{"@id":"https:\/\/fhperry.com\/fr\/#website"},"datePublished":"2019-11-05T21:41:55+00:00","dateModified":"2022-06-01T18:45:40+00:00","breadcrumb":{"@id":"https:\/\/fhperry.com\/fr\/renovation-restauration-historique\/#breadcrumb"},"inLanguage":"fr-FR","potentialAction":[{"@type":"ReadAction","target":["https:\/\/fhperry.com\/fr\/renovation-restauration-historique\/"]}]},{"@type":"BreadcrumbList","@id":"https:\/\/fhperry.com\/fr\/renovation-restauration-historique\/#breadcrumb","itemListElement":[{"@type":"ListItem","position":1,"name":"Domicile","item":"https:\/\/fhperry.com\/fr\/accueil-copie-2\/"},{"@type":"ListItem","position":2,"name":"R\u00e9novation \/ Restauration historique"}]},{"@type":"WebSite","@id":"https:\/\/fhperry.com\/fr\/#website","url":"https:\/\/fhperry.com\/fr\/","name":"Constructeur F.H. Perry","description":"","potentialAction":[{"@type":"SearchAction","target":{"@type":"EntryPoint","urlTemplate":"https:\/\/fhperry.com\/fr\/?s={search_term_string}"},"query-input":{"@type":"PropertyValueSpecification","valueRequired":true,"valueName":"search_term_string"}}],"inLanguage":"fr-FR"}]}},"_links":{"self":[{"href":"https:\/\/fhperry.com\/fr\/wp-json\/wp\/v2\/pages\/12173","targetHints":{"allow":["GET"]}}],"collection":[{"href":"https:\/\/fhperry.com\/fr\/wp-json\/wp\/v2\/pages"}],"about":[{"href":"https:\/\/fhperry.com\/fr\/wp-json\/wp\/v2\/types\/page"}],"author":[{"embeddable":true,"href":"https:\/\/fhperry.com\/fr\/wp-json\/wp\/v2\/users\/22"}],"replies":[{"embeddable":true,"href":"https:\/\/fhperry.com\/fr\/wp-json\/wp\/v2\/comments?post=12173"}],"version-history":[{"count":2,"href":"https:\/\/fhperry.com\/fr\/wp-json\/wp\/v2\/pages\/12173\/revisions"}],"predecessor-version":[{"id":12203,"href":"https:\/\/fhperry.com\/fr\/wp-json\/wp\/v2\/pages\/12173\/revisions\/12203"}],"wp:attachment":[{"href":"https:\/\/fhperry.com\/fr\/wp-json\/wp\/v2\/media?parent=12173"}],"curies":[{"name":"wp","href":"https:\/\/api.w.org\/{rel}","templated":true}]}}