{"id":12125,"date":"2019-10-15T19:37:49","date_gmt":"2019-10-15T19:37:49","guid":{"rendered":"https:\/\/fhperry.com\/cuisines\/"},"modified":"2022-06-01T18:45:26","modified_gmt":"2022-06-01T18:45:26","slug":"cuisines","status":"publish","type":"page","link":"https:\/\/fhperry.com\/fr\/cuisines\/","title":{"rendered":"Cuisines"},"content":{"rendered":"[vc_row type=\u00a0\u00bbfull_width_content\u00a0\u00bb full_screen_row_position=\u00a0\u00bbmiddle\u00a0\u00bb column_margin=\u00a0\u00bbdefault\u00a0\u00bb bg_image=\u00a0\u00bb6642&Prime; bg_position=\u00a0\u00bbright top\u00a0\u00bb bg_repeat=\u00a0\u00bbno-repeat\u00a0\u00bb bg_color=\u00a0\u00bb#ffffff\u00a0\u00bb scene_position=\u00a0\u00bbcenter\u00a0\u00bb text_color=\u00a0\u00bbdark\u00a0\u00bb text_align=\u00a0\u00bbcenter\u00a0\u00bb top_padding=\u00a0\u00bb60&Prime; bottom_padding=\u00a0\u00bb20&Prime; class=\u00a0\u00bbf-bg\u00a0\u00bb overlay_strength=\u00a0\u00bb0.3&Prime; shape_divider_position=\u00a0\u00bbbottom\u00a0\u00bb bg_image_animation=\u00a0\u00bbnone\u00a0\u00bb shape_type=\u00a0\u00bb\u00a0\u00bb][vc_column column_padding=\u00a0\u00bbno-extra-padding\u00a0\u00bb column_padding_position=\u00a0\u00bball\u00a0\u00bb background_color_opacity=\u00a0\u00bb1&Prime; background_hover_color_opacity=\u00a0\u00bb1&Prime; column_link_target=\u00a0\u00bb_self\u00a0\u00bb column_shadow=\u00a0\u00bbnone\u00a0\u00bb column_border_radius=\u00a0\u00bbnone\u00a0\u00bb width=\u00a0\u00bb1\/1&Prime; tablet_width_inherit=\u00a0\u00bbdefault\u00a0\u00bb tablet_text_alignment=\u00a0\u00bbdefault\u00a0\u00bb phone_text_alignment=\u00a0\u00bbdefault\u00a0\u00bb overlay_strength=\u00a0\u00bb0.3&Prime; column_border_width=\u00a0\u00bbnone\u00a0\u00bb column_border_style=\u00a0\u00bbsolid\u00a0\u00bb bg_image_animation=\u00a0\u00bbnone\u00a0\u00bb][vc_row_inner column_margin=\u00a0\u00bbnone\u00a0\u00bb bottom_padding=\u00a0\u00bb15&Prime; text_align=\u00a0\u00bbleft\u00a0\u00bb][vc_column_inner column_padding=\u00a0\u00bbno-extra-padding\u00a0\u00bb column_padding_position=\u00a0\u00bbbottom\u00a0\u00bb background_color_opacity=\u00a0\u00bb1&Prime; background_hover_color_opacity=\u00a0\u00bb1&Prime; column_shadow=\u00a0\u00bbnone\u00a0\u00bb column_border_radius=\u00a0\u00bbnone\u00a0\u00bb column_link_target=\u00a0\u00bb_self\u00a0\u00bb width=\u00a0\u00bb1\/1&Prime; tablet_width_inherit=\u00a0\u00bbdefault\u00a0\u00bb overlay_strength=\u00a0\u00bb0.3&Prime; column_border_width=\u00a0\u00bbnone\u00a0\u00bb column_border_style=\u00a0\u00bbsolid\u00a0\u00bb bg_image_animation=\u00a0\u00bbnone\u00a0\u00bb enable_animation=\u00a0\u00bbtrue\u00a0\u00bb animation=\u00a0\u00bbfade-in-from-bottom\u00a0\u00bb delay=\u00a0\u00bb200&Prime;][vc_column_text css=\u00a0\u00bb.vc_custom_1627414082196{padding-top: 20px !important;}\u00a0\u00bb max_width=\u00a0\u00bb800&Prime;]Vous avez donc cette id\u00e9e, cette inspiration incroyable pour la cuisine de vos r\u00eaves. Mais avouons-le, votre cuisine est le c\u0153ur de votre maison et l\u2019id\u00e9e de l\u2019arracher peut \u00eatre, eh bien, d\u00e9chirante. Nous comprenons. Notre travail, et la promesse que nous vous promettons, est de vous garder en vie, de garder votre m\u00e9nage existant stable dans ses routines et d\u2019ins\u00e9rer notre travail aussi soigneusement que possible dans un mode de vie d\u00e9j\u00e0 occup\u00e9.<\/p>\n<p>De votre chef de projet d\u00e9vou\u00e9 \u00e0 nos artisans experts, chaque membre de F.H. Perry Builder est inspir\u00e9 \u00e0 relever les d\u00e9fis avec des solutions cr\u00e9atives et un niveau constant de service personnalis\u00e9 in\u00e9gal\u00e9. Peut-\u00eatre aurez-vous besoin de nous pour installer une cuisine temporaire. Peut-\u00eatre aurez-vous besoin d\u2019un acc\u00e8s discret autour de la mise en sc\u00e8ne ext\u00e9rieure. Peut-\u00eatre aurez-vous besoin de nous pour entretenir l\u2019eau chaude, le gaz et l\u2019\u00e9lectricit\u00e9 afin qu\u2019il n\u2019y ait pas d\u2019interruption de votre service.<\/p>\n<p>Aborder un projet en mettant l\u2019accent sur vos besoins personnels signifie que nous voyons votre projet d\u2019un point de vue compatissant. Cela signifie que nous voyons vos espoirs et vos craintes tout comme vous le faites et nous voyons \u00e9galement des moyens inventifs d\u2019exploiter le pouvoir des possibilit\u00e9s.[\/vc_column_text][image_with_animation image_url=\u00a0\u00bb6213&Prime; alignment=\u00a0\u00bbcenter\u00a0\u00bb animation=\u00a0\u00bbFade In\u00a0\u00bb hover_animation=\u00a0\u00bbnone\u00a0\u00bb border_radius=\u00a0\u00bbnone\u00a0\u00bb box_shadow=\u00a0\u00bbnone\u00a0\u00bb image_loading=\u00a0\u00bbdefault\u00a0\u00bb max_width=\u00a0\u00bb50%\u00a0\u00bb max_width_mobile=\u00a0\u00bbdefault\u00a0\u00bb el_class=\u00a0\u00bbarrow-down\u00a0\u00bb margin_bottom=\u00a0\u00bb30&Prime;][vc_gallery type=\u00a0\u00bbimage_grid\u00a0\u00bb images=\u00a0\u00bb6754,6755,6756,6757,6758,6759,6760,6761,6762,6763,6764,6765,6766,6767,6955,6954,6953,6952,6962&Prime; layout=\u00a0\u00bbfullwidth\u00a0\u00bb item_spacing=\u00a0\u00bbdefault\u00a0\u00bb gallery_style=\u00a0\u00bb7&Prime; load_in_animation=\u00a0\u00bbfade_in\u00a0\u00bb][\/vc_column_inner][\/vc_row_inner][\/vc_column][\/vc_row][vc_row type=\u00a0\u00bbfull_width_content\u00a0\u00bb full_screen_row_position=\u00a0\u00bbmiddle\u00a0\u00bb column_margin=\u00a0\u00bbdefault\u00a0\u00bb bg_color=\u00a0\u00bb#494949&Prime; scene_position=\u00a0\u00bbcenter\u00a0\u00bb text_color=\u00a0\u00bblight\u00a0\u00bb text_align=\u00a0\u00bbleft\u00a0\u00bb top_padding=\u00a0\u00bb60&Prime; bottom_padding=\u00a0\u00bb60&Prime; enable_gradient=\u00a0\u00bbtrue\u00a0\u00bb color_overlay=\u00a0\u00bb#727272&Prime; color_overlay_2=\u00a0\u00bb#515151&Prime; gradient_direction=\u00a0\u00bbtop_to_bottom\u00a0\u00bb overlay_strength=\u00a0\u00bb1&Prime; shape_divider_position=\u00a0\u00bbbottom\u00a0\u00bb bg_image_animation=\u00a0\u00bbnone\u00a0\u00bb shape_type=\u00a0\u00bb\u00a0\u00bb][vc_column centered_text=\u00a0\u00bbtrue\u00a0\u00bb column_padding=\u00a0\u00bbno-extra-padding\u00a0\u00bb column_padding_position=\u00a0\u00bbtop-bottom\u00a0\u00bb background_color_opacity=\u00a0\u00bb1&Prime; background_hover_color_opacity=\u00a0\u00bb1&Prime; column_link_target=\u00a0\u00bb_self\u00a0\u00bb column_shadow=\u00a0\u00bbnone\u00a0\u00bb column_border_radius=\u00a0\u00bbnone\u00a0\u00bb width=\u00a0\u00bb1\/1&Prime; tablet_width_inherit=\u00a0\u00bbdefault\u00a0\u00bb tablet_text_alignment=\u00a0\u00bbdefault\u00a0\u00bb phone_text_alignment=\u00a0\u00bbdefault\u00a0\u00bb overlay_strength=\u00a0\u00bb0.3&Prime; column_border_width=\u00a0\u00bbnone\u00a0\u00bb column_border_style=\u00a0\u00bbsolid\u00a0\u00bb bg_image_animation=\u00a0\u00bbnone\u00a0\u00bb][vc_column_text css=\u00a0\u00bb.vc_custom_1571764668601{border-top-width: 0px !important;border-top-color: rgba(255,255,255,0.11) !important;border-top-style: solid !important;}\u00a0\u00bb]\n<h2>Comment pouvons-nous vous aider \u00e0 r\u00e9aliser votre vision?<\/h2>\n[\/vc_column_text][vc_column_text css=\u00a0\u00bb.vc_custom_1571773737849{padding-top: 20px !important;}\u00a0\u00bb]<a class=\"nectar-button n-sc-button large see-through-2\"  href=\"https:\/\/fhperry.com\/contact-us\/\" data-color-override=\"false\" data-hover-color-override=\"false\" data-hover-text-color-override=\"#fff\"><span>Contactez-nous<\/span><\/a>[\/vc_column_text][\/vc_column][\/vc_row]\n","protected":false},"excerpt":{"rendered":"<p>[vc_row type=\u00a0\u00bbfull_width_content\u00a0\u00bb full_screen_row_position=\u00a0\u00bbmiddle\u00a0\u00bb column_margin=\u00a0\u00bbdefault\u00a0\u00bb bg_image=\u00a0\u00bb6642&Prime; bg_position=\u00a0\u00bbright top\u00a0\u00bb bg_repeat=\u00a0\u00bbno-repeat\u00a0\u00bb bg_color=\u00a0\u00bb#ffffff\u00a0\u00bb scene_position=\u00a0\u00bbcenter\u00a0\u00bb text_color=\u00a0\u00bbdark\u00a0\u00bb text_align=\u00a0\u00bbcenter\u00a0\u00bb top_padding=\u00a0\u00bb60&Prime; bottom_padding=\u00a0\u00bb20&Prime; class=\u00a0\u00bbf-bg\u00a0\u00bb overlay_strength=\u00a0\u00bb0.3&Prime; shape_divider_position=\u00a0\u00bbbottom\u00a0\u00bb bg_image_animation=\u00a0\u00bbnone\u00a0\u00bb shape_type=\u00a0\u00bb\u00a0\u00bb][vc_column column_padding=\u00a0\u00bbno-extra-padding\u00a0\u00bb column_padding_position=\u00a0\u00bball\u00a0\u00bb background_color_opacity=\u00a0\u00bb1&Prime; background_hover_color_opacity=\u00a0\u00bb1&Prime; column_link_target=\u00a0\u00bb_self\u00a0\u00bb column_shadow=\u00a0\u00bbnone\u00a0\u00bb column_border_radius=\u00a0\u00bbnone\u00a0\u00bb width=\u00a0\u00bb1\/1&Prime; tablet_width_inherit=\u00a0\u00bbdefault\u00a0\u00bb tablet_text_alignment=\u00a0\u00bbdefault\u00a0\u00bb phone_text_alignment=\u00a0\u00bbdefault\u00a0\u00bb&#8230;<\/p>\n","protected":false},"author":22,"featured_media":0,"parent":0,"menu_order":0,"comment_status":"closed","ping_status":"closed","template":"","meta":{"footnotes":""},"class_list":["post-12125","page","type-page","status-publish"],"yoast_head":"<!-- This site is optimized with the Yoast SEO plugin v27.3 - https:\/\/yoast.com\/product\/yoast-seo-wordpress\/ -->\n<title>Cuisines - Constructeur F.H. Perry<\/title>\n<meta name=\"robots\" content=\"index, follow, max-snippet:-1, max-image-preview:large, max-video-preview:-1\" \/>\n<link rel=\"canonical\" href=\"https:\/\/fhperry.com\/fr\/cuisines\/\" \/>\n<meta property=\"og:locale\" content=\"fr_FR\" \/>\n<meta property=\"og:type\" content=\"article\" \/>\n<meta property=\"og:title\" content=\"Cuisines - Constructeur F.H. Perry\" \/>\n<meta property=\"og:description\" content=\"[vc_row type=\u00a0\u00bbfull_width_content\u00a0\u00bb full_screen_row_position=\u00a0\u00bbmiddle\u00a0\u00bb column_margin=\u00a0\u00bbdefault\u00a0\u00bb bg_image=\u00a0\u00bb6642&Prime; bg_position=\u00a0\u00bbright top\u00a0\u00bb bg_repeat=\u00a0\u00bbno-repeat\u00a0\u00bb bg_color=\u00a0\u00bb#ffffff\u00a0\u00bb scene_position=\u00a0\u00bbcenter\u00a0\u00bb text_color=\u00a0\u00bbdark\u00a0\u00bb text_align=\u00a0\u00bbcenter\u00a0\u00bb top_padding=\u00a0\u00bb60&Prime; bottom_padding=\u00a0\u00bb20&Prime; class=\u00a0\u00bbf-bg\u00a0\u00bb overlay_strength=\u00a0\u00bb0.3&Prime; shape_divider_position=\u00a0\u00bbbottom\u00a0\u00bb bg_image_animation=\u00a0\u00bbnone\u00a0\u00bb shape_type=\u00a0\u00bb\u00a0\u00bb][vc_column column_padding=\u00a0\u00bbno-extra-padding\u00a0\u00bb column_padding_position=\u00a0\u00bball\u00a0\u00bb background_color_opacity=\u00a0\u00bb1&Prime; background_hover_color_opacity=\u00a0\u00bb1&Prime; column_link_target=\u00a0\u00bb_self\u00a0\u00bb column_shadow=\u00a0\u00bbnone\u00a0\u00bb column_border_radius=\u00a0\u00bbnone\u00a0\u00bb width=\u00a0\u00bb1\/1&Prime; tablet_width_inherit=\u00a0\u00bbdefault\u00a0\u00bb tablet_text_alignment=\u00a0\u00bbdefault\u00a0\u00bb phone_text_alignment=\u00a0\u00bbdefault\u00a0\u00bb...\" \/>\n<meta property=\"og:url\" content=\"https:\/\/fhperry.com\/fr\/cuisines\/\" \/>\n<meta property=\"og:site_name\" content=\"Constructeur F.H. Perry\" \/>\n<meta property=\"article:modified_time\" content=\"2022-06-01T18:45:26+00:00\" \/>\n<meta name=\"twitter:label1\" content=\"Dur\u00e9e de lecture estim\u00e9e\" \/>\n\t<meta name=\"twitter:data1\" content=\"3 minutes\" \/>\n<script type=\"application\/ld+json\" class=\"yoast-schema-graph\">{\"@context\":\"https:\\\/\\\/schema.org\",\"@graph\":[{\"@type\":\"WebPage\",\"@id\":\"https:\\\/\\\/fhperry.com\\\/fr\\\/cuisines\\\/\",\"url\":\"https:\\\/\\\/fhperry.com\\\/fr\\\/cuisines\\\/\",\"name\":\"Cuisines - Constructeur F.H. Perry\",\"isPartOf\":{\"@id\":\"https:\\\/\\\/fhperry.com\\\/fr\\\/#website\"},\"datePublished\":\"2019-10-15T19:37:49+00:00\",\"dateModified\":\"2022-06-01T18:45:26+00:00\",\"breadcrumb\":{\"@id\":\"https:\\\/\\\/fhperry.com\\\/fr\\\/cuisines\\\/#breadcrumb\"},\"inLanguage\":\"fr-FR\",\"potentialAction\":[{\"@type\":\"ReadAction\",\"target\":[\"https:\\\/\\\/fhperry.com\\\/fr\\\/cuisines\\\/\"]}]},{\"@type\":\"BreadcrumbList\",\"@id\":\"https:\\\/\\\/fhperry.com\\\/fr\\\/cuisines\\\/#breadcrumb\",\"itemListElement\":[{\"@type\":\"ListItem\",\"position\":1,\"name\":\"Domicile\",\"item\":\"https:\\\/\\\/fhperry.com\\\/fr\\\/accueil-copie-2\\\/\"},{\"@type\":\"ListItem\",\"position\":2,\"name\":\"Cuisines\"}]},{\"@type\":\"WebSite\",\"@id\":\"https:\\\/\\\/fhperry.com\\\/fr\\\/#website\",\"url\":\"https:\\\/\\\/fhperry.com\\\/fr\\\/\",\"name\":\"Constructeur F.H. Perry\",\"description\":\"\",\"potentialAction\":[{\"@type\":\"SearchAction\",\"target\":{\"@type\":\"EntryPoint\",\"urlTemplate\":\"https:\\\/\\\/fhperry.com\\\/fr\\\/?s={search_term_string}\"},\"query-input\":{\"@type\":\"PropertyValueSpecification\",\"valueRequired\":true,\"valueName\":\"search_term_string\"}}],\"inLanguage\":\"fr-FR\"}]}<\/script>\n<!-- \/ Yoast SEO plugin. -->","yoast_head_json":{"title":"Cuisines - Constructeur F.H. Perry","robots":{"index":"index","follow":"follow","max-snippet":"max-snippet:-1","max-image-preview":"max-image-preview:large","max-video-preview":"max-video-preview:-1"},"canonical":"https:\/\/fhperry.com\/fr\/cuisines\/","og_locale":"fr_FR","og_type":"article","og_title":"Cuisines - Constructeur F.H. Perry","og_description":"[vc_row type=\u00a0\u00bbfull_width_content\u00a0\u00bb full_screen_row_position=\u00a0\u00bbmiddle\u00a0\u00bb column_margin=\u00a0\u00bbdefault\u00a0\u00bb bg_image=\u00a0\u00bb6642&Prime; bg_position=\u00a0\u00bbright top\u00a0\u00bb bg_repeat=\u00a0\u00bbno-repeat\u00a0\u00bb bg_color=\u00a0\u00bb#ffffff\u00a0\u00bb scene_position=\u00a0\u00bbcenter\u00a0\u00bb text_color=\u00a0\u00bbdark\u00a0\u00bb text_align=\u00a0\u00bbcenter\u00a0\u00bb top_padding=\u00a0\u00bb60&Prime; bottom_padding=\u00a0\u00bb20&Prime; class=\u00a0\u00bbf-bg\u00a0\u00bb overlay_strength=\u00a0\u00bb0.3&Prime; shape_divider_position=\u00a0\u00bbbottom\u00a0\u00bb bg_image_animation=\u00a0\u00bbnone\u00a0\u00bb shape_type=\u00a0\u00bb\u00a0\u00bb][vc_column column_padding=\u00a0\u00bbno-extra-padding\u00a0\u00bb column_padding_position=\u00a0\u00bball\u00a0\u00bb background_color_opacity=\u00a0\u00bb1&Prime; background_hover_color_opacity=\u00a0\u00bb1&Prime; column_link_target=\u00a0\u00bb_self\u00a0\u00bb column_shadow=\u00a0\u00bbnone\u00a0\u00bb column_border_radius=\u00a0\u00bbnone\u00a0\u00bb width=\u00a0\u00bb1\/1&Prime; tablet_width_inherit=\u00a0\u00bbdefault\u00a0\u00bb tablet_text_alignment=\u00a0\u00bbdefault\u00a0\u00bb phone_text_alignment=\u00a0\u00bbdefault\u00a0\u00bb...","og_url":"https:\/\/fhperry.com\/fr\/cuisines\/","og_site_name":"Constructeur F.H. Perry","article_modified_time":"2022-06-01T18:45:26+00:00","twitter_misc":{"Dur\u00e9e de lecture estim\u00e9e":"3 minutes"},"schema":{"@context":"https:\/\/schema.org","@graph":[{"@type":"WebPage","@id":"https:\/\/fhperry.com\/fr\/cuisines\/","url":"https:\/\/fhperry.com\/fr\/cuisines\/","name":"Cuisines - Constructeur F.H. Perry","isPartOf":{"@id":"https:\/\/fhperry.com\/fr\/#website"},"datePublished":"2019-10-15T19:37:49+00:00","dateModified":"2022-06-01T18:45:26+00:00","breadcrumb":{"@id":"https:\/\/fhperry.com\/fr\/cuisines\/#breadcrumb"},"inLanguage":"fr-FR","potentialAction":[{"@type":"ReadAction","target":["https:\/\/fhperry.com\/fr\/cuisines\/"]}]},{"@type":"BreadcrumbList","@id":"https:\/\/fhperry.com\/fr\/cuisines\/#breadcrumb","itemListElement":[{"@type":"ListItem","position":1,"name":"Domicile","item":"https:\/\/fhperry.com\/fr\/accueil-copie-2\/"},{"@type":"ListItem","position":2,"name":"Cuisines"}]},{"@type":"WebSite","@id":"https:\/\/fhperry.com\/fr\/#website","url":"https:\/\/fhperry.com\/fr\/","name":"Constructeur F.H. Perry","description":"","potentialAction":[{"@type":"SearchAction","target":{"@type":"EntryPoint","urlTemplate":"https:\/\/fhperry.com\/fr\/?s={search_term_string}"},"query-input":{"@type":"PropertyValueSpecification","valueRequired":true,"valueName":"search_term_string"}}],"inLanguage":"fr-FR"}]}},"_links":{"self":[{"href":"https:\/\/fhperry.com\/fr\/wp-json\/wp\/v2\/pages\/12125","targetHints":{"allow":["GET"]}}],"collection":[{"href":"https:\/\/fhperry.com\/fr\/wp-json\/wp\/v2\/pages"}],"about":[{"href":"https:\/\/fhperry.com\/fr\/wp-json\/wp\/v2\/types\/page"}],"author":[{"embeddable":true,"href":"https:\/\/fhperry.com\/fr\/wp-json\/wp\/v2\/users\/22"}],"replies":[{"embeddable":true,"href":"https:\/\/fhperry.com\/fr\/wp-json\/wp\/v2\/comments?post=12125"}],"version-history":[{"count":2,"href":"https:\/\/fhperry.com\/fr\/wp-json\/wp\/v2\/pages\/12125\/revisions"}],"predecessor-version":[{"id":12137,"href":"https:\/\/fhperry.com\/fr\/wp-json\/wp\/v2\/pages\/12125\/revisions\/12137"}],"wp:attachment":[{"href":"https:\/\/fhperry.com\/fr\/wp-json\/wp\/v2\/media?parent=12125"}],"curies":[{"name":"wp","href":"https:\/\/api.w.org\/{rel}","templated":true}]}}