{"id":15164,"date":"2021-07-21T22:53:20","date_gmt":"2021-07-21T22:53:20","guid":{"rendered":"https:\/\/fhperry.com\/prueba-de-libro\/"},"modified":"2023-05-09T18:04:49","modified_gmt":"2023-05-09T18:04:49","slug":"prueba-de-libro","status":"publish","type":"page","link":"https:\/\/fhperry.com\/es\/prueba-de-libro\/","title":{"rendered":"Liderando con CORAZ\u00d3N"},"content":{"rendered":"[vc_row type=\u00bbfull_width_background\u00bb full_screen_row_position=\u00bbmiddle\u00bb column_margin=\u00bbdefault\u00bb column_direction=\u00bbdefault\u00bb column_direction_tablet=\u00bbdefault\u00bb column_direction_phone=\u00bbdefault\u00bb bg_color=\u00bb#ffffff\u00bb bg_image=\u00bb6642&#8243; bg_position=\u00bbright top\u00bb background_image_loading=\u00bbdefault\u00bb bg_repeat=\u00bbno-repeat\u00bb scene_position=\u00bbcenter\u00bb top_padding=\u00bb60&#8243; bottom_padding=\u00bb20&#8243; text_color=\u00bbdark\u00bb text_align=\u00bbleft\u00bb row_border_radius=\u00bbnone\u00bb row_border_radius_applies=\u00bbbg\u00bb overflow=\u00bbvisible\u00bb class=\u00bbf-bg\u00bb overlay_strength=\u00bb0.3&#8243; gradient_direction=\u00bbleft_to_right\u00bb shape_divider_position=\u00bbbottom\u00bb bg_image_animation=\u00bbnone\u00bb shape_type=\u00bb\u00bb gradient_type=\u00bbdefault\u00bb][vc_column column_padding=\u00bbno-extra-padding\u00bb column_padding_tablet=\u00bbinherit\u00bb column_padding_phone=\u00bbinherit\u00bb column_padding_position=\u00bball\u00bb column_element_direction_desktop=\u00bbdefault\u00bb column_element_spacing=\u00bbdefault\u00bb centered_text=\u00bbtrue\u00bb desktop_text_alignment=\u00bbdefault\u00bb tablet_text_alignment=\u00bbdefault\u00bb phone_text_alignment=\u00bbdefault\u00bb background_color_opacity=\u00bb1&#8243; background_hover_color_opacity=\u00bb1&#8243; column_backdrop_filter=\u00bbnone\u00bb column_shadow=\u00bbnone\u00bb column_border_radius=\u00bbnone\u00bb column_link_target=\u00bb_self\u00bb column_position=\u00bbdefault\u00bb gradient_direction=\u00bbleft_to_right\u00bb overlay_strength=\u00bb0.3&#8243; width=\u00bb1\/1&#8243; tablet_width_inherit=\u00bbdefault\u00bb animation_type=\u00bbdefault\u00bb bg_image_animation=\u00bbnone\u00bb border_type=\u00bbsimple\u00bb column_border_width=\u00bbnone\u00bb column_border_style=\u00bbsolid\u00bb column_padding_type=\u00bbdefault\u00bb gradient_type=\u00bbdefault\u00bb][vc_row_inner content_placement=\u00bbmiddle\u00bb column_margin=\u00bbnone\u00bb column_direction=\u00bbdefault\u00bb column_direction_tablet=\u00bbdefault\u00bb column_direction_phone=\u00bbdefault\u00bb bottom_padding=\u00bb15&#8243; text_align=\u00bbleft\u00bb row_position=\u00bbdefault\u00bb row_position_tablet=\u00bbinherit\u00bb row_position_phone=\u00bbinherit\u00bb overflow=\u00bbvisible\u00bb pointer_events=\u00bball\u00bb][vc_column_inner column_padding=\u00bbno-extra-padding\u00bb column_padding_tablet=\u00bbinherit\u00bb column_padding_phone=\u00bbinherit\u00bb column_padding_position=\u00bbbottom\u00bb column_element_direction_desktop=\u00bbdefault\u00bb column_element_spacing=\u00bbdefault\u00bb centered_text=\u00bbtrue\u00bb desktop_text_alignment=\u00bbcenter\u00bb tablet_text_alignment=\u00bbdefault\u00bb phone_text_alignment=\u00bbdefault\u00bb background_color_opacity=\u00bb1&#8243; background_hover_color_opacity=\u00bb1&#8243; column_backdrop_filter=\u00bbnone\u00bb column_shadow=\u00bbnone\u00bb column_border_radius=\u00bbnone\u00bb column_link_target=\u00bb_self\u00bb overflow=\u00bbvisible\u00bb gradient_direction=\u00bbleft_to_right\u00bb overlay_strength=\u00bb0.3&#8243; width=\u00bb1\/3&#8243; tablet_width_inherit=\u00bbdefault\u00bb animation_type=\u00bbdefault\u00bb enable_animation=\u00bbtrue\u00bb animation=\u00bbfade-in-from-bottom\u00bb animation_easing=\u00bbdefault\u00bb bg_image_animation=\u00bbnone\u00bb border_type=\u00bbsimple\u00bb column_border_width=\u00bbnone\u00bb column_border_style=\u00bbsolid\u00bb delay=\u00bb200&#8243; column_padding_type=\u00bbdefault\u00bb gradient_type=\u00bbdefault\u00bb][vc_raw_html]PGRpdiBpZD0icHJvZHVjdC1jb21wb25lbnQtMTY3OTkyMTgzNDgzOSI+PC9kaXY+Cgo8c2NyaXB0IHR5cGU9InRleHQvamF2YXNjcmlwdCI+CgovKjwhW0NEQVRBWyovIChmdW5jdGlvbiAoKSB7IHZhciBzY3JpcHRVUkwgPSAnaHR0cHM6Ly9zZGtzLnNob3BpZnljZG4uY29tL2J1eS1idXR0b24vbGF0ZXN0L2J1eS1idXR0b24tc3RvcmVmcm9udC5taW4uanMnOyBpZiAod2luZG93LlNob3BpZnlCdXkpIHsgaWYgKHdpbmRvdy5TaG9waWZ5QnV5LlVJKSB7IFNob3BpZnlCdXlJbml0KCk7IH0gZWxzZSB7IGxvYWRTY3JpcHQoKTsgfSB9IGVsc2UgeyBsb2FkU2NyaXB0KCk7IH0gZnVuY3Rpb24gbG9hZFNjcmlwdCgpIHsgdmFyIHNjcmlwdCA9IGRvY3VtZW50LmNyZWF0ZUVsZW1lbnQoJ3NjcmlwdCcpOyBzY3JpcHQuYXN5bmMgPSB0cnVlOyBzY3JpcHQuc3JjID0gc2NyaXB0VVJMOyAoZG9jdW1lbnQuZ2V0RWxlbWVudHNCeVRhZ05hbWUoJ2hlYWQnKVswXSB8fCBkb2N1bWVudC5nZXRFbGVtZW50c0J5VGFnTmFtZSgnYm9keScpWzBdKS5hcHBlbmRDaGlsZChzY3JpcHQpOyBzY3JpcHQub25sb2FkID0gU2hvcGlmeUJ1eUluaXQ7IH0gZnVuY3Rpb24gU2hvcGlmeUJ1eUluaXQoKSB7IHZhciBjbGllbnQgPSBTaG9waWZ5QnV5LmJ1aWxkQ2xpZW50KHsgZG9tYWluOiAnd2VzdGVsbXByZXNzLm15c2hvcGlmeS5jb20nLCBzdG9yZWZyb250QWNjZXNzVG9rZW46ICc3ZTIxZTczOGNkYmIyYWU1NjEzNDRkMjNkNGQ2M2FjZicsIH0pOyBTaG9waWZ5QnV5LlVJLm9uUmVhZHkoY2xpZW50KS50aGVuKGZ1bmN0aW9uICh1aSkgeyB1aS5jcmVhdGVDb21wb25lbnQoJ3Byb2R1Y3QnLCB7IGlkOiAnODIxMTczNjE2NjcyMCcsIG5vZGU6IGRvY3VtZW50LmdldEVsZW1lbnRCeUlkKCdwcm9kdWN0LWNvbXBvbmVudC0xNjc5OTIxODM0ODM5JyksIG1vbmV5Rm9ybWF0OiAnJTI0JTdCJTdCYW1vdW50JTdEJTdEJywgb3B0aW9uczogeyAicHJvZHVjdCI6IHsgInN0eWxlcyI6IHsgInByb2R1Y3QiOiB7ICJAbWVkaWEgKG1pbi13aWR0aDogNjAxcHgpIjogeyAibWF4LXdpZHRoIjogImNhbGMoMjUlIC0gMjBweCkiLCAibWFyZ2luLWxlZnQiOiAiMjBweCIsICJtYXJnaW4tYm90dG9tIjogIjUwcHgiIH0gfSwgImJ1dHRvbiI6IHsgImZvbnQtZmFtaWx5IjogIkF2YW50IEdhcmRlLCBzYW5zLXNlcmlmIiwgIjpob3ZlciI6IHsgImJhY2tncm91bmQtY29sb3IiOiAiIzRlNzJhNCIgfSwgImJhY2tncm91bmQtY29sb3IiOiAiIzU3N2ZiNiIsICI6Zm9jdXMiOiB7ICJiYWNrZ3JvdW5kLWNvbG9yIjogIiM0ZTcyYTQiIH0gfSB9LCAidGV4dCI6IHsgImJ1dHRvbiI6ICJBZGQgdG8gY2FydCIgfSB9LCAicHJvZHVjdFNldCI6IHsgInN0eWxlcyI6IHsgInByb2R1Y3RzIjogeyAiQG1lZGlhIChtaW4td2lkdGg6IDYwMXB4KSI6IHsgIm1hcmdpbi1sZWZ0IjogIi0yMHB4IiB9IH0gfSB9LCAibW9kYWxQcm9kdWN0IjogeyAiY29udGVudHMiOiB7ICJpbWciOiBmYWxzZSwgImltZ1dpdGhDYXJvdXNlbCI6IHRydWUsICJidXR0b24iOiBmYWxzZSwgImJ1dHRvbldpdGhRdWFudGl0eSI6IHRydWUgfSwgInN0eWxlcyI6IHsgInByb2R1Y3QiOiB7ICJAbWVkaWEgKG1pbi13aWR0aDogNjAxcHgpIjogeyAibWF4LXdpZHRoIjogIjEwMCUiLCAibWFyZ2luLWxlZnQiOiAiMHB4IiwgIm1hcmdpbi1ib3R0b20iOiAiMHB4IiB9IH0sICJidXR0b24iOiB7ICJmb250LWZhbWlseSI6ICJBdmFudCBHYXJkZSwgc2Fucy1zZXJpZiIsICI6aG92ZXIiOiB7ICJiYWNrZ3JvdW5kLWNvbG9yIjogIiM0ZTcyYTQiIH0sICJiYWNrZ3JvdW5kLWNvbG9yIjogIiM1NzdmYjYiLCAiOmZvY3VzIjogeyAiYmFja2dyb3VuZC1jb2xvciI6ICIjNGU3MmE0IiB9IH0gfSwgInRleHQiOiB7ICJidXR0b24iOiAiQWRkIHRvIGNhcnQiIH0gfSwgIm9wdGlvbiI6IHt9LCAiY2FydCI6IHsgInN0eWxlcyI6IHsgImJ1dHRvbiI6IHsgImZvbnQtZmFtaWx5IjogIkF2YW50IEdhcmRlLCBzYW5zLXNlcmlmIiwgIjpob3ZlciI6IHsgImJhY2tncm91bmQtY29sb3IiOiAiIzRlNzJhNCIgfSwgImJhY2tncm91bmQtY29sb3IiOiAiIzU3N2ZiNiIsICI6Zm9jdXMiOiB7ICJiYWNrZ3JvdW5kLWNvbG9yIjogIiM0ZTcyYTQiIH0gfSB9LCAidGV4dCI6IHsgInRvdGFsIjogIlN1YnRvdGFsIiwgImJ1dHRvbiI6ICJDaGVja291dCIgfSB9LCAidG9nZ2xlIjogeyAic3R5bGVzIjogeyAidG9nZ2xlIjogeyAiZm9udC1mYW1pbHkiOiAiQXZhbnQgR2FyZGUsIHNhbnMtc2VyaWYiLCAiYmFja2dyb3VuZC1jb2xvciI6ICIjNTc3ZmI2IiwgIjpob3ZlciI6IHsgImJhY2tncm91bmQtY29sb3IiOiAiIzRlNzJhNCIgfSwgIjpmb2N1cyI6IHsgImJhY2tncm91bmQtY29sb3IiOiAiIzRlNzJhNCIgfSB9IH0gfSB9LCB9KTsgfSk7IH0gfSkoKTsgLypdXT4qLwoKPC9zY3JpcHQ+[\/vc_raw_html][\/vc_column_inner][vc_column_inner column_padding=\u00bbno-extra-padding\u00bb column_padding_tablet=\u00bbinherit\u00bb column_padding_phone=\u00bbinherit\u00bb column_padding_position=\u00bball\u00bb column_element_direction_desktop=\u00bbdefault\u00bb column_element_spacing=\u00bbdefault\u00bb desktop_text_alignment=\u00bbleft\u00bb tablet_text_alignment=\u00bbdefault\u00bb phone_text_alignment=\u00bbdefault\u00bb background_color_opacity=\u00bb1&#8243; background_hover_color_opacity=\u00bb1&#8243; column_backdrop_filter=\u00bbnone\u00bb column_shadow=\u00bbnone\u00bb column_border_radius=\u00bbnone\u00bb column_link_target=\u00bb_self\u00bb overflow=\u00bbvisible\u00bb gradient_direction=\u00bbleft_to_right\u00bb overlay_strength=\u00bb0.3&#8243; width=\u00bb2\/3&#8243; tablet_width_inherit=\u00bbdefault\u00bb animation_type=\u00bbdefault\u00bb bg_image_animation=\u00bbnone\u00bb border_type=\u00bbsimple\u00bb column_border_width=\u00bbnone\u00bb column_border_style=\u00bbsolid\u00bb column_padding_type=\u00bbdefault\u00bb gradient_type=\u00bbdefault\u00bb][vc_column_text]Lo que comenz\u00f3 como un ejercicio de marketing en 2014 se ha convertido en una colecci\u00f3n de ensayos que ofrecen una reflexi\u00f3n sobre un modelo de liderazgo y relaci\u00f3n con el cliente que se centra en una profunda conexi\u00f3n con la capacidad humana. Ingeniosos, conmovedores, sabios, los ensayos de Allison ofrecen informaci\u00f3n sobre c\u00f3mo dirigir un negocio, un equipo o un proyecto con calidez y experiencia.<\/p>\n<p>Este libro es un recurso incre\u00edble para los clientes que se embarcan con FH Perry Builder en una remodelaci\u00f3n importante, los l\u00edderes que buscan ideas frescas y convincentes para trabajar con empleados y equipos, o cualquier persona, realmente, que busque una visi\u00f3n refrescante de las interacciones humanas.<\/p>\n<p>Este libro te inspirar\u00e1 en la medida en que est\u00e9s dispuesto a que lo haga. Te conmover\u00e1n las conexiones de la vida cotidiana con ideales empresariales optimistas, reflexivos y centrados en el coraz\u00f3n.<\/p>\n<h2>Elogios por liderar con CORAZ\u00d3N&#8230;<\/h2>\n<p>&nbsp;<\/p>\n<blockquote style=\"font-size: 18px; font-style: italic; line-height: 26px;\"><p>La sabidur\u00eda, la experiencia empresarial, la habilidad de escritura y la calidez humana de Allison Iantosca la convierten en un recurso incre\u00edble para las personas que buscan informaci\u00f3n sobre &#8230; pozo&#8230; cualquier cosa. Sus percepciones son frescas y convincentes. Su entrega es humilde y aut\u00e9ntica. Sus ideas tienen una amplia aplicaci\u00f3n. Lea este libro.<\/p>\n<p><strong>Erika Mosse, Directora de Contenido, Remodeladora Profesional<\/strong><\/p><\/blockquote>\n<p>&nbsp;<\/p>\n<blockquote style=\"font-size: 18px; font-style: italic; line-height: 26px; margin-left: 0;\"><p>La magia de la escritura de Allison es que su mensaje siempre toca alg\u00fan aspecto de la vida de uno, ya sea comercial o personal, o ambos. Una cosa que s\u00e9 con certeza es que el tiempo dedicado a leer lo que escribe Allison es tiempo bien empleado. Este libro te inspirar\u00e1 en la medida en que est\u00e9s dispuesto a que lo haga. Tenga la seguridad de que ser\u00e1 una mejor persona debido a eso.<\/p>\n<p><strong>Rich Carlson, Presidente, Carlson Communications<\/strong><\/p><\/blockquote>\n<p>&nbsp;<\/p>\n<blockquote style=\"font-size: 18px; font-style: italic; line-height: 26px;\"><p>Algunos due\u00f1os de negocios de remodelaci\u00f3n son maestros en el \u00abc\u00f3mo\u00bb, pero muy pocos en el \u00abpor qu\u00e9\u00bb. Allison aporta color a un mundo de remodelaci\u00f3n en blanco y negro. No solo prescriptiva sino po\u00e9tica, leer su prosa no solo te har\u00e1 pensar, sino que te calentar\u00e1 el coraz\u00f3n.<\/p>\n<p><strong>Mark Richardson, Autor| Ponente| Asesor de la Industria de Remodelaci\u00f3n<\/strong><\/p><\/blockquote>\n<p>&nbsp;<\/p>\n<blockquote style=\"font-size: 18px; font-style: italic; line-height: 26px;\"><p>Los ensayos de Allison Iantosa ofrecen un modelo de liderazgo que no refleja una compensaci\u00f3n entre \u00abvalores y ganancias\u00bb. Ella sabe que es una elecci\u00f3n artificial y que realmente compromete a ambos. En cambio, las peque\u00f1as joyas que Allison crea nos recuerdan que liderar es una actividad hol\u00edstica, que requiere todo nuestro ser. Ser inteligente es bueno. Liderar tambi\u00e9n con coraz\u00f3n, en los negocios y en la vida, hace que haya menos decisiones dif\u00edciles, clientes m\u00e1s satisfechos e, incluso, mayores ganancias.<\/p>\n<p><strong>Pamela D.A. Reeve<\/strong>, <strong>Presidenta, The Women&#8217;s Edge<\/strong><\/p><\/blockquote>\n<p>&nbsp;<\/p>\n<blockquote style=\"font-size: 18px; font-style: italic; line-height: 26px;\"><p>Allison tiene una pasi\u00f3n por mejorar las cosas, para su empresa y sus empleados, su familia, su liderazgo y para el mundo. Te conmover\u00e1 c\u00f3mo conecta la vida cotidiana con ideales empresariales optimistas, inspiradores y centrados en el coraz\u00f3n.<\/p>\n<p><strong>Gerry Gaetz, Asesor, Director de la Junta, ex CEO<\/strong><\/p><\/blockquote>\n[\/vc_column_text][\/vc_column_inner][\/vc_row_inner][\/vc_column][\/vc_row][vc_row type=\u00bbin_container\u00bb full_screen_row_position=\u00bbmiddle\u00bb column_margin=\u00bbdefault\u00bb column_direction=\u00bbdefault\u00bb column_direction_tablet=\u00bbdefault\u00bb column_direction_phone=\u00bbdefault\u00bb bg_color=\u00bb#ffffff\u00bb bg_image=\u00bb6642&#8243; bg_position=\u00bbleft top\u00bb background_image_loading=\u00bbdefault\u00bb bg_repeat=\u00bbno-repeat\u00bb scene_position=\u00bbcenter\u00bb top_padding=\u00bb15&#8243; bottom_padding=\u00bb30&#8243; text_color=\u00bbdark\u00bb text_align=\u00bbleft\u00bb row_border_radius=\u00bbnone\u00bb row_border_radius_applies=\u00bbbg\u00bb overflow=\u00bbvisible\u00bb class=\u00bbf-bg\u00bb overlay_strength=\u00bb0.3&#8243; gradient_direction=\u00bbleft_to_right\u00bb shape_divider_position=\u00bbbottom\u00bb bg_image_animation=\u00bbnone\u00bb shape_type=\u00bb\u00bb][vc_column column_padding=\u00bbno-extra-padding\u00bb column_padding_tablet=\u00bbinherit\u00bb column_padding_phone=\u00bbinherit\u00bb column_padding_position=\u00bball\u00bb column_element_direction_desktop=\u00bbdefault\u00bb column_element_spacing=\u00bbdefault\u00bb centered_text=\u00bbtrue\u00bb desktop_text_alignment=\u00bbdefault\u00bb tablet_text_alignment=\u00bbdefault\u00bb phone_text_alignment=\u00bbdefault\u00bb background_color_opacity=\u00bb1&#8243; background_hover_color_opacity=\u00bb1&#8243; column_backdrop_filter=\u00bbnone\u00bb column_shadow=\u00bbnone\u00bb column_border_radius=\u00bbnone\u00bb column_link_target=\u00bb_self\u00bb column_position=\u00bbdefault\u00bb gradient_direction=\u00bbleft_to_right\u00bb overlay_strength=\u00bb0.3&#8243; width=\u00bb1\/1&#8243; tablet_width_inherit=\u00bbdefault\u00bb animation_type=\u00bbdefault\u00bb bg_image_animation=\u00bbnone\u00bb border_type=\u00bbsimple\u00bb column_border_width=\u00bbnone\u00bb column_border_style=\u00bbsolid\u00bb][image_with_animation image_url=\u00bb6213&#8243; image_size=\u00bbfull\u00bb animation_type=\u00bbentrance\u00bb animation=\u00bbFade In\u00bb animation_easing=\u00bbdefault\u00bb animation_movement_type=\u00bbtransform_y\u00bb hover_animation=\u00bbnone\u00bb alignment=\u00bbcenter\u00bb border_radius=\u00bbnone\u00bb box_shadow=\u00bbnone\u00bb image_loading=\u00bbdefault\u00bb max_width=\u00bb50%\u00bb max_width_mobile=\u00bbdefault\u00bb el_class=\u00bbarrow-down\u00bb margin_top=\u00bb0px\u00bb margin_bottom=\u00bb20px\u00bb][nectar_btn size=\u00bblarge\u00bb button_style=\u00bbsee-through\u00bb button_color_2=\u00bbAccent-Color\u00bb icon_family=\u00bb\u00bb url=\u00bbhttps:\/\/fhperry.com\/portfolio\/\u00bb text=\u00bbVer nuestro trabajo\u00bb][\/vc_column][\/vc_row][vc_row type=\u00bbfull_width_content\u00bb full_screen_row_position=\u00bbmiddle\u00bb column_margin=\u00bbdefault\u00bb column_direction=\u00bbdefault\u00bb column_direction_tablet=\u00bbdefault\u00bb column_direction_phone=\u00bbdefault\u00bb bg_color=\u00bb#494949&#8243; scene_position=\u00bbcenter\u00bb top_padding=\u00bb60&#8243; bottom_padding=\u00bb60&#8243; text_color=\u00bblight\u00bb text_align=\u00bbleft\u00bb row_border_radius=\u00bbnone\u00bb row_border_radius_applies=\u00bbbg\u00bb overflow=\u00bbvisible\u00bb enable_gradient=\u00bbtrue\u00bb color_overlay=\u00bb#727272&#8243; color_overlay_2=\u00bb#515151&#8243; overlay_strength=\u00bb1&#8243; gradient_direction=\u00bbtop_to_bottom\u00bb shape_divider_position=\u00bbbottom\u00bb bg_image_animation=\u00bbnone\u00bb shape_type=\u00bb\u00bb][vc_column column_padding=\u00bbno-extra-padding\u00bb column_padding_tablet=\u00bbinherit\u00bb column_padding_phone=\u00bbinherit\u00bb column_padding_position=\u00bbtop-bottom\u00bb column_element_direction_desktop=\u00bbdefault\u00bb column_element_spacing=\u00bbdefault\u00bb centered_text=\u00bbtrue\u00bb desktop_text_alignment=\u00bbdefault\u00bb tablet_text_alignment=\u00bbdefault\u00bb phone_text_alignment=\u00bbdefault\u00bb background_color_opacity=\u00bb1&#8243; background_hover_color_opacity=\u00bb1&#8243; column_backdrop_filter=\u00bbnone\u00bb column_shadow=\u00bbnone\u00bb column_border_radius=\u00bbnone\u00bb column_link_target=\u00bb_self\u00bb column_position=\u00bbdefault\u00bb gradient_direction=\u00bbleft_to_right\u00bb overlay_strength=\u00bb0.3&#8243; width=\u00bb1\/1&#8243; tablet_width_inherit=\u00bbdefault\u00bb animation_type=\u00bbdefault\u00bb bg_image_animation=\u00bbnone\u00bb border_type=\u00bbsimple\u00bb column_border_width=\u00bbnone\u00bb column_border_style=\u00bbsolid\u00bb][vc_column_text css=\u00bb.vc_custom_1571764668601{border-top-width: 0px !important;border-top-color: rgba(255,255,255,0.11) !important;border-top-style: solid !important;}\u00bb]\n<h2>\u00bfC\u00f3mo podemos ayudarle a realizar su visi\u00f3n?<\/h2>\n[\/vc_column_text][vc_column_text css=\u00bb.vc_custom_1571773737849{padding-top: 20px !important;}\u00bb]<a class=\"nectar-button n-sc-button large see-through-2\"  href=\"https:\/\/fhperry.com\/contact-us\/\" data-color-override=\"false\" data-hover-color-override=\"false\" data-hover-text-color-override=\"#fff\"><span>Cont\u00e1ctenos<\/span><\/a>[\/vc_column_text][\/vc_column][\/vc_row]\n","protected":false},"excerpt":{"rendered":"<p>[vc_row type=\u00bbfull_width_background\u00bb full_screen_row_position=\u00bbmiddle\u00bb column_margin=\u00bbdefault\u00bb column_direction=\u00bbdefault\u00bb column_direction_tablet=\u00bbdefault\u00bb column_direction_phone=\u00bbdefault\u00bb bg_color=\u00bb#ffffff\u00bb bg_image=\u00bb6642&#8243; bg_position=\u00bbright top\u00bb background_image_loading=\u00bbdefault\u00bb bg_repeat=\u00bbno-repeat\u00bb scene_position=\u00bbcenter\u00bb top_padding=\u00bb60&#8243; bottom_padding=\u00bb20&#8243; text_color=\u00bbdark\u00bb text_align=\u00bbleft\u00bb row_border_radius=\u00bbnone\u00bb row_border_radius_applies=\u00bbbg\u00bb overflow=\u00bbvisible\u00bb class=\u00bbf-bg\u00bb overlay_strength=\u00bb0.3&#8243; gradient_direction=\u00bbleft_to_right\u00bb shape_divider_position=\u00bbbottom\u00bb bg_image_animation=\u00bbnone\u00bb shape_type=\u00bb\u00bb gradient_type=\u00bbdefault\u00bb][vc_column column_padding=\u00bbno-extra-padding\u00bb column_padding_tablet=\u00bbinherit\u00bb&#8230;<\/p>\n","protected":false},"author":25,"featured_media":0,"parent":0,"menu_order":0,"comment_status":"closed","ping_status":"closed","template":"","meta":{"footnotes":""},"class_list":["post-15164","page","type-page","status-publish"],"yoast_head":"<!-- This site is optimized with the Yoast SEO plugin v27.3 - https:\/\/yoast.com\/product\/yoast-seo-wordpress\/ -->\n<title>Liderando con CORAZ\u00d3N - F.H. Perry Constructor<\/title>\n<meta name=\"robots\" content=\"index, follow, max-snippet:-1, max-image-preview:large, max-video-preview:-1\" \/>\n<link rel=\"canonical\" href=\"https:\/\/fhperry.com\/es\/prueba-de-libro\/\" \/>\n<meta property=\"og:locale\" content=\"es_ES\" \/>\n<meta property=\"og:type\" content=\"article\" \/>\n<meta property=\"og:title\" content=\"Liderando con CORAZ\u00d3N - F.H. Perry Constructor\" \/>\n<meta property=\"og:description\" content=\"[vc_row type=\u00bbfull_width_background\u00bb full_screen_row_position=\u00bbmiddle\u00bb column_margin=\u00bbdefault\u00bb column_direction=\u00bbdefault\u00bb column_direction_tablet=\u00bbdefault\u00bb column_direction_phone=\u00bbdefault\u00bb bg_color=\u00bb#ffffff\u00bb bg_image=\u00bb6642&#8243; bg_position=\u00bbright top\u00bb background_image_loading=\u00bbdefault\u00bb bg_repeat=\u00bbno-repeat\u00bb scene_position=\u00bbcenter\u00bb top_padding=\u00bb60&#8243; bottom_padding=\u00bb20&#8243; text_color=\u00bbdark\u00bb text_align=\u00bbleft\u00bb row_border_radius=\u00bbnone\u00bb row_border_radius_applies=\u00bbbg\u00bb overflow=\u00bbvisible\u00bb class=\u00bbf-bg\u00bb overlay_strength=\u00bb0.3&#8243; gradient_direction=\u00bbleft_to_right\u00bb shape_divider_position=\u00bbbottom\u00bb bg_image_animation=\u00bbnone\u00bb shape_type=\u00bb\u00bb gradient_type=\u00bbdefault\u00bb][vc_column column_padding=\u00bbno-extra-padding\u00bb column_padding_tablet=\u00bbinherit\u00bb...\" \/>\n<meta property=\"og:url\" content=\"https:\/\/fhperry.com\/es\/prueba-de-libro\/\" \/>\n<meta property=\"og:site_name\" content=\"F.H. Perry Constructor\" \/>\n<meta property=\"article:modified_time\" content=\"2023-05-09T18:04:49+00:00\" \/>\n<meta name=\"twitter:label1\" content=\"Tiempo de lectura\" \/>\n\t<meta name=\"twitter:data1\" content=\"9 minutos\" \/>\n<script type=\"application\/ld+json\" class=\"yoast-schema-graph\">{\"@context\":\"https:\\\/\\\/schema.org\",\"@graph\":[{\"@type\":\"WebPage\",\"@id\":\"https:\\\/\\\/fhperry.com\\\/es\\\/prueba-de-libro\\\/\",\"url\":\"https:\\\/\\\/fhperry.com\\\/es\\\/prueba-de-libro\\\/\",\"name\":\"Liderando con CORAZ\u00d3N - F.H. Perry Constructor\",\"isPartOf\":{\"@id\":\"https:\\\/\\\/fhperry.com\\\/es\\\/#website\"},\"datePublished\":\"2021-07-21T22:53:20+00:00\",\"dateModified\":\"2023-05-09T18:04:49+00:00\",\"breadcrumb\":{\"@id\":\"https:\\\/\\\/fhperry.com\\\/es\\\/prueba-de-libro\\\/#breadcrumb\"},\"inLanguage\":\"es\",\"potentialAction\":[{\"@type\":\"ReadAction\",\"target\":[\"https:\\\/\\\/fhperry.com\\\/es\\\/prueba-de-libro\\\/\"]}]},{\"@type\":\"BreadcrumbList\",\"@id\":\"https:\\\/\\\/fhperry.com\\\/es\\\/prueba-de-libro\\\/#breadcrumb\",\"itemListElement\":[{\"@type\":\"ListItem\",\"position\":1,\"name\":\"Hogar\",\"item\":\"https:\\\/\\\/fhperry.com\\\/es\\\/copia-casera-2\\\/\"},{\"@type\":\"ListItem\",\"position\":2,\"name\":\"Liderando con CORAZ\u00d3N\"}]},{\"@type\":\"WebSite\",\"@id\":\"https:\\\/\\\/fhperry.com\\\/es\\\/#website\",\"url\":\"https:\\\/\\\/fhperry.com\\\/es\\\/\",\"name\":\"F.H. Perry Constructor\",\"description\":\"\",\"potentialAction\":[{\"@type\":\"SearchAction\",\"target\":{\"@type\":\"EntryPoint\",\"urlTemplate\":\"https:\\\/\\\/fhperry.com\\\/es\\\/?s={search_term_string}\"},\"query-input\":{\"@type\":\"PropertyValueSpecification\",\"valueRequired\":true,\"valueName\":\"search_term_string\"}}],\"inLanguage\":\"es\"}]}<\/script>\n<!-- \/ Yoast SEO plugin. -->","yoast_head_json":{"title":"Liderando con CORAZ\u00d3N - F.H. Perry Constructor","robots":{"index":"index","follow":"follow","max-snippet":"max-snippet:-1","max-image-preview":"max-image-preview:large","max-video-preview":"max-video-preview:-1"},"canonical":"https:\/\/fhperry.com\/es\/prueba-de-libro\/","og_locale":"es_ES","og_type":"article","og_title":"Liderando con CORAZ\u00d3N - F.H. Perry Constructor","og_description":"[vc_row type=\u00bbfull_width_background\u00bb full_screen_row_position=\u00bbmiddle\u00bb column_margin=\u00bbdefault\u00bb column_direction=\u00bbdefault\u00bb column_direction_tablet=\u00bbdefault\u00bb column_direction_phone=\u00bbdefault\u00bb bg_color=\u00bb#ffffff\u00bb bg_image=\u00bb6642&#8243; bg_position=\u00bbright top\u00bb background_image_loading=\u00bbdefault\u00bb bg_repeat=\u00bbno-repeat\u00bb scene_position=\u00bbcenter\u00bb top_padding=\u00bb60&#8243; bottom_padding=\u00bb20&#8243; text_color=\u00bbdark\u00bb text_align=\u00bbleft\u00bb row_border_radius=\u00bbnone\u00bb row_border_radius_applies=\u00bbbg\u00bb overflow=\u00bbvisible\u00bb class=\u00bbf-bg\u00bb overlay_strength=\u00bb0.3&#8243; gradient_direction=\u00bbleft_to_right\u00bb shape_divider_position=\u00bbbottom\u00bb bg_image_animation=\u00bbnone\u00bb shape_type=\u00bb\u00bb gradient_type=\u00bbdefault\u00bb][vc_column column_padding=\u00bbno-extra-padding\u00bb column_padding_tablet=\u00bbinherit\u00bb...","og_url":"https:\/\/fhperry.com\/es\/prueba-de-libro\/","og_site_name":"F.H. Perry Constructor","article_modified_time":"2023-05-09T18:04:49+00:00","twitter_misc":{"Tiempo de lectura":"9 minutos"},"schema":{"@context":"https:\/\/schema.org","@graph":[{"@type":"WebPage","@id":"https:\/\/fhperry.com\/es\/prueba-de-libro\/","url":"https:\/\/fhperry.com\/es\/prueba-de-libro\/","name":"Liderando con CORAZ\u00d3N - F.H. Perry Constructor","isPartOf":{"@id":"https:\/\/fhperry.com\/es\/#website"},"datePublished":"2021-07-21T22:53:20+00:00","dateModified":"2023-05-09T18:04:49+00:00","breadcrumb":{"@id":"https:\/\/fhperry.com\/es\/prueba-de-libro\/#breadcrumb"},"inLanguage":"es","potentialAction":[{"@type":"ReadAction","target":["https:\/\/fhperry.com\/es\/prueba-de-libro\/"]}]},{"@type":"BreadcrumbList","@id":"https:\/\/fhperry.com\/es\/prueba-de-libro\/#breadcrumb","itemListElement":[{"@type":"ListItem","position":1,"name":"Hogar","item":"https:\/\/fhperry.com\/es\/copia-casera-2\/"},{"@type":"ListItem","position":2,"name":"Liderando con CORAZ\u00d3N"}]},{"@type":"WebSite","@id":"https:\/\/fhperry.com\/es\/#website","url":"https:\/\/fhperry.com\/es\/","name":"F.H. Perry Constructor","description":"","potentialAction":[{"@type":"SearchAction","target":{"@type":"EntryPoint","urlTemplate":"https:\/\/fhperry.com\/es\/?s={search_term_string}"},"query-input":{"@type":"PropertyValueSpecification","valueRequired":true,"valueName":"search_term_string"}}],"inLanguage":"es"}]}},"_links":{"self":[{"href":"https:\/\/fhperry.com\/es\/wp-json\/wp\/v2\/pages\/15164","targetHints":{"allow":["GET"]}}],"collection":[{"href":"https:\/\/fhperry.com\/es\/wp-json\/wp\/v2\/pages"}],"about":[{"href":"https:\/\/fhperry.com\/es\/wp-json\/wp\/v2\/types\/page"}],"author":[{"embeddable":true,"href":"https:\/\/fhperry.com\/es\/wp-json\/wp\/v2\/users\/25"}],"replies":[{"embeddable":true,"href":"https:\/\/fhperry.com\/es\/wp-json\/wp\/v2\/comments?post=15164"}],"version-history":[{"count":40,"href":"https:\/\/fhperry.com\/es\/wp-json\/wp\/v2\/pages\/15164\/revisions"}],"predecessor-version":[{"id":15816,"href":"https:\/\/fhperry.com\/es\/wp-json\/wp\/v2\/pages\/15164\/revisions\/15816"}],"wp:attachment":[{"href":"https:\/\/fhperry.com\/es\/wp-json\/wp\/v2\/media?parent=15164"}],"curies":[{"name":"wp","href":"https:\/\/api.w.org\/{rel}","templated":true}]}}