{"id":12188,"date":"2020-05-04T22:16:25","date_gmt":"2020-05-04T22:16:25","guid":{"rendered":"https:\/\/fhperry.com\/actualizacion-covid-19\/"},"modified":"2022-06-01T18:45:42","modified_gmt":"2022-06-01T18:45:42","slug":"actualizacion-covid-19","status":"publish","type":"page","link":"https:\/\/fhperry.com\/es\/actualizacion-covid-19\/","title":{"rendered":"Actualizaci\u00f3n COVID-19"},"content":{"rendered":"[vc_row type=\u00bbfull_width_content\u00bb full_screen_row_position=\u00bbmiddle\u00bb column_margin=\u00bbdefault\u00bb column_direction=\u00bbdefault\u00bb column_direction_tablet=\u00bbdefault\u00bb column_direction_phone=\u00bbdefault\u00bb bg_color=\u00bb#ffffff\u00bb bg_image=\u00bb6642&#8243; bg_position=\u00bbright top\u00bb background_image_loading=\u00bbdefault\u00bb bg_repeat=\u00bbno-repeat\u00bb scene_position=\u00bbcenter\u00bb top_padding=\u00bb80&#8243; bottom_padding=\u00bb20&#8243; text_color=\u00bbdark\u00bb text_align=\u00bbleft\u00bb row_border_radius=\u00bbnone\u00bb row_border_radius_applies=\u00bbbg\u00bb overflow=\u00bbvisible\u00bb class=\u00bbf-bg\u00bb overlay_strength=\u00bb0.3&#8243; gradient_direction=\u00bbleft_to_right\u00bb shape_divider_position=\u00bbbottom\u00bb bg_image_animation=\u00bbnone\u00bb shape_type=\u00bb\u00bb][vc_column column_padding=\u00bbno-extra-padding\u00bb column_padding_tablet=\u00bbinherit\u00bb column_padding_phone=\u00bbinherit\u00bb column_padding_position=\u00bball\u00bb column_element_spacing=\u00bbdefault\u00bb centered_text=\u00bbtrue\u00bb background_color_opacity=\u00bb1&#8243; background_hover_color_opacity=\u00bb1&#8243; column_shadow=\u00bbnone\u00bb column_border_radius=\u00bbnone\u00bb column_link_target=\u00bb_self\u00bb column_position=\u00bbdefault\u00bb gradient_direction=\u00bbleft_to_right\u00bb overlay_strength=\u00bb0.3&#8243; width=\u00bb1\/1&#8243; tablet_width_inherit=\u00bbdefault\u00bb tablet_text_alignment=\u00bbdefault\u00bb phone_text_alignment=\u00bbdefault\u00bb animation_type=\u00bbdefault\u00bb bg_image_animation=\u00bbnone\u00bb border_type=\u00bbsimple\u00bb column_border_width=\u00bbnone\u00bb column_border_style=\u00bbsolid\u00bb][vc_row_inner equal_height=\u00bbyes\u00bb content_placement=\u00bbmiddle\u00bb column_margin=\u00bbnone\u00bb column_direction=\u00bbdefault\u00bb column_direction_tablet=\u00bbdefault\u00bb column_direction_phone=\u00bbdefault\u00bb top_padding=\u00bb0&#8243; bottom_padding=\u00bb0&#8243; text_align=\u00bbleft\u00bb row_position=\u00bbdefault\u00bb row_position_tablet=\u00bbinherit\u00bb row_position_phone=\u00bbinherit\u00bb overflow=\u00bbvisible\u00bb pointer_events=\u00bball\u00bb][vc_column_inner column_padding=\u00bbpadding-1-percent\u00bb column_padding_tablet=\u00bbinherit\u00bb column_padding_phone=\u00bbinherit\u00bb column_padding_position=\u00bbleft-right\u00bb column_element_spacing=\u00bbdefault\u00bb background_color_opacity=\u00bb1&#8243; background_hover_color_opacity=\u00bb1&#8243; column_shadow=\u00bbnone\u00bb column_border_radius=\u00bbnone\u00bb column_link_target=\u00bb_self\u00bb gradient_direction=\u00bbleft_to_right\u00bb overlay_strength=\u00bb0.3&#8243; width=\u00bb1\/1&#8243; tablet_width_inherit=\u00bbdefault\u00bb animation_type=\u00bbdefault\u00bb bg_image_animation=\u00bbnone\u00bb border_type=\u00bbsimple\u00bb column_border_width=\u00bbnone\u00bb column_border_style=\u00bbsolid\u00bb][vc_column_text css_animation=\u00bbfadeIn\u00bb max_width=\u00bb715&#8243;]\n<p style=\"font-weight: 400;\"><strong>Actualizaciones de Covid-19 en invierno 2021\/2022<\/strong><\/p>\n<p><strong>Disposiciones y requisitos del lugar de trabajo<\/strong><\/p>\n<p style=\"font-weight: 400;\">F.H Perry Builder est\u00e1 comprometido con la salud y la seguridad de todos nuestros empleados, socios comerciales, socios de dise\u00f1o y clientes en cada proyecto.<\/p>\n<p style=\"font-weight: 400;\">Para la seguridad de todas las personas en el sitio, FHPB mantendr\u00e1 protocolos para garantizar la seguridad y la consistencia.<\/p>\n<p style=\"font-weight: 400;\">Cada sitio continuar\u00e1 con los siguientes protocolos para garantizar la salud y seguridad de todas las personas:<\/p>\n<p>El uso de m\u00e1scaras es obligatorio en todo momento para todas las personas en el sitio que no est\u00e1n completamente vacunadas a menos que est\u00e9n afuera.<\/p>\n<p>Mantenga seis pies de distancia siempre que sea posible.<\/p>\n<p>Se\u00f1alizaci\u00f3n colocada que proporciona una direcci\u00f3n clara para una adherencia adecuada.<\/p>\n<p>Estaci\u00f3n de llegada con equipo de desinfecci\u00f3n y term\u00f3metro<\/p>\n<p>C\u00f3digo QR para el rastreo de contactos y la lista de verificaci\u00f3n de autocertificaci\u00f3n.<\/p>\n<p>Culata de EPI para uso de emergencia.<\/p>\n<p>Desinfectantes y un protocolo de limpieza para desinfectar sitios con frecuencia.<\/p>\n<p style=\"font-weight: 400;\">Las estaciones de lavado de manos permanecen disponibles y se recomienda encarecidamente lavarse las manos al ingresar al sitio de trabajo; lavarse con jab\u00f3n durante al menos 20 segundos en las estaciones de lavado de manos proporcionadas y\/o usar el desinfectante de manos a base de alcohol proporcionado.<\/p>\n<p style=\"font-weight: 400;\"><span class=\"yes\">Tus amigos<\/span><br \/>\nen F.H. Perry Builder<\/p>\n[\/vc_column_text][\/vc_column_inner][\/vc_row_inner][vc_row_inner column_margin=\u00bbnone\u00bb column_direction=\u00bbdefault\u00bb column_direction_tablet=\u00bbdefault\u00bb column_direction_phone=\u00bbdefault\u00bb top_padding=\u00bb30&#8243; bottom_padding=\u00bb30&#8243; text_align=\u00bbleft\u00bb row_position=\u00bbdefault\u00bb row_position_tablet=\u00bbinherit\u00bb row_position_phone=\u00bbinherit\u00bb overflow=\u00bbvisible\u00bb pointer_events=\u00bball\u00bb][vc_column_inner column_padding=\u00bbno-extra-padding\u00bb column_padding_tablet=\u00bbinherit\u00bb column_padding_phone=\u00bbinherit\u00bb column_padding_position=\u00bbbottom\u00bb top_margin=\u00bb0&#8243; bottom_margin=\u00bb0&#8243; column_element_spacing=\u00bbdefault\u00bb background_color_opacity=\u00bb1&#8243; background_hover_color_opacity=\u00bb1&#8243; column_shadow=\u00bbnone\u00bb column_border_radius=\u00bbnone\u00bb column_link_target=\u00bb_self\u00bb gradient_direction=\u00bbleft_to_right\u00bb overlay_strength=\u00bb0.3&#8243; width=\u00bb1\/1&#8243; tablet_width_inherit=\u00bbdefault\u00bb animation_type=\u00bbdefault\u00bb enable_animation=\u00bbtrue\u00bb animation=\u00bbfade-in-from-bottom\u00bb bg_image_animation=\u00bbnone\u00bb border_type=\u00bbsimple\u00bb column_border_width=\u00bbnone\u00bb column_border_style=\u00bbsolid\u00bb delay=\u00bb200&#8243;][image_with_animation image_url=\u00bb6213&#8243; image_size=\u00bbfull\u00bb animation_type=\u00bbentrance\u00bb animation=\u00bbFade In\u00bb hover_animation=\u00bbnone\u00bb alignment=\u00bbcenter\u00bb border_radius=\u00bbnone\u00bb box_shadow=\u00bbnone\u00bb image_loading=\u00bbdefault\u00bb max_width=\u00bb50%\u00bb max_width_mobile=\u00bbdefault\u00bb el_class=\u00bbarrow-down\u00bb][\/vc_column_inner][\/vc_row_inner][\/vc_column][\/vc_row][vc_row type=\u00bbin_container\u00bb full_screen_row_position=\u00bbmiddle\u00bb column_margin=\u00bbdefault\u00bb column_direction=\u00bbdefault\u00bb column_direction_tablet=\u00bbdefault\u00bb column_direction_phone=\u00bbdefault\u00bb bg_color=\u00bb#ffffff\u00bb bg_image=\u00bb6642&#8243; bg_position=\u00bbleft top\u00bb background_image_loading=\u00bbdefault\u00bb bg_repeat=\u00bbno-repeat\u00bb scene_position=\u00bbcenter\u00bb top_padding=\u00bb15&#8243; bottom_padding=\u00bb30&#8243; text_color=\u00bbdark\u00bb text_align=\u00bbleft\u00bb row_border_radius=\u00bbnone\u00bb row_border_radius_applies=\u00bbbg\u00bb overflow=\u00bbvisible\u00bb class=\u00bbf-bg\u00bb overlay_strength=\u00bb0.3&#8243; gradient_direction=\u00bbleft_to_right\u00bb shape_divider_position=\u00bbbottom\u00bb bg_image_animation=\u00bbnone\u00bb shape_type=\u00bb\u00bb][vc_column column_padding=\u00bbno-extra-padding\u00bb column_padding_tablet=\u00bbinherit\u00bb column_padding_phone=\u00bbinherit\u00bb column_padding_position=\u00bball\u00bb column_element_spacing=\u00bbdefault\u00bb centered_text=\u00bbtrue\u00bb background_color_opacity=\u00bb1&#8243; background_hover_color_opacity=\u00bb1&#8243; column_shadow=\u00bbnone\u00bb column_border_radius=\u00bbnone\u00bb column_link_target=\u00bb_self\u00bb column_position=\u00bbdefault\u00bb gradient_direction=\u00bbleft_to_right\u00bb overlay_strength=\u00bb0.3&#8243; width=\u00bb1\/1&#8243; tablet_width_inherit=\u00bbdefault\u00bb tablet_text_alignment=\u00bbdefault\u00bb phone_text_alignment=\u00bbdefault\u00bb animation_type=\u00bbdefault\u00bb bg_image_animation=\u00bbnone\u00bb border_type=\u00bbsimple\u00bb column_border_width=\u00bbnone\u00bb column_border_style=\u00bbsolid\u00bb][nectar_btn size=\u00bblarge\u00bb button_style=\u00bbsee-through\u00bb button_color_2=\u00bbAccent-Color\u00bb icon_family=\u00bb\u00bb url=\u00bbhttps:\/\/fhperry.com\/portfolio\/\u00bb text=\u00bbVer nuestro trabajo\u00bb][\/vc_column][\/vc_row][vc_row type=\u00bbfull_width_content\u00bb full_screen_row_position=\u00bbmiddle\u00bb column_margin=\u00bbdefault\u00bb column_direction=\u00bbdefault\u00bb column_direction_tablet=\u00bbdefault\u00bb column_direction_phone=\u00bbdefault\u00bb bg_color=\u00bb#494949&#8243; scene_position=\u00bbcenter\u00bb top_padding=\u00bb60&#8243; bottom_padding=\u00bb60&#8243; text_color=\u00bblight\u00bb text_align=\u00bbleft\u00bb row_border_radius=\u00bbnone\u00bb row_border_radius_applies=\u00bbbg\u00bb overflow=\u00bbvisible\u00bb enable_gradient=\u00bbtrue\u00bb color_overlay=\u00bb#727272&#8243; color_overlay_2=\u00bb#515151&#8243; overlay_strength=\u00bb1&#8243; gradient_direction=\u00bbtop_to_bottom\u00bb shape_divider_position=\u00bbbottom\u00bb bg_image_animation=\u00bbnone\u00bb shape_type=\u00bb\u00bb][vc_column column_padding=\u00bbno-extra-padding\u00bb column_padding_tablet=\u00bbinherit\u00bb column_padding_phone=\u00bbinherit\u00bb column_padding_position=\u00bbtop-bottom\u00bb column_element_spacing=\u00bbdefault\u00bb centered_text=\u00bbtrue\u00bb background_color_opacity=\u00bb1&#8243; background_hover_color_opacity=\u00bb1&#8243; column_shadow=\u00bbnone\u00bb column_border_radius=\u00bbnone\u00bb column_link_target=\u00bb_self\u00bb column_position=\u00bbdefault\u00bb gradient_direction=\u00bbleft_to_right\u00bb overlay_strength=\u00bb0.3&#8243; width=\u00bb1\/1&#8243; tablet_width_inherit=\u00bbdefault\u00bb tablet_text_alignment=\u00bbdefault\u00bb phone_text_alignment=\u00bbdefault\u00bb animation_type=\u00bbdefault\u00bb bg_image_animation=\u00bbnone\u00bb border_type=\u00bbsimple\u00bb column_border_width=\u00bbnone\u00bb column_border_style=\u00bbsolid\u00bb][vc_column_text css=\u00bb.vc_custom_1571764668601{border-top-width: 0px !important;border-top-color: rgba(255,255,255,0.11) !important;border-top-style: solid !important;}\u00bb]\n<h2>\u00bfC\u00f3mo podemos ayudarle a realizar su visi\u00f3n?<\/h2>\n[\/vc_column_text][vc_column_text css=\u00bb.vc_custom_1571773737849{padding-top: 20px !important;}\u00bb]<a class=\"nectar-button n-sc-button large see-through-2\"  href=\"https:\/\/fhperry.com\/contact-us\/\" data-color-override=\"false\" data-hover-color-override=\"false\" data-hover-text-color-override=\"#fff\"><span>Cont\u00e1ctenos<\/span><\/a>[\/vc_column_text][\/vc_column][\/vc_row]\n","protected":false},"excerpt":{"rendered":"<p>[vc_row type=\u00bbfull_width_content\u00bb full_screen_row_position=\u00bbmiddle\u00bb column_margin=\u00bbdefault\u00bb column_direction=\u00bbdefault\u00bb column_direction_tablet=\u00bbdefault\u00bb column_direction_phone=\u00bbdefault\u00bb bg_color=\u00bb#ffffff\u00bb bg_image=\u00bb6642&#8243; bg_position=\u00bbright top\u00bb background_image_loading=\u00bbdefault\u00bb bg_repeat=\u00bbno-repeat\u00bb scene_position=\u00bbcenter\u00bb top_padding=\u00bb80&#8243; bottom_padding=\u00bb20&#8243; text_color=\u00bbdark\u00bb text_align=\u00bbleft\u00bb row_border_radius=\u00bbnone\u00bb row_border_radius_applies=\u00bbbg\u00bb overflow=\u00bbvisible\u00bb class=\u00bbf-bg\u00bb overlay_strength=\u00bb0.3&#8243; gradient_direction=\u00bbleft_to_right\u00bb shape_divider_position=\u00bbbottom\u00bb bg_image_animation=\u00bbnone\u00bb shape_type=\u00bb\u00bb][vc_column column_padding=\u00bbno-extra-padding\u00bb column_padding_tablet=\u00bbinherit\u00bb column_padding_phone=\u00bbinherit\u00bb&#8230;<\/p>\n","protected":false},"author":22,"featured_media":0,"parent":0,"menu_order":0,"comment_status":"closed","ping_status":"closed","template":"","meta":{"footnotes":""},"class_list":["post-12188","page","type-page","status-publish"],"yoast_head":"<!-- This site is optimized with the Yoast SEO plugin v27.3 - https:\/\/yoast.com\/product\/yoast-seo-wordpress\/ -->\n<title>Actualizaci\u00f3n COVID-19 - F.H. Perry Constructor<\/title>\n<meta name=\"robots\" content=\"index, follow, max-snippet:-1, max-image-preview:large, max-video-preview:-1\" \/>\n<link rel=\"canonical\" href=\"https:\/\/fhperry.com\/es\/actualizacion-covid-19\/\" \/>\n<meta property=\"og:locale\" content=\"es_ES\" \/>\n<meta property=\"og:type\" content=\"article\" \/>\n<meta property=\"og:title\" content=\"Actualizaci\u00f3n COVID-19 - F.H. Perry Constructor\" \/>\n<meta property=\"og:description\" content=\"[vc_row type=\u00bbfull_width_content\u00bb full_screen_row_position=\u00bbmiddle\u00bb column_margin=\u00bbdefault\u00bb column_direction=\u00bbdefault\u00bb column_direction_tablet=\u00bbdefault\u00bb column_direction_phone=\u00bbdefault\u00bb bg_color=\u00bb#ffffff\u00bb bg_image=\u00bb6642&#8243; bg_position=\u00bbright top\u00bb background_image_loading=\u00bbdefault\u00bb bg_repeat=\u00bbno-repeat\u00bb scene_position=\u00bbcenter\u00bb top_padding=\u00bb80&#8243; bottom_padding=\u00bb20&#8243; text_color=\u00bbdark\u00bb text_align=\u00bbleft\u00bb row_border_radius=\u00bbnone\u00bb row_border_radius_applies=\u00bbbg\u00bb overflow=\u00bbvisible\u00bb class=\u00bbf-bg\u00bb overlay_strength=\u00bb0.3&#8243; gradient_direction=\u00bbleft_to_right\u00bb shape_divider_position=\u00bbbottom\u00bb bg_image_animation=\u00bbnone\u00bb shape_type=\u00bb\u00bb][vc_column column_padding=\u00bbno-extra-padding\u00bb column_padding_tablet=\u00bbinherit\u00bb column_padding_phone=\u00bbinherit\u00bb...\" \/>\n<meta property=\"og:url\" content=\"https:\/\/fhperry.com\/es\/actualizacion-covid-19\/\" \/>\n<meta property=\"og:site_name\" content=\"F.H. Perry Constructor\" \/>\n<meta property=\"article:modified_time\" content=\"2022-06-01T18:45:42+00:00\" \/>\n<meta name=\"twitter:label1\" content=\"Tiempo de lectura\" \/>\n\t<meta name=\"twitter:data1\" content=\"6 minutos\" \/>\n<script type=\"application\/ld+json\" class=\"yoast-schema-graph\">{\"@context\":\"https:\\\/\\\/schema.org\",\"@graph\":[{\"@type\":\"WebPage\",\"@id\":\"https:\\\/\\\/fhperry.com\\\/es\\\/actualizacion-covid-19\\\/\",\"url\":\"https:\\\/\\\/fhperry.com\\\/es\\\/actualizacion-covid-19\\\/\",\"name\":\"Actualizaci\u00f3n COVID-19 - F.H. Perry Constructor\",\"isPartOf\":{\"@id\":\"https:\\\/\\\/fhperry.com\\\/es\\\/#website\"},\"datePublished\":\"2020-05-04T22:16:25+00:00\",\"dateModified\":\"2022-06-01T18:45:42+00:00\",\"breadcrumb\":{\"@id\":\"https:\\\/\\\/fhperry.com\\\/es\\\/actualizacion-covid-19\\\/#breadcrumb\"},\"inLanguage\":\"es\",\"potentialAction\":[{\"@type\":\"ReadAction\",\"target\":[\"https:\\\/\\\/fhperry.com\\\/es\\\/actualizacion-covid-19\\\/\"]}]},{\"@type\":\"BreadcrumbList\",\"@id\":\"https:\\\/\\\/fhperry.com\\\/es\\\/actualizacion-covid-19\\\/#breadcrumb\",\"itemListElement\":[{\"@type\":\"ListItem\",\"position\":1,\"name\":\"Hogar\",\"item\":\"https:\\\/\\\/fhperry.com\\\/es\\\/copia-casera-2\\\/\"},{\"@type\":\"ListItem\",\"position\":2,\"name\":\"Actualizaci\u00f3n COVID-19\"}]},{\"@type\":\"WebSite\",\"@id\":\"https:\\\/\\\/fhperry.com\\\/es\\\/#website\",\"url\":\"https:\\\/\\\/fhperry.com\\\/es\\\/\",\"name\":\"F.H. Perry Constructor\",\"description\":\"\",\"potentialAction\":[{\"@type\":\"SearchAction\",\"target\":{\"@type\":\"EntryPoint\",\"urlTemplate\":\"https:\\\/\\\/fhperry.com\\\/es\\\/?s={search_term_string}\"},\"query-input\":{\"@type\":\"PropertyValueSpecification\",\"valueRequired\":true,\"valueName\":\"search_term_string\"}}],\"inLanguage\":\"es\"}]}<\/script>\n<!-- \/ Yoast SEO plugin. -->","yoast_head_json":{"title":"Actualizaci\u00f3n COVID-19 - F.H. Perry Constructor","robots":{"index":"index","follow":"follow","max-snippet":"max-snippet:-1","max-image-preview":"max-image-preview:large","max-video-preview":"max-video-preview:-1"},"canonical":"https:\/\/fhperry.com\/es\/actualizacion-covid-19\/","og_locale":"es_ES","og_type":"article","og_title":"Actualizaci\u00f3n COVID-19 - F.H. Perry Constructor","og_description":"[vc_row type=\u00bbfull_width_content\u00bb full_screen_row_position=\u00bbmiddle\u00bb column_margin=\u00bbdefault\u00bb column_direction=\u00bbdefault\u00bb column_direction_tablet=\u00bbdefault\u00bb column_direction_phone=\u00bbdefault\u00bb bg_color=\u00bb#ffffff\u00bb bg_image=\u00bb6642&#8243; bg_position=\u00bbright top\u00bb background_image_loading=\u00bbdefault\u00bb bg_repeat=\u00bbno-repeat\u00bb scene_position=\u00bbcenter\u00bb top_padding=\u00bb80&#8243; bottom_padding=\u00bb20&#8243; text_color=\u00bbdark\u00bb text_align=\u00bbleft\u00bb row_border_radius=\u00bbnone\u00bb row_border_radius_applies=\u00bbbg\u00bb overflow=\u00bbvisible\u00bb class=\u00bbf-bg\u00bb overlay_strength=\u00bb0.3&#8243; gradient_direction=\u00bbleft_to_right\u00bb shape_divider_position=\u00bbbottom\u00bb bg_image_animation=\u00bbnone\u00bb shape_type=\u00bb\u00bb][vc_column column_padding=\u00bbno-extra-padding\u00bb column_padding_tablet=\u00bbinherit\u00bb column_padding_phone=\u00bbinherit\u00bb...","og_url":"https:\/\/fhperry.com\/es\/actualizacion-covid-19\/","og_site_name":"F.H. Perry Constructor","article_modified_time":"2022-06-01T18:45:42+00:00","twitter_misc":{"Tiempo de lectura":"6 minutos"},"schema":{"@context":"https:\/\/schema.org","@graph":[{"@type":"WebPage","@id":"https:\/\/fhperry.com\/es\/actualizacion-covid-19\/","url":"https:\/\/fhperry.com\/es\/actualizacion-covid-19\/","name":"Actualizaci\u00f3n COVID-19 - F.H. Perry Constructor","isPartOf":{"@id":"https:\/\/fhperry.com\/es\/#website"},"datePublished":"2020-05-04T22:16:25+00:00","dateModified":"2022-06-01T18:45:42+00:00","breadcrumb":{"@id":"https:\/\/fhperry.com\/es\/actualizacion-covid-19\/#breadcrumb"},"inLanguage":"es","potentialAction":[{"@type":"ReadAction","target":["https:\/\/fhperry.com\/es\/actualizacion-covid-19\/"]}]},{"@type":"BreadcrumbList","@id":"https:\/\/fhperry.com\/es\/actualizacion-covid-19\/#breadcrumb","itemListElement":[{"@type":"ListItem","position":1,"name":"Hogar","item":"https:\/\/fhperry.com\/es\/copia-casera-2\/"},{"@type":"ListItem","position":2,"name":"Actualizaci\u00f3n COVID-19"}]},{"@type":"WebSite","@id":"https:\/\/fhperry.com\/es\/#website","url":"https:\/\/fhperry.com\/es\/","name":"F.H. Perry Constructor","description":"","potentialAction":[{"@type":"SearchAction","target":{"@type":"EntryPoint","urlTemplate":"https:\/\/fhperry.com\/es\/?s={search_term_string}"},"query-input":{"@type":"PropertyValueSpecification","valueRequired":true,"valueName":"search_term_string"}}],"inLanguage":"es"}]}},"_links":{"self":[{"href":"https:\/\/fhperry.com\/es\/wp-json\/wp\/v2\/pages\/12188","targetHints":{"allow":["GET"]}}],"collection":[{"href":"https:\/\/fhperry.com\/es\/wp-json\/wp\/v2\/pages"}],"about":[{"href":"https:\/\/fhperry.com\/es\/wp-json\/wp\/v2\/types\/page"}],"author":[{"embeddable":true,"href":"https:\/\/fhperry.com\/es\/wp-json\/wp\/v2\/users\/22"}],"replies":[{"embeddable":true,"href":"https:\/\/fhperry.com\/es\/wp-json\/wp\/v2\/comments?post=12188"}],"version-history":[{"count":2,"href":"https:\/\/fhperry.com\/es\/wp-json\/wp\/v2\/pages\/12188\/revisions"}],"predecessor-version":[{"id":12213,"href":"https:\/\/fhperry.com\/es\/wp-json\/wp\/v2\/pages\/12188\/revisions\/12213"}],"wp:attachment":[{"href":"https:\/\/fhperry.com\/es\/wp-json\/wp\/v2\/media?parent=12188"}],"curies":[{"name":"wp","href":"https:\/\/api.w.org\/{rel}","templated":true}]}}