{"id":12183,"date":"2020-02-12T16:27:37","date_gmt":"2020-02-12T16:27:37","guid":{"rendered":"https:\/\/fhperry.com\/arquitectos\/"},"modified":"2022-06-01T18:45:41","modified_gmt":"2022-06-01T18:45:41","slug":"arquitectos","status":"publish","type":"page","link":"https:\/\/fhperry.com\/es\/arquitectos\/","title":{"rendered":"Arquitectos"},"content":{"rendered":"[vc_row type=\u00bbfull_width_background\u00bb full_screen_row_position=\u00bbmiddle\u00bb column_margin=\u00bbdefault\u00bb bg_image=\u00bb6642&#8243; bg_position=\u00bbright top\u00bb bg_repeat=\u00bbno-repeat\u00bb bg_color=\u00bb#ffffff\u00bb scene_position=\u00bbcenter\u00bb text_color=\u00bbdark\u00bb text_align=\u00bbcenter\u00bb top_padding=\u00bb60&#8243; bottom_padding=\u00bb20&#8243; class=\u00bbf-bg\u00bb overlay_strength=\u00bb0.3&#8243; shape_divider_position=\u00bbbottom\u00bb bg_image_animation=\u00bbnone\u00bb shape_type=\u00bb\u00bb][vc_column column_padding=\u00bbno-extra-padding\u00bb column_padding_position=\u00bball\u00bb background_color_opacity=\u00bb1&#8243; background_hover_color_opacity=\u00bb1&#8243; column_link_target=\u00bb_self\u00bb column_shadow=\u00bbnone\u00bb column_border_radius=\u00bbnone\u00bb width=\u00bb1\/1&#8243; tablet_width_inherit=\u00bbdefault\u00bb tablet_text_alignment=\u00bbdefault\u00bb phone_text_alignment=\u00bbdefault\u00bb overlay_strength=\u00bb0.3&#8243; column_border_width=\u00bbnone\u00bb column_border_style=\u00bbsolid\u00bb bg_image_animation=\u00bbnone\u00bb][vc_row_inner column_margin=\u00bbnone\u00bb bottom_padding=\u00bb15&#8243; text_align=\u00bbleft\u00bb][vc_column_inner column_padding=\u00bbno-extra-padding\u00bb column_padding_position=\u00bbbottom\u00bb background_color_opacity=\u00bb1&#8243; background_hover_color_opacity=\u00bb1&#8243; column_shadow=\u00bbnone\u00bb column_border_radius=\u00bbnone\u00bb column_link_target=\u00bb_self\u00bb width=\u00bb1\/1&#8243; tablet_width_inherit=\u00bbdefault\u00bb overlay_strength=\u00bb0.3&#8243; column_border_width=\u00bbnone\u00bb column_border_style=\u00bbsolid\u00bb bg_image_animation=\u00bbnone\u00bb enable_animation=\u00bbtrue\u00bb animation=\u00bbfade-in-from-bottom\u00bb delay=\u00bb200&#8243;][vc_column_text css=\u00bb.vc_custom_1627413824518{padding-top: 20px !important;}\u00bb max_width=\u00bb750&#8243;]Entendemos que se necesita una enorme cantidad de confianza para que un arquitecto ponga su fe en un constructor. \u00bfPodemos, como constructores, realmente dar vida a la visi\u00f3n de un cliente? No podemos exagerar lo mucho que valoramos las relaciones que hemos construido con los arquitectos con los que hemos trabajado en las \u00faltimas cuatro d\u00e9cadas. Para nosotros, estas asociaciones son como cualquier relaci\u00f3n importante; se necesita mucho amor para superar desaf\u00edos significativos. Entonces, cuando surgen esos desaf\u00edos, nuestro instinto es abordar cada situaci\u00f3n con la disposici\u00f3n de asumir cualquier cosa.<\/p>\n<p>Dependemos en gran medida de nuestros socios arquitect\u00f3nicos para que nos ayuden a llevar la visi\u00f3n de nuestros clientes a la l\u00ednea de meta, mientras que los arquitectos se centran en el dise\u00f1o, podemos lanzarnos a la artesan\u00eda, la ejecuci\u00f3n y el proceso. El conocimiento arquitect\u00f3nico nos permite crear soluciones efectivas en tiempo real, en el sitio, para que nuestro trabajo sea hermoso y t\u00e9cnicamente preciso.[\/vc_column_text][image_with_animation image_url=\u00bb6213&#8243; alignment=\u00bbcenter\u00bb animation=\u00bbFade In\u00bb hover_animation=\u00bbnone\u00bb border_radius=\u00bbnone\u00bb box_shadow=\u00bbnone\u00bb image_loading=\u00bbdefault\u00bb max_width=\u00bb50%\u00bb max_width_mobile=\u00bbdefault\u00bb el_class=\u00bbarrow-down\u00bb][\/vc_column_inner][\/vc_row_inner][vc_row_inner equal_height=\u00bbyes\u00bb content_placement=\u00bbmiddle\u00bb column_margin=\u00bbnone\u00bb top_padding=\u00bb10&#8243; bottom_padding=\u00bb0&#8243; text_align=\u00bbleft\u00bb el_id=\u00bbconcepting\u00bb][vc_column_inner column_padding=\u00bbpadding-5-percent\u00bb column_padding_position=\u00bbleft-right\u00bb background_color_opacity=\u00bb1&#8243; background_hover_color_opacity=\u00bb1&#8243; column_shadow=\u00bbnone\u00bb column_border_radius=\u00bbnone\u00bb column_link_target=\u00bb_self\u00bb width=\u00bb1\/2&#8243; tablet_width_inherit=\u00bbdefault\u00bb overlay_strength=\u00bb0.3&#8243; column_border_width=\u00bbnone\u00bb column_border_style=\u00bbsolid\u00bb bg_image_animation=\u00bbnone\u00bb][vc_column_text css_animation=\u00bbfadeIn\u00bb]\n<div style=\"text-align: left;\">\n<h3 style=\"font-family: winsome!important; z-index: 5; color: #454545; font-size: 5em; margin-bottom: 10px;\">Nosotros:<\/h3>\n<ul style=\"margin-top: 10px;\">\n<li>Valorar nuestro compromiso con nuestros socios<\/li>\n<li>Comun\u00edcate con claridad y frecuencia<\/li>\n<li>Establecer acuerdos justos para todas las partes<\/li>\n<li>Fomentar relaciones colaborativas y honestas<\/li>\n<li>Respete el tiempo y la experiencia de cada miembro del equipo<\/li>\n<li>Reconocer los errores y trabajar para hacer las cosas bien<\/li>\n<\/ul>\n<\/div>\n[\/vc_column_text][\/vc_column_inner][vc_column_inner column_padding=\u00bbno-extra-padding\u00bb column_padding_position=\u00bball\u00bb background_color_opacity=\u00bb1&#8243; background_hover_color_opacity=\u00bb1&#8243; column_shadow=\u00bbnone\u00bb column_border_radius=\u00bbnone\u00bb top_margin=\u00bb0&#8243; bottom_margin=\u00bb0&#8243; column_link_target=\u00bb_self\u00bb width=\u00bb1\/2&#8243; tablet_width_inherit=\u00bbdefault\u00bb overlay_strength=\u00bb0.3&#8243; column_border_width=\u00bbnone\u00bb column_border_style=\u00bbsolid\u00bb bg_image_animation=\u00bbnone\u00bb enable_animation=\u00bbtrue\u00bb animation=\u00bbnone\u00bb delay=\u00bb200&#8243;][vc_video link=\u00bbhttps:\/\/www.youtube.com\/watch?v=Pkt1CdTeZbc\u00bb][\/vc_column_inner][\/vc_row_inner][vc_row_inner column_margin=\u00bbnone\u00bb top_padding=\u00bb30&#8243; bottom_padding=\u00bb30&#8243; text_align=\u00bbleft\u00bb el_id=\u00bbconstructing\u00bb][vc_column_inner column_padding=\u00bbno-extra-padding\u00bb column_padding_position=\u00bbbottom\u00bb background_color_opacity=\u00bb1&#8243; background_hover_color_opacity=\u00bb1&#8243; column_shadow=\u00bbnone\u00bb column_border_radius=\u00bbnone\u00bb top_margin=\u00bb0&#8243; bottom_margin=\u00bb0&#8243; column_link_target=\u00bb_self\u00bb width=\u00bb1\/1&#8243; tablet_width_inherit=\u00bbdefault\u00bb overlay_strength=\u00bb0.3&#8243; column_border_width=\u00bbnone\u00bb column_border_style=\u00bbsolid\u00bb bg_image_animation=\u00bbnone\u00bb enable_animation=\u00bbtrue\u00bb animation=\u00bbfade-in-from-bottom\u00bb delay=\u00bb200&#8243;][image_with_animation image_url=\u00bb6213&#8243; alignment=\u00bbcenter\u00bb animation=\u00bbFade In\u00bb hover_animation=\u00bbnone\u00bb border_radius=\u00bbnone\u00bb box_shadow=\u00bbnone\u00bb image_loading=\u00bbdefault\u00bb max_width=\u00bb50%\u00bb max_width_mobile=\u00bbdefault\u00bb el_class=\u00bbarrow-down\u00bb][\/vc_column_inner][\/vc_row_inner][clients columns=\u00bb4&#8243; hover_effect=\u00bbopacity\u00bb additional_padding=\u00bb3&#8243; fade_in_animation=\u00bbtrue\u00bb][client image=\u00bb7502&#8243; title=\u00bbClient\u00bb id=\u00bb1631202494141-3&#8243; tab_id=\u00bb1631202494143-2&#8243; name=\u00bbSKA\u00bb][\/client][client image=\u00bb7223&#8243; title=\u00bbClient\u00bb id=\u00bb1631202494274-1&#8243; tab_id=\u00bb1631202494276-5&#8243; name=\u00bbDell\u00bb] Haga clic en el bot\u00f3n de edici\u00f3n para agregar su testimonio. [\/client][client image=\u00bb7224&#8243; title=\u00bbClient\u00bb id=\u00bb1631202494343-2&#8243; tab_id=\u00bb1631202494345-2&#8243; name=\u00bbJoseph\u00bb] Haga clic en el bot\u00f3n de edici\u00f3n para agregar su testimonio. [\/client][client image=\u00bb7225&#8243; title=\u00bbClient\u00bb id=\u00bb1631202494422-10&#8243; tab_id=\u00bb1631202494424-10&#8243; name=\u00bbhickox\u00bb][\/client][client image=\u00bb7063&#8243; title=\u00bbClient\u00bb id=\u00bb1631202494483-0&#8243; tab_id=\u00bb1631202494485-3&#8243; name=\u00bbSVD\u00bb][\/client][client image=\u00bb7226&#8243; title=\u00bbClient\u00bb id=\u00bb1631202494546-8&#8243; tab_id=\u00bb1631202494547-3&#8243; name=\u00bbRuhl\u00bb][\/client][client image=\u00bb7227&#8243; title=\u00bbClient\u00bb id=\u00bb1631202494614-4&#8243; tab_id=\u00bb1631202494615-6&#8243; name=\u00bbasociaci\u00f3n de dise\u00f1o\u00bb][\/client][client image=\u00bb6887&#8243; title=\u00bbClient\u00bb id=\u00bb1631202494677-9&#8243; tab_id=\u00bb1631202494679-9&#8243; name=\u00bbfranco\u00bb][\/client][client image=\u00bb7228&#8243; title=\u00bbClient\u00bb id=\u00bb1631202494798-7&#8243; tab_id=\u00bb1631202494799-7&#8243; name=\u00bbPauli\u00bb][\/client][client image=\u00bb7229&#8243; title=\u00bbClient\u00bb id=\u00bb1631202494911-7&#8243; tab_id=\u00bb1631202494912-1&#8243; name=\u00bbhacina\u00bb][\/client][client image=\u00bb7230&#8243; title=\u00bbClient\u00bb id=\u00bb1631202494997-4&#8243; tab_id=\u00bb1631202494998-9&#8243; name=\u00bbAlber\u00bb][\/client][client image=\u00bb7231&#8243; title=\u00bbClient\u00bb id=\u00bb1631202495077-8&#8243; tab_id=\u00bb1631202495078-4&#8243; name=\u00bbsharff\u00bb][\/client][client image=\u00bb7232&#8243; title=\u00bbClient\u00bb id=\u00bb1631202495127-8&#8243; tab_id=\u00bb1631202495128-3&#8243; name=\u00bbfinnerty\u00bb][\/client][client image=\u00bb6896&#8243; title=\u00bbClient\u00bb id=\u00bb1631202495176-10&#8243; tab_id=\u00bb1631202495178-2&#8243; name=\u00bbMarcus\u00bb][\/client][client image=\u00bb6876&#8243; title=\u00bbClient\u00bb id=\u00bb1631202495229-9&#8243; tab_id=\u00bb1631202495230-0&#8243; name=\u00bbLDA\u00bb][\/client][client image=\u00bb7234&#8243; title=\u00bbClient\u00bb id=\u00bb1631202495289-7&#8243; tab_id=\u00bb1631202495290-2&#8243; name=\u00bbMeyer\u00bb][\/client][client image=\u00bb7235&#8243; title=\u00bbClient\u00bb id=\u00bb1631202495338-2&#8243; tab_id=\u00bb1631202495339-9&#8243; name=\u00bbColin\u00bb][\/client][client image=\u00bb7236&#8243; title=\u00bbClient\u00bb id=\u00bb1631202495402-8&#8243; tab_id=\u00bb1631202495405-7&#8243; name=\u00bbflorecer\u00bb][\/client][client image=\u00bb7237&#8243; title=\u00bbClient\u00bb id=\u00bb1631202495473-1&#8243; tab_id=\u00bb1631202495474-8&#8243; name=\u00bbluz\u00bb][\/client][client image=\u00bb7238&#8243; title=\u00bbClient\u00bb id=\u00bb1631202495545-9&#8243; tab_id=\u00bb1631202495546-9&#8243; name=\u00bbBotticelli\u00bb][\/client][client image=\u00bb7239&#8243; title=\u00bbClient\u00bb id=\u00bb1631202495595-10&#8243; tab_id=\u00bb1631202495596-0&#8243; name=\u00bbsuaves\u00bb][\/client][client image=\u00bb7240&#8243; title=\u00bbClient\u00bb id=\u00bb1631202495642-2&#8243; tab_id=\u00bb1631202495644-10&#8243; name=\u00bbjunco\u00bb][\/client][client image=\u00bb7242&#8243; title=\u00bbClient\u00bb id=\u00bb1631202495690-10&#8243; tab_id=\u00bb1631202495691-3&#8243; name=\u00bbLombardi\u00bb][\/client][client image=\u00bb7243&#8243; title=\u00bbClient\u00bb id=\u00bb1631202495743-9&#8243; tab_id=\u00bb1631202495743-0&#8243; name=\u00bbdoreve\u00bb][\/client][client image=\u00bb7244&#8243; title=\u00bbClient\u00bb id=\u00bb1631202495798-1&#8243; tab_id=\u00bb1631202495799-1&#8243; name=\u00bbJean\u00bb][\/client][client image=\u00bb7466&#8243; title=\u00bbClient\u00bb id=\u00bb1631202495876-5&#8243; tab_id=\u00bb1631202495877-3&#8243; name=\u00bbcs-ad\u00bb][\/client][\/clients][\/vc_column][\/vc_row][vc_row type=\u00bbin_container\u00bb full_screen_row_position=\u00bbmiddle\u00bb column_margin=\u00bbdefault\u00bb bg_image=\u00bb6642&#8243; bg_position=\u00bbleft top\u00bb bg_repeat=\u00bbno-repeat\u00bb bg_color=\u00bb#ffffff\u00bb scene_position=\u00bbcenter\u00bb text_color=\u00bbdark\u00bb text_align=\u00bbleft\u00bb top_padding=\u00bb15&#8243; bottom_padding=\u00bb30&#8243; class=\u00bbf-bg\u00bb overlay_strength=\u00bb0.3&#8243; shape_divider_position=\u00bbbottom\u00bb bg_image_animation=\u00bbnone\u00bb shape_type=\u00bb\u00bb][vc_column centered_text=\u00bbtrue\u00bb column_padding=\u00bbno-extra-padding\u00bb column_padding_position=\u00bball\u00bb background_color_opacity=\u00bb1&#8243; background_hover_color_opacity=\u00bb1&#8243; column_link_target=\u00bb_self\u00bb column_shadow=\u00bbnone\u00bb column_border_radius=\u00bbnone\u00bb width=\u00bb1\/1&#8243; tablet_width_inherit=\u00bbdefault\u00bb tablet_text_alignment=\u00bbdefault\u00bb phone_text_alignment=\u00bbdefault\u00bb overlay_strength=\u00bb0.3&#8243; column_border_width=\u00bbnone\u00bb column_border_style=\u00bbsolid\u00bb bg_image_animation=\u00bbnone\u00bb][image_with_animation image_url=\u00bb6213&#8243; alignment=\u00bbcenter\u00bb animation=\u00bbFade In\u00bb hover_animation=\u00bbnone\u00bb border_radius=\u00bbnone\u00bb box_shadow=\u00bbnone\u00bb image_loading=\u00bbdefault\u00bb max_width=\u00bb50%\u00bb max_width_mobile=\u00bbdefault\u00bb el_class=\u00bbarrow-down\u00bb margin_top=\u00bb0px\u00bb margin_bottom=\u00bb20px\u00bb][nectar_btn size=\u00bblarge\u00bb button_style=\u00bbsee-through\u00bb button_color_2=\u00bbAccent-Color\u00bb icon_family=\u00bb\u00bb url=\u00bbhttps:\/\/fhperry.com\/portfolio\/\u00bb text=\u00bbVer nuestro trabajo\u00bb][\/vc_column][\/vc_row][vc_row type=\u00bbfull_width_content\u00bb full_screen_row_position=\u00bbmiddle\u00bb column_margin=\u00bbdefault\u00bb bg_color=\u00bb#494949&#8243; scene_position=\u00bbcenter\u00bb text_color=\u00bblight\u00bb text_align=\u00bbleft\u00bb top_padding=\u00bb60&#8243; bottom_padding=\u00bb60&#8243; enable_gradient=\u00bbtrue\u00bb color_overlay=\u00bb#727272&#8243; color_overlay_2=\u00bb#515151&#8243; gradient_direction=\u00bbtop_to_bottom\u00bb overlay_strength=\u00bb1&#8243; shape_divider_position=\u00bbbottom\u00bb bg_image_animation=\u00bbnone\u00bb shape_type=\u00bb\u00bb][vc_column centered_text=\u00bbtrue\u00bb column_padding=\u00bbno-extra-padding\u00bb column_padding_position=\u00bbtop-bottom\u00bb background_color_opacity=\u00bb1&#8243; background_hover_color_opacity=\u00bb1&#8243; column_link_target=\u00bb_self\u00bb column_shadow=\u00bbnone\u00bb column_border_radius=\u00bbnone\u00bb width=\u00bb1\/1&#8243; tablet_width_inherit=\u00bbdefault\u00bb tablet_text_alignment=\u00bbdefault\u00bb phone_text_alignment=\u00bbdefault\u00bb overlay_strength=\u00bb0.3&#8243; column_border_width=\u00bbnone\u00bb column_border_style=\u00bbsolid\u00bb bg_image_animation=\u00bbnone\u00bb][vc_column_text css=\u00bb.vc_custom_1571764668601{border-top-width: 0px !important;border-top-color: rgba(255,255,255,0.11) !important;border-top-style: solid !important;}\u00bb]\n<h2>\u00bfC\u00f3mo podemos ayudarle a realizar su visi\u00f3n?<\/h2>\n[\/vc_column_text][vc_column_text css=\u00bb.vc_custom_1571773737849{padding-top: 20px !important;}\u00bb]<a class=\"nectar-button n-sc-button large see-through-2\"  href=\"https:\/\/fhperry.com\/contact-us\/\" data-color-override=\"false\" data-hover-color-override=\"false\" data-hover-text-color-override=\"#fff\"><span>Cont\u00e1ctenos<\/span><\/a>[\/vc_column_text][\/vc_column][\/vc_row]\n","protected":false},"excerpt":{"rendered":"<p>[vc_row type=\u00bbfull_width_background\u00bb full_screen_row_position=\u00bbmiddle\u00bb column_margin=\u00bbdefault\u00bb bg_image=\u00bb6642&#8243; bg_position=\u00bbright top\u00bb bg_repeat=\u00bbno-repeat\u00bb bg_color=\u00bb#ffffff\u00bb scene_position=\u00bbcenter\u00bb text_color=\u00bbdark\u00bb text_align=\u00bbcenter\u00bb top_padding=\u00bb60&#8243; bottom_padding=\u00bb20&#8243; class=\u00bbf-bg\u00bb overlay_strength=\u00bb0.3&#8243; shape_divider_position=\u00bbbottom\u00bb bg_image_animation=\u00bbnone\u00bb shape_type=\u00bb\u00bb][vc_column column_padding=\u00bbno-extra-padding\u00bb column_padding_position=\u00bball\u00bb background_color_opacity=\u00bb1&#8243; background_hover_color_opacity=\u00bb1&#8243; column_link_target=\u00bb_self\u00bb column_shadow=\u00bbnone\u00bb column_border_radius=\u00bbnone\u00bb width=\u00bb1\/1&#8243; tablet_width_inherit=\u00bbdefault\u00bb tablet_text_alignment=\u00bbdefault\u00bb phone_text_alignment=\u00bbdefault\u00bb&#8230;<\/p>\n","protected":false},"author":22,"featured_media":0,"parent":0,"menu_order":0,"comment_status":"closed","ping_status":"closed","template":"","meta":{"footnotes":""},"class_list":["post-12183","page","type-page","status-publish"],"yoast_head":"<!-- This site is optimized with the Yoast SEO plugin v27.1.1 - https:\/\/yoast.com\/product\/yoast-seo-wordpress\/ -->\n<title>Arquitectos - F.H. Perry Constructor<\/title>\n<meta name=\"robots\" content=\"index, follow, max-snippet:-1, max-image-preview:large, max-video-preview:-1\" \/>\n<link rel=\"canonical\" href=\"https:\/\/fhperry.com\/es\/arquitectos\/\" \/>\n<meta property=\"og:locale\" content=\"es_ES\" \/>\n<meta property=\"og:type\" content=\"article\" \/>\n<meta property=\"og:title\" content=\"Arquitectos - F.H. Perry Constructor\" \/>\n<meta property=\"og:description\" content=\"[vc_row type=\u00bbfull_width_background\u00bb full_screen_row_position=\u00bbmiddle\u00bb column_margin=\u00bbdefault\u00bb bg_image=\u00bb6642&#8243; bg_position=\u00bbright top\u00bb bg_repeat=\u00bbno-repeat\u00bb bg_color=\u00bb#ffffff\u00bb scene_position=\u00bbcenter\u00bb text_color=\u00bbdark\u00bb text_align=\u00bbcenter\u00bb top_padding=\u00bb60&#8243; bottom_padding=\u00bb20&#8243; class=\u00bbf-bg\u00bb overlay_strength=\u00bb0.3&#8243; shape_divider_position=\u00bbbottom\u00bb bg_image_animation=\u00bbnone\u00bb shape_type=\u00bb\u00bb][vc_column column_padding=\u00bbno-extra-padding\u00bb column_padding_position=\u00bball\u00bb background_color_opacity=\u00bb1&#8243; background_hover_color_opacity=\u00bb1&#8243; column_link_target=\u00bb_self\u00bb column_shadow=\u00bbnone\u00bb column_border_radius=\u00bbnone\u00bb width=\u00bb1\/1&#8243; tablet_width_inherit=\u00bbdefault\u00bb tablet_text_alignment=\u00bbdefault\u00bb phone_text_alignment=\u00bbdefault\u00bb...\" \/>\n<meta property=\"og:url\" content=\"https:\/\/fhperry.com\/es\/arquitectos\/\" \/>\n<meta property=\"og:site_name\" content=\"F.H. Perry Constructor\" \/>\n<meta property=\"article:modified_time\" content=\"2022-06-01T18:45:41+00:00\" \/>\n<meta name=\"twitter:label1\" content=\"Tiempo de lectura\" \/>\n\t<meta name=\"twitter:data1\" content=\"7 minutos\" \/>\n<script type=\"application\/ld+json\" class=\"yoast-schema-graph\">{\"@context\":\"https:\/\/schema.org\",\"@graph\":[{\"@type\":\"WebPage\",\"@id\":\"https:\/\/fhperry.com\/es\/arquitectos\/\",\"url\":\"https:\/\/fhperry.com\/es\/arquitectos\/\",\"name\":\"Arquitectos - F.H. Perry Constructor\",\"isPartOf\":{\"@id\":\"https:\/\/fhperry.com\/es\/#website\"},\"datePublished\":\"2020-02-12T16:27:37+00:00\",\"dateModified\":\"2022-06-01T18:45:41+00:00\",\"breadcrumb\":{\"@id\":\"https:\/\/fhperry.com\/es\/arquitectos\/#breadcrumb\"},\"inLanguage\":\"es\",\"potentialAction\":[{\"@type\":\"ReadAction\",\"target\":[\"https:\/\/fhperry.com\/es\/arquitectos\/\"]}]},{\"@type\":\"BreadcrumbList\",\"@id\":\"https:\/\/fhperry.com\/es\/arquitectos\/#breadcrumb\",\"itemListElement\":[{\"@type\":\"ListItem\",\"position\":1,\"name\":\"Hogar\",\"item\":\"https:\/\/fhperry.com\/es\/copia-casera-2\/\"},{\"@type\":\"ListItem\",\"position\":2,\"name\":\"Arquitectos\"}]},{\"@type\":\"WebSite\",\"@id\":\"https:\/\/fhperry.com\/es\/#website\",\"url\":\"https:\/\/fhperry.com\/es\/\",\"name\":\"F.H. Perry Constructor\",\"description\":\"\",\"potentialAction\":[{\"@type\":\"SearchAction\",\"target\":{\"@type\":\"EntryPoint\",\"urlTemplate\":\"https:\/\/fhperry.com\/es\/?s={search_term_string}\"},\"query-input\":{\"@type\":\"PropertyValueSpecification\",\"valueRequired\":true,\"valueName\":\"search_term_string\"}}],\"inLanguage\":\"es\"}]}<\/script>\n<!-- \/ Yoast SEO plugin. -->","yoast_head_json":{"title":"Arquitectos - F.H. Perry Constructor","robots":{"index":"index","follow":"follow","max-snippet":"max-snippet:-1","max-image-preview":"max-image-preview:large","max-video-preview":"max-video-preview:-1"},"canonical":"https:\/\/fhperry.com\/es\/arquitectos\/","og_locale":"es_ES","og_type":"article","og_title":"Arquitectos - F.H. Perry Constructor","og_description":"[vc_row type=\u00bbfull_width_background\u00bb full_screen_row_position=\u00bbmiddle\u00bb column_margin=\u00bbdefault\u00bb bg_image=\u00bb6642&#8243; bg_position=\u00bbright top\u00bb bg_repeat=\u00bbno-repeat\u00bb bg_color=\u00bb#ffffff\u00bb scene_position=\u00bbcenter\u00bb text_color=\u00bbdark\u00bb text_align=\u00bbcenter\u00bb top_padding=\u00bb60&#8243; bottom_padding=\u00bb20&#8243; class=\u00bbf-bg\u00bb overlay_strength=\u00bb0.3&#8243; shape_divider_position=\u00bbbottom\u00bb bg_image_animation=\u00bbnone\u00bb shape_type=\u00bb\u00bb][vc_column column_padding=\u00bbno-extra-padding\u00bb column_padding_position=\u00bball\u00bb background_color_opacity=\u00bb1&#8243; background_hover_color_opacity=\u00bb1&#8243; column_link_target=\u00bb_self\u00bb column_shadow=\u00bbnone\u00bb column_border_radius=\u00bbnone\u00bb width=\u00bb1\/1&#8243; tablet_width_inherit=\u00bbdefault\u00bb tablet_text_alignment=\u00bbdefault\u00bb phone_text_alignment=\u00bbdefault\u00bb...","og_url":"https:\/\/fhperry.com\/es\/arquitectos\/","og_site_name":"F.H. Perry Constructor","article_modified_time":"2022-06-01T18:45:41+00:00","twitter_misc":{"Tiempo de lectura":"7 minutos"},"schema":{"@context":"https:\/\/schema.org","@graph":[{"@type":"WebPage","@id":"https:\/\/fhperry.com\/es\/arquitectos\/","url":"https:\/\/fhperry.com\/es\/arquitectos\/","name":"Arquitectos - F.H. Perry Constructor","isPartOf":{"@id":"https:\/\/fhperry.com\/es\/#website"},"datePublished":"2020-02-12T16:27:37+00:00","dateModified":"2022-06-01T18:45:41+00:00","breadcrumb":{"@id":"https:\/\/fhperry.com\/es\/arquitectos\/#breadcrumb"},"inLanguage":"es","potentialAction":[{"@type":"ReadAction","target":["https:\/\/fhperry.com\/es\/arquitectos\/"]}]},{"@type":"BreadcrumbList","@id":"https:\/\/fhperry.com\/es\/arquitectos\/#breadcrumb","itemListElement":[{"@type":"ListItem","position":1,"name":"Hogar","item":"https:\/\/fhperry.com\/es\/copia-casera-2\/"},{"@type":"ListItem","position":2,"name":"Arquitectos"}]},{"@type":"WebSite","@id":"https:\/\/fhperry.com\/es\/#website","url":"https:\/\/fhperry.com\/es\/","name":"F.H. Perry Constructor","description":"","potentialAction":[{"@type":"SearchAction","target":{"@type":"EntryPoint","urlTemplate":"https:\/\/fhperry.com\/es\/?s={search_term_string}"},"query-input":{"@type":"PropertyValueSpecification","valueRequired":true,"valueName":"search_term_string"}}],"inLanguage":"es"}]}},"_links":{"self":[{"href":"https:\/\/fhperry.com\/es\/wp-json\/wp\/v2\/pages\/12183","targetHints":{"allow":["GET"]}}],"collection":[{"href":"https:\/\/fhperry.com\/es\/wp-json\/wp\/v2\/pages"}],"about":[{"href":"https:\/\/fhperry.com\/es\/wp-json\/wp\/v2\/types\/page"}],"author":[{"embeddable":true,"href":"https:\/\/fhperry.com\/es\/wp-json\/wp\/v2\/users\/22"}],"replies":[{"embeddable":true,"href":"https:\/\/fhperry.com\/es\/wp-json\/wp\/v2\/comments?post=12183"}],"version-history":[{"count":2,"href":"https:\/\/fhperry.com\/es\/wp-json\/wp\/v2\/pages\/12183\/revisions"}],"predecessor-version":[{"id":12206,"href":"https:\/\/fhperry.com\/es\/wp-json\/wp\/v2\/pages\/12183\/revisions\/12206"}],"wp:attachment":[{"href":"https:\/\/fhperry.com\/es\/wp-json\/wp\/v2\/media?parent=12183"}],"curies":[{"name":"wp","href":"https:\/\/api.w.org\/{rel}","templated":true}]}}