{"id":12152,"date":"2019-10-21T19:26:54","date_gmt":"2019-10-21T19:26:54","guid":{"rendered":"https:\/\/fhperry.com\/banos\/"},"modified":"2022-06-01T18:45:35","modified_gmt":"2022-06-01T18:45:35","slug":"banos","status":"publish","type":"page","link":"https:\/\/fhperry.com\/es\/banos\/","title":{"rendered":"Ba\u00f1os"},"content":{"rendered":"[vc_row type=\u00bbfull_width_content\u00bb full_screen_row_position=\u00bbmiddle\u00bb column_margin=\u00bbdefault\u00bb bg_image=\u00bb6642&#8243; bg_position=\u00bbright top\u00bb bg_repeat=\u00bbno-repeat\u00bb bg_color=\u00bb#ffffff\u00bb scene_position=\u00bbcenter\u00bb text_color=\u00bbdark\u00bb text_align=\u00bbcenter\u00bb top_padding=\u00bb60&#8243; bottom_padding=\u00bb20&#8243; class=\u00bbf-bg\u00bb overlay_strength=\u00bb0.3&#8243; shape_divider_position=\u00bbbottom\u00bb bg_image_animation=\u00bbnone\u00bb shape_type=\u00bb\u00bb][vc_column column_padding=\u00bbno-extra-padding\u00bb column_padding_position=\u00bball\u00bb background_color_opacity=\u00bb1&#8243; background_hover_color_opacity=\u00bb1&#8243; column_link_target=\u00bb_self\u00bb column_shadow=\u00bbnone\u00bb column_border_radius=\u00bbnone\u00bb width=\u00bb1\/1&#8243; tablet_width_inherit=\u00bbdefault\u00bb tablet_text_alignment=\u00bbdefault\u00bb phone_text_alignment=\u00bbdefault\u00bb overlay_strength=\u00bb0.3&#8243; column_border_width=\u00bbnone\u00bb column_border_style=\u00bbsolid\u00bb bg_image_animation=\u00bbnone\u00bb][vc_row_inner column_margin=\u00bbnone\u00bb bottom_padding=\u00bb15&#8243; text_align=\u00bbleft\u00bb][vc_column_inner column_padding=\u00bbno-extra-padding\u00bb column_padding_position=\u00bbbottom\u00bb background_color_opacity=\u00bb1&#8243; background_hover_color_opacity=\u00bb1&#8243; column_shadow=\u00bbnone\u00bb column_border_radius=\u00bbnone\u00bb column_link_target=\u00bb_self\u00bb width=\u00bb1\/1&#8243; tablet_width_inherit=\u00bbdefault\u00bb overlay_strength=\u00bb0.3&#8243; column_border_width=\u00bbnone\u00bb column_border_style=\u00bbsolid\u00bb bg_image_animation=\u00bbnone\u00bb enable_animation=\u00bbtrue\u00bb animation=\u00bbfade-in-from-bottom\u00bb delay=\u00bb200&#8243;][vc_column_text css=\u00bb.vc_custom_1571687317545{padding-top: 20px !important;}\u00bb max_width=\u00bb800&#8243;]No es que ninguno de nosotros realmente quiera pensar expresamente en un ba\u00f1o, es tan personal despu\u00e9s de todo, pero es donde comienzas y terminas tu d\u00eda, todos los d\u00edas. As\u00ed que creemos que te mereces que sea tan bonito como funcional.<\/p>\n<p>Desde el concepto hasta la creaci\u00f3n, prestaremos mucha atenci\u00f3n a cada detalle elegante y cada acabado distintivo que har\u00e1 que este espacio sea seguro y f\u00e1cil. Las l\u00edneas de lechada deben ser perfectas, los inodoros discretos, las v\u00e1lvulas de ducha se alinean f\u00e1cilmente con el patr\u00f3n de baldosas. La iluminaci\u00f3n debe hacerte hermosa, el piso debe mantenerte caliente, los fregaderos y las ba\u00f1eras deben ser pr\u00e1cticos y encantadores.<\/p>\n<p>Vemos el punto final entre las primeras pilas de accesorios viejos demolidos y lo llevaremos all\u00ed a trav\u00e9s de maquetas, muestras y verificaciones de la realidad; esta habitaci\u00f3n es demasiado importante para no hacerlo.[\/vc_column_text][image_with_animation image_url=\u00bb6213&#8243; alignment=\u00bbcenter\u00bb animation=\u00bbFade In\u00bb hover_animation=\u00bbnone\u00bb border_radius=\u00bbnone\u00bb box_shadow=\u00bbnone\u00bb image_loading=\u00bbdefault\u00bb max_width=\u00bb50%\u00bb max_width_mobile=\u00bbdefault\u00bb el_class=\u00bbarrow-down\u00bb margin_bottom=\u00bb30&#8243;][vc_gallery type=\u00bbimage_grid\u00bb images=\u00bb6796,6797,6798,6799,6800,6801,6802,6803,6804,6805,6806,6807,6808,6809,6810,6811,6812,6813,6814,6815,6816,6817,6818&#8243; layout=\u00bbfullwidth\u00bb item_spacing=\u00bbdefault\u00bb gallery_style=\u00bb7&#8243; load_in_animation=\u00bbfade_in\u00bb][\/vc_column_inner][\/vc_row_inner][\/vc_column][\/vc_row][vc_row type=\u00bbfull_width_content\u00bb full_screen_row_position=\u00bbmiddle\u00bb column_margin=\u00bbdefault\u00bb bg_color=\u00bb#494949&#8243; scene_position=\u00bbcenter\u00bb text_color=\u00bblight\u00bb text_align=\u00bbleft\u00bb top_padding=\u00bb60&#8243; bottom_padding=\u00bb60&#8243; enable_gradient=\u00bbtrue\u00bb color_overlay=\u00bb#727272&#8243; color_overlay_2=\u00bb#515151&#8243; gradient_direction=\u00bbtop_to_bottom\u00bb overlay_strength=\u00bb1&#8243; shape_divider_position=\u00bbbottom\u00bb bg_image_animation=\u00bbnone\u00bb shape_type=\u00bb\u00bb][vc_column centered_text=\u00bbtrue\u00bb column_padding=\u00bbno-extra-padding\u00bb column_padding_position=\u00bbtop-bottom\u00bb background_color_opacity=\u00bb1&#8243; background_hover_color_opacity=\u00bb1&#8243; column_link_target=\u00bb_self\u00bb column_shadow=\u00bbnone\u00bb column_border_radius=\u00bbnone\u00bb width=\u00bb1\/1&#8243; tablet_width_inherit=\u00bbdefault\u00bb tablet_text_alignment=\u00bbdefault\u00bb phone_text_alignment=\u00bbdefault\u00bb overlay_strength=\u00bb0.3&#8243; column_border_width=\u00bbnone\u00bb column_border_style=\u00bbsolid\u00bb bg_image_animation=\u00bbnone\u00bb][vc_column_text css=\u00bb.vc_custom_1571764668601{border-top-width: 0px !important;border-top-color: rgba(255,255,255,0.11) !important;border-top-style: solid !important;}\u00bb]\n<h2>\u00bfC\u00f3mo podemos ayudarle a realizar su visi\u00f3n?<\/h2>\n[\/vc_column_text][vc_column_text css=\u00bb.vc_custom_1571773737849{padding-top: 20px !important;}\u00bb]<a class=\"nectar-button n-sc-button large see-through-2\"  href=\"https:\/\/fhperry.com\/contact-us\/\" data-color-override=\"false\" data-hover-color-override=\"false\" data-hover-text-color-override=\"#fff\"><span>Cont\u00e1ctenos<\/span><\/a>[\/vc_column_text][\/vc_column][\/vc_row]\n","protected":false},"excerpt":{"rendered":"<p>[vc_row type=\u00bbfull_width_content\u00bb full_screen_row_position=\u00bbmiddle\u00bb column_margin=\u00bbdefault\u00bb bg_image=\u00bb6642&#8243; bg_position=\u00bbright top\u00bb bg_repeat=\u00bbno-repeat\u00bb bg_color=\u00bb#ffffff\u00bb scene_position=\u00bbcenter\u00bb text_color=\u00bbdark\u00bb text_align=\u00bbcenter\u00bb top_padding=\u00bb60&#8243; bottom_padding=\u00bb20&#8243; class=\u00bbf-bg\u00bb overlay_strength=\u00bb0.3&#8243; shape_divider_position=\u00bbbottom\u00bb bg_image_animation=\u00bbnone\u00bb shape_type=\u00bb\u00bb][vc_column column_padding=\u00bbno-extra-padding\u00bb column_padding_position=\u00bball\u00bb background_color_opacity=\u00bb1&#8243; background_hover_color_opacity=\u00bb1&#8243; column_link_target=\u00bb_self\u00bb column_shadow=\u00bbnone\u00bb column_border_radius=\u00bbnone\u00bb width=\u00bb1\/1&#8243; tablet_width_inherit=\u00bbdefault\u00bb tablet_text_alignment=\u00bbdefault\u00bb phone_text_alignment=\u00bbdefault\u00bb&#8230;<\/p>\n","protected":false},"author":22,"featured_media":0,"parent":0,"menu_order":0,"comment_status":"closed","ping_status":"closed","template":"","meta":{"footnotes":""},"class_list":["post-12152","page","type-page","status-publish"],"yoast_head":"<!-- This site is optimized with the Yoast SEO plugin v27.3 - https:\/\/yoast.com\/product\/yoast-seo-wordpress\/ -->\n<title>Ba\u00f1os - F.H. Perry Constructor<\/title>\n<meta name=\"robots\" content=\"index, follow, max-snippet:-1, max-image-preview:large, max-video-preview:-1\" \/>\n<link rel=\"canonical\" href=\"https:\/\/fhperry.com\/es\/banos\/\" \/>\n<meta property=\"og:locale\" content=\"es_ES\" \/>\n<meta property=\"og:type\" content=\"article\" \/>\n<meta property=\"og:title\" content=\"Ba\u00f1os - F.H. Perry Constructor\" \/>\n<meta property=\"og:description\" content=\"[vc_row type=\u00bbfull_width_content\u00bb full_screen_row_position=\u00bbmiddle\u00bb column_margin=\u00bbdefault\u00bb bg_image=\u00bb6642&#8243; bg_position=\u00bbright top\u00bb bg_repeat=\u00bbno-repeat\u00bb bg_color=\u00bb#ffffff\u00bb scene_position=\u00bbcenter\u00bb text_color=\u00bbdark\u00bb text_align=\u00bbcenter\u00bb top_padding=\u00bb60&#8243; bottom_padding=\u00bb20&#8243; class=\u00bbf-bg\u00bb overlay_strength=\u00bb0.3&#8243; shape_divider_position=\u00bbbottom\u00bb bg_image_animation=\u00bbnone\u00bb shape_type=\u00bb\u00bb][vc_column column_padding=\u00bbno-extra-padding\u00bb column_padding_position=\u00bball\u00bb background_color_opacity=\u00bb1&#8243; background_hover_color_opacity=\u00bb1&#8243; column_link_target=\u00bb_self\u00bb column_shadow=\u00bbnone\u00bb column_border_radius=\u00bbnone\u00bb width=\u00bb1\/1&#8243; tablet_width_inherit=\u00bbdefault\u00bb tablet_text_alignment=\u00bbdefault\u00bb phone_text_alignment=\u00bbdefault\u00bb...\" \/>\n<meta property=\"og:url\" content=\"https:\/\/fhperry.com\/es\/banos\/\" \/>\n<meta property=\"og:site_name\" content=\"F.H. Perry Constructor\" \/>\n<meta property=\"article:modified_time\" content=\"2022-06-01T18:45:35+00:00\" \/>\n<meta name=\"twitter:label1\" content=\"Tiempo de lectura\" \/>\n\t<meta name=\"twitter:data1\" content=\"3 minutos\" \/>\n<script type=\"application\/ld+json\" class=\"yoast-schema-graph\">{\"@context\":\"https:\\\/\\\/schema.org\",\"@graph\":[{\"@type\":\"WebPage\",\"@id\":\"https:\\\/\\\/fhperry.com\\\/es\\\/banos\\\/\",\"url\":\"https:\\\/\\\/fhperry.com\\\/es\\\/banos\\\/\",\"name\":\"Ba\u00f1os - F.H. Perry Constructor\",\"isPartOf\":{\"@id\":\"https:\\\/\\\/fhperry.com\\\/es\\\/#website\"},\"datePublished\":\"2019-10-21T19:26:54+00:00\",\"dateModified\":\"2022-06-01T18:45:35+00:00\",\"breadcrumb\":{\"@id\":\"https:\\\/\\\/fhperry.com\\\/es\\\/banos\\\/#breadcrumb\"},\"inLanguage\":\"es\",\"potentialAction\":[{\"@type\":\"ReadAction\",\"target\":[\"https:\\\/\\\/fhperry.com\\\/es\\\/banos\\\/\"]}]},{\"@type\":\"BreadcrumbList\",\"@id\":\"https:\\\/\\\/fhperry.com\\\/es\\\/banos\\\/#breadcrumb\",\"itemListElement\":[{\"@type\":\"ListItem\",\"position\":1,\"name\":\"Hogar\",\"item\":\"https:\\\/\\\/fhperry.com\\\/es\\\/copia-casera-2\\\/\"},{\"@type\":\"ListItem\",\"position\":2,\"name\":\"Ba\u00f1os\"}]},{\"@type\":\"WebSite\",\"@id\":\"https:\\\/\\\/fhperry.com\\\/es\\\/#website\",\"url\":\"https:\\\/\\\/fhperry.com\\\/es\\\/\",\"name\":\"F.H. Perry Constructor\",\"description\":\"\",\"potentialAction\":[{\"@type\":\"SearchAction\",\"target\":{\"@type\":\"EntryPoint\",\"urlTemplate\":\"https:\\\/\\\/fhperry.com\\\/es\\\/?s={search_term_string}\"},\"query-input\":{\"@type\":\"PropertyValueSpecification\",\"valueRequired\":true,\"valueName\":\"search_term_string\"}}],\"inLanguage\":\"es\"}]}<\/script>\n<!-- \/ Yoast SEO plugin. -->","yoast_head_json":{"title":"Ba\u00f1os - F.H. Perry Constructor","robots":{"index":"index","follow":"follow","max-snippet":"max-snippet:-1","max-image-preview":"max-image-preview:large","max-video-preview":"max-video-preview:-1"},"canonical":"https:\/\/fhperry.com\/es\/banos\/","og_locale":"es_ES","og_type":"article","og_title":"Ba\u00f1os - F.H. Perry Constructor","og_description":"[vc_row type=\u00bbfull_width_content\u00bb full_screen_row_position=\u00bbmiddle\u00bb column_margin=\u00bbdefault\u00bb bg_image=\u00bb6642&#8243; bg_position=\u00bbright top\u00bb bg_repeat=\u00bbno-repeat\u00bb bg_color=\u00bb#ffffff\u00bb scene_position=\u00bbcenter\u00bb text_color=\u00bbdark\u00bb text_align=\u00bbcenter\u00bb top_padding=\u00bb60&#8243; bottom_padding=\u00bb20&#8243; class=\u00bbf-bg\u00bb overlay_strength=\u00bb0.3&#8243; shape_divider_position=\u00bbbottom\u00bb bg_image_animation=\u00bbnone\u00bb shape_type=\u00bb\u00bb][vc_column column_padding=\u00bbno-extra-padding\u00bb column_padding_position=\u00bball\u00bb background_color_opacity=\u00bb1&#8243; background_hover_color_opacity=\u00bb1&#8243; column_link_target=\u00bb_self\u00bb column_shadow=\u00bbnone\u00bb column_border_radius=\u00bbnone\u00bb width=\u00bb1\/1&#8243; tablet_width_inherit=\u00bbdefault\u00bb tablet_text_alignment=\u00bbdefault\u00bb phone_text_alignment=\u00bbdefault\u00bb...","og_url":"https:\/\/fhperry.com\/es\/banos\/","og_site_name":"F.H. Perry Constructor","article_modified_time":"2022-06-01T18:45:35+00:00","twitter_misc":{"Tiempo de lectura":"3 minutos"},"schema":{"@context":"https:\/\/schema.org","@graph":[{"@type":"WebPage","@id":"https:\/\/fhperry.com\/es\/banos\/","url":"https:\/\/fhperry.com\/es\/banos\/","name":"Ba\u00f1os - F.H. Perry Constructor","isPartOf":{"@id":"https:\/\/fhperry.com\/es\/#website"},"datePublished":"2019-10-21T19:26:54+00:00","dateModified":"2022-06-01T18:45:35+00:00","breadcrumb":{"@id":"https:\/\/fhperry.com\/es\/banos\/#breadcrumb"},"inLanguage":"es","potentialAction":[{"@type":"ReadAction","target":["https:\/\/fhperry.com\/es\/banos\/"]}]},{"@type":"BreadcrumbList","@id":"https:\/\/fhperry.com\/es\/banos\/#breadcrumb","itemListElement":[{"@type":"ListItem","position":1,"name":"Hogar","item":"https:\/\/fhperry.com\/es\/copia-casera-2\/"},{"@type":"ListItem","position":2,"name":"Ba\u00f1os"}]},{"@type":"WebSite","@id":"https:\/\/fhperry.com\/es\/#website","url":"https:\/\/fhperry.com\/es\/","name":"F.H. Perry Constructor","description":"","potentialAction":[{"@type":"SearchAction","target":{"@type":"EntryPoint","urlTemplate":"https:\/\/fhperry.com\/es\/?s={search_term_string}"},"query-input":{"@type":"PropertyValueSpecification","valueRequired":true,"valueName":"search_term_string"}}],"inLanguage":"es"}]}},"_links":{"self":[{"href":"https:\/\/fhperry.com\/es\/wp-json\/wp\/v2\/pages\/12152","targetHints":{"allow":["GET"]}}],"collection":[{"href":"https:\/\/fhperry.com\/es\/wp-json\/wp\/v2\/pages"}],"about":[{"href":"https:\/\/fhperry.com\/es\/wp-json\/wp\/v2\/types\/page"}],"author":[{"embeddable":true,"href":"https:\/\/fhperry.com\/es\/wp-json\/wp\/v2\/users\/22"}],"replies":[{"embeddable":true,"href":"https:\/\/fhperry.com\/es\/wp-json\/wp\/v2\/comments?post=12152"}],"version-history":[{"count":2,"href":"https:\/\/fhperry.com\/es\/wp-json\/wp\/v2\/pages\/12152\/revisions"}],"predecessor-version":[{"id":12177,"href":"https:\/\/fhperry.com\/es\/wp-json\/wp\/v2\/pages\/12152\/revisions\/12177"}],"wp:attachment":[{"href":"https:\/\/fhperry.com\/es\/wp-json\/wp\/v2\/media?parent=12152"}],"curies":[{"name":"wp","href":"https:\/\/api.w.org\/{rel}","templated":true}]}}